{"id":173,"date":"2014-12-10T13:44:23","date_gmt":"2014-12-10T13:44:23","guid":{"rendered":"http:\/\/pixelgrade.com\/demos\/mies\/?page_id=173"},"modified":"2017-01-31T15:26:25","modified_gmt":"2017-01-31T14:26:25","slug":"o-firme","status":"publish","type":"page","link":"https:\/\/nobl.cz\/kancelarsky-nabytek\/o-firme\/","title":{"rendered":"O Firm\u011b NO+BL"},"content":{"rendered":"\t<div  class=\"row container \">\n<div class=\"small-12    large-12  columns   \"  ><div class=\"column-inner\"  >\n<p style=\"text-align: justify;\"><img decoding=\"async\" src=\"http:\/\/www.nobl-praha.cz\/imgs\/petr_novak.jpg\" align=\"left\" hspace=\"10\" \/> Firma NO+BL <strong>Kancel\u00e1\u0159sk\u00fd n\u00e1bytek<\/strong> je zaveden\u00e1, ryze \u010desk\u00e1 spole\u010dnost, kter\u00e1 vznikla ji\u017e v roce 1990 jako projektov\u00e9 studio, zab\u00fdvaj\u00edc\u00ed se interi\u00e9rovou tvorbou. V roce 1992 zakladatel a majitel firmy, Ing. arch. Petr Nov\u00e1k, vyprojektoval a zrealizoval v\u00fdrobu n\u00e1bytkov\u00e9ho syst\u00e9mu s n\u00e1zvem <a href=\"http:\/\/nobl.cz\/kancelarsky-nabytek\/sortiment\/kancelarsky-nabytek-nobl\/kancelarsky-nabytek-sef\/\"><strong>\u0160\u00c9F<\/strong><\/a>. Tato typov\u00e1 \u0159ada se stala z\u00e1kladem \u00fasp\u011bchu a pomohla NO+BL <strong>Kancel\u00e1\u0159sk\u00fd n\u00e1bytek<\/strong> za\u0159adit mezi p\u011bt nejv\u00fdznamn\u011bj\u0161\u00edch dodavatel\u016f pro <a href=\"http:\/\/www.nobl.cz\/kancelarsky-nabytek\/\"><strong>kancel\u00e1\u0159sk\u00fd n\u00e1bytek<\/strong><\/a> v \u010cesk\u00e9 republice. V sou\u010dasn\u00e9 dob\u011b m\u00e1 NO+BL <strong>Kancel\u00e1\u0159sk\u00fd n\u00e1bytek<\/strong> s\u00eddlo v Praze 8 a partnersk\u00e9 pobo\u010dky na Praze 5, v Plzni a v \u017damberku.<\/p>\n<p style=\"text-align: justify;\"><img loading=\"lazy\" decoding=\"async\" class=\"size-full wp-image-5545 alignright\" src=\"http:\/\/nobl.cz\/kancelarsky-nabytek\/wp-content\/uploads\/2016\/05\/f3.jpg\" alt=\"f3\" width=\"507\" height=\"380\" \/>Str\u00e1nky, kter\u00e9 m\u00e1te v t\u00e9to chv\u00edli otev\u0159eny jsou vytvo\u0159eny tak, aby umo\u017enily z\u00edskat p\u0159ehled o cel\u00e9m sortimentu s\u00e9riov\u00e9ho n\u00e1bytku, kter\u00fd je v sou\u010dasn\u00e9 dob\u011b firmou NO+BL <strong>Kancel\u00e1\u0159sk\u00fd n\u00e1bytek<\/strong> nab\u00edzen<\/p>\n<p style=\"text-align: justify;\">Z\u00e1rove\u0148 V\u00e1m p\u0159edstavujeme na\u0161e mo\u017enosti p\u0159i navrhov\u00e1n\u00ed Va\u0161ich interi\u00e9r\u016f \u010di pro V\u00e1\u0161 <a href=\"http:\/\/www.nobl.cz\/kancelarsky-nabytek\/\"><strong>kancel\u00e1\u0159sk\u00fd n\u00e1bytek<\/strong><\/a>. Z na\u0161\u00ed nab\u00eddky je patrn\u00e9, \u017ee nab\u00edz\u00edme cel\u00e9 interi\u00e9ry, v\u010detn\u011b zak\u00e1zkov\u00fdch atypick\u00fdch prvk\u016f. Term\u00edny dod\u00e1n\u00ed jsou od t\u0159\u00ed dn\u016f do p\u011bti t\u00fddn\u016f. Z\u00e1ru\u010dn\u00ed lh\u016fty jsou od 24 do 72 m\u011bs\u00edc\u016f.<\/p>\n<p style=\"text-align: justify;\">Podrobn\u011bj\u0161\u00ed informace z\u00edsk\u00e1te na telefonn\u00edch \u010d\u00edslech \u00a0nebo dotazem na <a href=\"mailto:obchod@nobl.cz\">obchod@nobl.cz<\/a>. Va\u0161e e-mailov\u00e9 dotazy budou zodpov\u011bzeny do 24 hodin.<\/p>\n<p>&nbsp;<\/p>\n<p><strong>HISTORIE FIRMY<\/strong><\/p>\n<ul>\n<li><strong>1974<\/strong> &#8211; Arch. Petr Nov\u00e1k vyu\u010den truhl\u00e1\u0159em, v dru\u017estvu Bytov\u00e1 tvorba,<\/li>\n<li><strong>1977<\/strong> &#8211; Arch. Petr Nov\u00e1k maturuje na st\u0159edn\u00ed um\u011bleckopr\u016fmyslov\u00e9 \u0161kole-obor konstrukce a tvorba n\u00e1bytku,<\/li>\n<li><strong>1982<\/strong> &#8211; Arch. Petr Nov\u00e1k absolvuje Fakultu architektury \u010cVUT Praha,<\/li>\n<li><strong>1982\u20131989<\/strong> &#8211; Arch. Petr Nov\u00e1k zam\u011bstn\u00e1n ve St\u00e1tn\u00edm \u00fastavu pro rekonstrukci pam\u00e1tkov\u00fdch m\u011bst a objekt\u016f jako projektant interi\u00e9r\u016f-pr\u00e1ce na mnoha interi\u00e9rech p\u0159edev\u0161\u00edm rekonstrukce \u010cNR &#8211; nyn\u00ed parlament \u010cR,<\/li>\n<li><strong>1989<\/strong> &#8211; odchod na svobodn\u00e9 povol\u00e1n\u00ed-interi\u00e9rov\u00fd architekt, zalo\u017een\u00ed firmy NO+BL jako projektov\u00e9 kancel\u00e1\u0159e s arch. Janem Bla\u017ekem, z tohoto spojen\u00ed\u00a0 vznikl n\u00e1zev NO+BL<\/li>\n<li><strong>1990<\/strong> &#8211; zalo\u017een\u00ed samostatn\u00e9 firmy NO+BL Prodej d\u0159eva s. r. o, kter\u00e1 se specializuje na prodej palubek, podlah a lat\u00ed,<\/li>\n<li><strong>1992<\/strong> &#8211; rozchod s arch. Bla\u017ekem, samostatn\u00e9 n\u00e1vrhy kancel\u00e1\u0159sk\u00e9ho n\u00e1bytku, prvn\u00ed v\u00fdstava n\u00e1bytku \u0160\u00c9F, specializace firmy na kancel\u00e1\u0159sk\u00e9 interi\u00e9ry,<\/li>\n<li><strong>1993<\/strong> &#8211; desetin\u00e1sobn\u00e9 zv\u00fd\u0161en\u00ed obratu firmy, profilov\u00e1n\u00ed a stabilizace firmy na trhu,<\/li>\n<li><strong>1994<\/strong> &#8211; stavba a otev\u0159en\u00ed nov\u00e9ho s\u00eddla firmy (1 000 m\u00b2) v Praze 9, z\u00edsk\u00e1n\u00ed zna\u010dky CZECH MADE,<\/li>\n<li><strong>1995<\/strong> &#8211; st\u00e1l\u00fd r\u016fst obratu, v\u00fdroba nov\u00fdch \u0159ad Prezident a Partner, prvn\u00ed v\u00fdvozy, otev\u0159en\u00ed druh\u00e9 prodejny na Sm\u00edchov\u011b,<\/li>\n<li><strong>1996\u20131999<\/strong> &#8211; postupn\u00e9 zvy\u0161ov\u00e1n\u00ed obrat\u016f spojen\u00e9 s dod\u00e1vkami v\u011bt\u0161\u00edch investi\u010dn\u00edch akc\u00ed (KB, \u010cS, Ministerstva, EGAP, Czech Invest\u2026), po\u010d\u00e1tek v\u00fdroby vlastn\u00edch \u017eidl\u00ed, otev\u0159en\u00ed pobo\u010dky v Plzni, nov\u00e1 \u0159ada Klient s p\u00e1te\u0159ovou podno\u017e\u00ed,<\/li>\n<li><strong>2000<\/strong> &#8211; z\u00edsk\u00e1n\u00ed a realizace zat\u00edm nejpresti\u017en\u011bj\u0161\u00ed zak\u00e1zky (reprezenta\u010dn\u00ed prostory Sen\u00e1tu \u010cR), pl\u00e1nov\u00e1n\u00ed expanze na spot\u0159ebitelsk\u00fd trh, podpis smlouvy na novou prodejnu na \u010cern\u00e9m Most\u011b,<\/li>\n<li><strong>2001<\/strong> &#8211; srpen, otev\u0159en\u00ed nejv\u011bt\u0161\u00ed specializovan\u00e9 prodejny s kancel\u00e1\u0159sk\u00fdm n\u00e1bytkem v \u010cR,<\/li>\n<li><strong>2002<\/strong> &#8211; duben &#8211; \u00fasp\u011b\u0161n\u00e1 m\u00edstn\u00ed v\u00fdstava \u017didle 2002,<\/li>\n<li><strong>2003<\/strong> &#8211; obchodn\u011b nej\u00fasp\u011b\u0161n\u011bj\u0161\u00ed rok v nov\u00e9 prodejn\u011b,<\/li>\n<li><strong>2004<\/strong> &#8211; uveden\u00ed nov\u00fdch n\u00e1bytkov\u00fdch \u0159ad X-line a Premier.<\/li>\n<li><strong>2005<\/strong> &#8211; zalo\u017een\u00ed dce\u0159in\u00e9 firmy JESPEN s.r.o., kter\u00e1 se specializuje na luxusn\u00ed bytov\u00e9 interi\u00e9ry a na d\u011btsk\u00fd n\u00e1bytek ZALF.<\/li>\n<li><strong>2010<\/strong> &#8211; p\u0159est\u011bhov\u00e1n\u00ed firmy do prostor Futurama Bussines Parku na Invalidovn\u011b<\/li>\n<li><strong>2015<\/strong> &#8211; p\u0159est\u011bhov\u00e1n\u00ed prodejny do prostor p\u0159\u00edmo na Sokolovsk\u00e9 ulici bl\u00ed\u017ee Palmovce<\/li>\n<\/ul>\n<p>&nbsp;<\/p>\n<p>Za firmu NO+BL se na \u00fasp\u011b\u0161nou spolupr\u00e1ci t\u011b\u0161\u00ed<\/p>\n<p>Ing. arch. Petr Nov\u00e1k &#8211; majitel NO+BL<\/p>\n<p>&nbsp;<\/p>\n<\/div><\/div>\n<\/div>\n  \n","protected":false},"excerpt":{"rendered":"","protected":false},"author":2,"featured_media":0,"parent":0,"menu_order":4,"comment_status":"closed","ping_status":"closed","template":"","meta":{"footnotes":""},"yoast_head":"<!-- This site is optimized with the Yoast SEO plugin v17.9 - https:\/\/yoast.com\/wordpress\/plugins\/seo\/ -->\n<title>O Firm\u011b NO+BL - NO+BL kancel\u00e1\u0159sk\u00fd n\u00e1bytek a kancel\u00e1\u0159sk\u00e9 \u017eidle Praha<\/title>\n<meta name=\"robots\" content=\"index, follow, max-snippet:-1, max-image-preview:large, max-video-preview:-1\" \/>\n<link rel=\"canonical\" href=\"https:\/\/nobl.cz\/kancelarsky-nabytek\/o-firme\/\" \/>\n<meta property=\"og:locale\" content=\"cs_CZ\" \/>\n<meta property=\"og:type\" content=\"article\" \/>\n<meta property=\"og:title\" content=\"O Firm\u011b NO+BL - NO+BL kancel\u00e1\u0159sk\u00fd n\u00e1bytek a kancel\u00e1\u0159sk\u00e9 \u017eidle Praha\" \/>\n<meta property=\"og:url\" content=\"https:\/\/nobl.cz\/kancelarsky-nabytek\/o-firme\/\" \/>\n<meta property=\"og:site_name\" content=\"NO+BL kancel\u00e1\u0159sk\u00fd n\u00e1bytek a kancel\u00e1\u0159sk\u00e9 \u017eidle Praha\" \/>\n<meta property=\"article:modified_time\" content=\"2017-01-31T14:26:25+00:00\" \/>\n<meta property=\"og:image\" content=\"http:\/\/www.nobl-praha.cz\/imgs\/petr_novak.jpg\" \/>\n<meta name=\"twitter:card\" content=\"summary\" \/>\n<meta name=\"twitter:label1\" content=\"Odhadovan\u00e1 doba \u010dten\u00ed\" \/>\n\t<meta name=\"twitter:data1\" content=\"3 minuty\" \/>\n<script type=\"application\/ld+json\" class=\"yoast-schema-graph\">{\"@context\":\"https:\/\/schema.org\",\"@graph\":[{\"@type\":\"WebSite\",\"@id\":\"https:\/\/nobl.cz\/kancelarsky-nabytek\/#website\",\"url\":\"https:\/\/nobl.cz\/kancelarsky-nabytek\/\",\"name\":\"NO+BL kancel\\u00e1\\u0159sk\\u00fd n\\u00e1bytek a kancel\\u00e1\\u0159sk\\u00e9 \\u017eidle Praha\",\"description\":\"V\\u00e1\\u0161 prodejce kancel\\u00e1\\u0159sk\\u00e9ho n\\u00e1bytku a kancel\\u00e1\\u0159sk\\u00fdch k\\u0159esel v Praze s tradic\\u00ed ji\\u017e v\\u00edce jak 33 let. Nab\\u00edz\\u00edme tak\\u00e9 opravy kancel\\u00e1\\u0159sk\\u00fdch \\u017eidl\\u00ed.\",\"potentialAction\":[{\"@type\":\"SearchAction\",\"target\":{\"@type\":\"EntryPoint\",\"urlTemplate\":\"https:\/\/nobl.cz\/kancelarsky-nabytek\/?s={search_term_string}\"},\"query-input\":\"required name=search_term_string\"}],\"inLanguage\":\"cs\"},{\"@type\":\"ImageObject\",\"@id\":\"https:\/\/nobl.cz\/kancelarsky-nabytek\/o-firme\/#primaryimage\",\"inLanguage\":\"cs\",\"url\":\"http:\/\/www.nobl-praha.cz\/imgs\/petr_novak.jpg\",\"contentUrl\":\"http:\/\/www.nobl-praha.cz\/imgs\/petr_novak.jpg\"},{\"@type\":\"WebPage\",\"@id\":\"https:\/\/nobl.cz\/kancelarsky-nabytek\/o-firme\/#webpage\",\"url\":\"https:\/\/nobl.cz\/kancelarsky-nabytek\/o-firme\/\",\"name\":\"O Firm\\u011b NO+BL - NO+BL kancel\\u00e1\\u0159sk\\u00fd n\\u00e1bytek a kancel\\u00e1\\u0159sk\\u00e9 \\u017eidle Praha\",\"isPartOf\":{\"@id\":\"https:\/\/nobl.cz\/kancelarsky-nabytek\/#website\"},\"primaryImageOfPage\":{\"@id\":\"https:\/\/nobl.cz\/kancelarsky-nabytek\/o-firme\/#primaryimage\"},\"datePublished\":\"2014-12-10T13:44:23+00:00\",\"dateModified\":\"2017-01-31T14:26:25+00:00\",\"breadcrumb\":{\"@id\":\"https:\/\/nobl.cz\/kancelarsky-nabytek\/o-firme\/#breadcrumb\"},\"inLanguage\":\"cs\",\"potentialAction\":[{\"@type\":\"ReadAction\",\"target\":[\"https:\/\/nobl.cz\/kancelarsky-nabytek\/o-firme\/\"]}]},{\"@type\":\"BreadcrumbList\",\"@id\":\"https:\/\/nobl.cz\/kancelarsky-nabytek\/o-firme\/#breadcrumb\",\"itemListElement\":[{\"@type\":\"ListItem\",\"position\":1,\"name\":\"Dom\\u016f\",\"item\":\"https:\/\/nobl.cz\/kancelarsky-nabytek\/\"},{\"@type\":\"ListItem\",\"position\":2,\"name\":\"O Firm\\u011b NO+BL\"}]}]}<\/script>\n<!-- \/ Yoast SEO plugin. -->","yoast_head_json":{"title":"O Firm\u011b NO+BL - NO+BL kancel\u00e1\u0159sk\u00fd n\u00e1bytek a kancel\u00e1\u0159sk\u00e9 \u017eidle Praha","robots":{"index":"index","follow":"follow","max-snippet":"max-snippet:-1","max-image-preview":"max-image-preview:large","max-video-preview":"max-video-preview:-1"},"canonical":"https:\/\/nobl.cz\/kancelarsky-nabytek\/o-firme\/","og_locale":"cs_CZ","og_type":"article","og_title":"O Firm\u011b NO+BL - NO+BL kancel\u00e1\u0159sk\u00fd n\u00e1bytek a kancel\u00e1\u0159sk\u00e9 \u017eidle Praha","og_url":"https:\/\/nobl.cz\/kancelarsky-nabytek\/o-firme\/","og_site_name":"NO+BL kancel\u00e1\u0159sk\u00fd n\u00e1bytek a kancel\u00e1\u0159sk\u00e9 \u017eidle Praha","article_modified_time":"2017-01-31T14:26:25+00:00","og_image":[{"url":"http:\/\/www.nobl-praha.cz\/imgs\/petr_novak.jpg"}],"twitter_card":"summary","twitter_misc":{"Odhadovan\u00e1 doba \u010dten\u00ed":"3 minuty"},"schema":{"@context":"https:\/\/schema.org","@graph":[{"@type":"WebSite","@id":"https:\/\/nobl.cz\/kancelarsky-nabytek\/#website","url":"https:\/\/nobl.cz\/kancelarsky-nabytek\/","name":"NO+BL kancel\u00e1\u0159sk\u00fd n\u00e1bytek a kancel\u00e1\u0159sk\u00e9 \u017eidle Praha","description":"V\u00e1\u0161 prodejce kancel\u00e1\u0159sk\u00e9ho n\u00e1bytku a kancel\u00e1\u0159sk\u00fdch k\u0159esel v Praze s tradic\u00ed ji\u017e v\u00edce jak 33 let. Nab\u00edz\u00edme tak\u00e9 opravy kancel\u00e1\u0159sk\u00fdch \u017eidl\u00ed.","potentialAction":[{"@type":"SearchAction","target":{"@type":"EntryPoint","urlTemplate":"https:\/\/nobl.cz\/kancelarsky-nabytek\/?s={search_term_string}"},"query-input":"required name=search_term_string"}],"inLanguage":"cs"},{"@type":"ImageObject","@id":"https:\/\/nobl.cz\/kancelarsky-nabytek\/o-firme\/#primaryimage","inLanguage":"cs","url":"http:\/\/www.nobl-praha.cz\/imgs\/petr_novak.jpg","contentUrl":"http:\/\/www.nobl-praha.cz\/imgs\/petr_novak.jpg"},{"@type":"WebPage","@id":"https:\/\/nobl.cz\/kancelarsky-nabytek\/o-firme\/#webpage","url":"https:\/\/nobl.cz\/kancelarsky-nabytek\/o-firme\/","name":"O Firm\u011b NO+BL - NO+BL kancel\u00e1\u0159sk\u00fd n\u00e1bytek a kancel\u00e1\u0159sk\u00e9 \u017eidle Praha","isPartOf":{"@id":"https:\/\/nobl.cz\/kancelarsky-nabytek\/#website"},"primaryImageOfPage":{"@id":"https:\/\/nobl.cz\/kancelarsky-nabytek\/o-firme\/#primaryimage"},"datePublished":"2014-12-10T13:44:23+00:00","dateModified":"2017-01-31T14:26:25+00:00","breadcrumb":{"@id":"https:\/\/nobl.cz\/kancelarsky-nabytek\/o-firme\/#breadcrumb"},"inLanguage":"cs","potentialAction":[{"@type":"ReadAction","target":["https:\/\/nobl.cz\/kancelarsky-nabytek\/o-firme\/"]}]},{"@type":"BreadcrumbList","@id":"https:\/\/nobl.cz\/kancelarsky-nabytek\/o-firme\/#breadcrumb","itemListElement":[{"@type":"ListItem","position":1,"name":"Dom\u016f","item":"https:\/\/nobl.cz\/kancelarsky-nabytek\/"},{"@type":"ListItem","position":2,"name":"O Firm\u011b NO+BL"}]}]}},"_links":{"self":[{"href":"https:\/\/nobl.cz\/kancelarsky-nabytek\/wp-json\/wp\/v2\/pages\/173"}],"collection":[{"href":"https:\/\/nobl.cz\/kancelarsky-nabytek\/wp-json\/wp\/v2\/pages"}],"about":[{"href":"https:\/\/nobl.cz\/kancelarsky-nabytek\/wp-json\/wp\/v2\/types\/page"}],"author":[{"embeddable":true,"href":"https:\/\/nobl.cz\/kancelarsky-nabytek\/wp-json\/wp\/v2\/users\/2"}],"replies":[{"embeddable":true,"href":"https:\/\/nobl.cz\/kancelarsky-nabytek\/wp-json\/wp\/v2\/comments?post=173"}],"version-history":[{"count":10,"href":"https:\/\/nobl.cz\/kancelarsky-nabytek\/wp-json\/wp\/v2\/pages\/173\/revisions"}],"predecessor-version":[{"id":7159,"href":"https:\/\/nobl.cz\/kancelarsky-nabytek\/wp-json\/wp\/v2\/pages\/173\/revisions\/7159"}],"wp:attachment":[{"href":"https:\/\/nobl.cz\/kancelarsky-nabytek\/wp-json\/wp\/v2\/media?parent=173"}],"curies":[{"name":"wp","href":"https:\/\/api.w.org\/{rel}","templated":true}]}}