{"id":4837,"date":"2016-05-04T09:20:01","date_gmt":"2016-05-04T08:20:01","guid":{"rendered":"http:\/\/nobl.cz\/kancelarsky-nabytek\/?page_id=4837"},"modified":"2017-01-31T21:54:57","modified_gmt":"2017-01-31T20:54:57","slug":"manazersky-nabytek","status":"publish","type":"page","link":"https:\/\/nobl.cz\/kancelarsky-nabytek\/sortiment\/manazersky-nabytek\/","title":{"rendered":"Mana\u017eersk\u00fd n\u00e1bytek"},"content":{"rendered":"\t<div  class=\"row container \">\n<div class=\"small-12    large-4  columns   \"  ><div class=\"column-inner\"  >\n<h3><a href=\"http:\/\/nobl.cz\/kancelarsky-nabytek\/manazersky-nabytek\/manazersky-nabytek-nobl\/\">Mana\u017eersk\u00fd n\u00e1bytek NO+BL<\/a><\/h3>\n   <div id=\"banner_2043641739\" class=\"ux_banner dark    hover_zoom\"  style=\"height:300px; \" data-height=\"300px\" role=\"banner\">\n      <a href=\"http:\/\/nobl.cz\/kancelarsky-nabytek\/manazersky-nabytek\/manazersky-nabytek-nobl\/\" >                            <div class=\"banner-bg \"  style=\"background-image:url('https:\/\/nobl.cz\/kancelarsky-nabytek\/wp-content\/uploads\/2016\/05\/Z011.jpg'); \"><img decoding=\"async\" src=\"https:\/\/nobl.cz\/kancelarsky-nabytek\/wp-content\/uploads\/2016\/05\/Z011.jpg\"  alt=\"\" style=\"visibility:hidden;\" \/><\/div>\n                             <div class=\"row\" >\n          <div class=\"inner center text-center \"  style=\"width:90%;\">\n            <div class=\"inner-wrap animated fadeIn\" style=\" \">\n                          <\/div>\n          <\/div>  \n        <\/div>\n       <\/a>              <\/div><!-- end .ux_banner -->\n\n<h3><\/h3>\n<p style=\"text-align: justify;\">V sekci mana\u017eersk\u00fd n\u00e1bytek V\u00e1m nab\u00edz\u00edme n\u00e1bytek vlastn\u00ed v\u00fdroby. Naleznete zde, n\u00e1bytek vyzna\u010duj\u00edc\u00ed se skv\u011bl\u00fdm designem a modern\u00edm technick\u00fdm \u0159e\u0161en\u00edm, d\u00fdhovan\u00fd i z masivu s historizuj\u00edc\u00edmi prvky.<\/p>\n<\/div><\/div>\n<div class=\"small-12    large-4  columns   \"  ><div class=\"column-inner\"  >\n<h3><a href=\"http:\/\/nobl.cz\/kancelarsky-nabytek\/manazersky-nabytek\/manazersky-nabytek-form-design\/\">Mana\u017eersk\u00fd n\u00e1bytek Form Design<\/a><\/h3>\n   <div id=\"banner_1209243165\" class=\"ux_banner dark    hover_zoom\"  style=\"height:300px; \" data-height=\"300px\" role=\"banner\">\n      <a href=\"http:\/\/nobl.cz\/kancelarsky-nabytek\/manazersky-nabytek\/manazersky-nabytek-form-design\/\" >                            <div class=\"banner-bg \"  style=\"background-image:url('https:\/\/nobl.cz\/kancelarsky-nabytek\/wp-content\/uploads\/2016\/05\/\u00favodn\u00ed-obr\u00e1zek.jpg'); \"><img decoding=\"async\" src=\"https:\/\/nobl.cz\/kancelarsky-nabytek\/wp-content\/uploads\/2016\/05\/\u00favodn\u00ed-obr\u00e1zek.jpg\"  alt=\"\" style=\"visibility:hidden;\" \/><\/div>\n                             <div class=\"row\" >\n          <div class=\"inner center text-center \"  style=\"width:90%;\">\n            <div class=\"inner-wrap animated fadeIn\" style=\" \">\n                          <\/div>\n          <\/div>  \n        <\/div>\n       <\/a>              <\/div><!-- end .ux_banner -->\n\n<h3><\/h3>\n<p style=\"text-align: justify;\">N\u00e1bytek <strong>FORM<\/strong> d\u00edky sv\u00e9mu jednoduch\u00e9mu \u0159e\u0161en\u00ed kovov\u00fdch podno\u017e\u00ed stol\u016f a \u0161irokou \u0161k\u00e1lu materi\u00e1l\u016f pou\u017eit\u00fdch na stolov\u00e9 desky a sk\u0159\u00edn\u011b. Jedn\u00e1 se o d\u00fdhovan\u00e9, melaminov\u00e9 nebo kompaktn\u00ed desky.<\/p>\n<\/div><\/div>\n<div class=\"small-12    large-4  columns   \"  ><div class=\"column-inner\"  >\n<h3><a href=\"http:\/\/nobl.cz\/kancelarsky-nabytek\/manazersky-nabytek\/manazersky-nabytek-vasa\/\">Mana\u017eersk\u00fd n\u00e1bytek VASA<\/a><\/h3>\n   <div id=\"banner_453979255\" class=\"ux_banner dark    hover_zoom\"  style=\"height:300px; \" data-height=\"300px\" role=\"banner\">\n      <a href=\"http:\/\/nobl.cz\/kancelarsky-nabytek\/manazersky-nabytek\/manazersky-nabytek-vasa\/\" >                            <div class=\"banner-bg \"  style=\"background-image:url('https:\/\/nobl.cz\/kancelarsky-nabytek\/wp-content\/uploads\/2016\/05\/Royal_06.jpg'); \"><img decoding=\"async\" src=\"https:\/\/nobl.cz\/kancelarsky-nabytek\/wp-content\/uploads\/2016\/05\/Royal_06.jpg\"  alt=\"\" style=\"visibility:hidden;\" \/><\/div>\n                             <div class=\"row\" >\n          <div class=\"inner center text-center \"  style=\"width:90%;\">\n            <div class=\"inner-wrap animated fadeIn\" style=\" \">\n                          <\/div>\n          <\/div>  \n        <\/div>\n       <\/a>              <\/div><!-- end .ux_banner -->\n\n<h3><\/h3>\n<p style=\"text-align: justify;\">Mana\u017eersk\u00fd n\u00e1bytek firmy <strong>VASA<\/strong>, se vyzna\u010duje \u00fa\u010delnost\u00ed, jednoduchost\u00ed a&nbsp;\u010distotou designu. Charakteristick\u00fdm rysem je mohutnost cel\u00e9ho n\u00e1bytkov\u00e9ho syst\u00e9mu.<\/p>\n<p><strong>&nbsp;<\/strong><\/p>\n<\/div><\/div>\n<\/div>\n  \n<center><a href=\"#lightbox\" class=\"button large primary alt-button\" >Dotaz na kancel\u00e1\u0159sk\u00fd n\u00e1bytek?<\/a><\/center><\/p>\n \n\n<div id=\"lightbox\" class=\"mfp-hide mfp-content-inner lightbox-white\" style=\"max-width:600px;padding:20px\">\n    <h1>Kancel\u00e1\u0159sk\u00fd n\u00e1bytek pro V\u00e1s?<\/h1>\n<div class=\"wpforms-container wpforms-container-full\" id=\"wpforms-5108\"><form id=\"wpforms-form-5108\" class=\"wpforms-validate wpforms-form\" data-formid=\"5108\" method=\"post\" enctype=\"multipart\/form-data\" action=\"\/kancelarsky-nabytek\/wp-json\/wp\/v2\/pages\/4837\" data-token=\"e53f7e83f5ffeed3b0c28cc8817342dd\"><noscript class=\"wpforms-error-noscript\">Chcete-li vyplnit tento formul\u00e1\u0159, pros\u00edm povolte v prohl\u00ed\u017ee\u010di JavaScript.<\/noscript><div class=\"wpforms-field-container\"><div id=\"wpforms-5108-field_7-container\" class=\"wpforms-field wpforms-field-name\" data-field-id=\"7\"><label class=\"wpforms-field-label\" for=\"wpforms-5108-field_7\">Va\u0161e jm\u00e9no \/ Firma: <span class=\"wpforms-required-label\">*<\/span><\/label><input type=\"text\" id=\"wpforms-5108-field_7\" class=\"wpforms-field-large wpforms-field-required\" name=\"wpforms[fields][7]\" required><\/div><div id=\"wpforms-5108-field_1-container\" class=\"wpforms-field wpforms-field-email\" data-field-id=\"1\"><label class=\"wpforms-field-label\" for=\"wpforms-5108-field_1\">E-mail <span class=\"wpforms-required-label\">*<\/span><\/label><input type=\"email\" id=\"wpforms-5108-field_1\" class=\"wpforms-field-large wpforms-field-required\" name=\"wpforms[fields][1]\" required><\/div><div id=\"wpforms-5108-field_2-container\" class=\"wpforms-field wpforms-field-textarea\" data-field-id=\"2\"><label class=\"wpforms-field-label\" for=\"wpforms-5108-field_2\">Up\u0159esn\u011bte V\u00e1\u0161 dotaz, d\u011bkujeme: <span class=\"wpforms-required-label\">*<\/span><\/label><textarea id=\"wpforms-5108-field_2\" class=\"wpforms-field-medium wpforms-field-required\" name=\"wpforms[fields][2]\" required><\/textarea><\/div><div id=\"wpforms-5108-field_6-container\" class=\"wpforms-field wpforms-field-text\" data-field-id=\"6\"><label class=\"wpforms-field-label wpforms-label-hide\" for=\"wpforms-5108-field_6\">URL str\u00e1nka Va\u0161eho dotazu: <span class=\"wpforms-required-label\">*<\/span><\/label><input type=\"text\" id=\"wpforms-5108-field_6\" class=\"wpforms-field-large wpforms-field-required\" name=\"wpforms[fields][6]\" value=\"Mana\u017eersk\u00fd n\u00e1bytek\" required><\/div><div id=\"wpforms-5108-field_10-container\" class=\"wpforms-field wpforms-field-html\" data-field-id=\"10\"><div id=\"wpforms-5108-field_10\">Pros\u00edme, \u010dt\u011bte na\u0161e: <a href=\"https:\/\/nobl.cz\/kancelarsky-nabytek\/zasady-ochrany-osobnich-udaju\/\" target=\"_blank\">Z\u00e1sady ochrany osobn\u00edch \u00fadaj\u016f (GDPR)<\/a><\/div><\/div><div id=\"wpforms-5108-field_9-container\" class=\"wpforms-field wpforms-field-checkbox\" data-field-id=\"9\"><label class=\"wpforms-field-label wpforms-label-hide\" for=\"wpforms-5108-field_9\">Pou\u017eit\u00edm tohoto formul\u00e1\u0159e souhlas\u00edte s na\u0161imi z\u00e1sadami ochrany osobn\u00edch \u00fadaj\u016f.<\/label><ul id=\"wpforms-5108-field_9\"><li class=\"choice-1 depth-1\"><input type=\"checkbox\" id=\"wpforms-5108-field_9_1\" name=\"wpforms[fields][9][]\" value=\"Potvr\u010fte sv\u016fj souhlas se zpracov\u00e1n\u00edm osobn\u00edch \u00fadaj\u016f dle GDPR.\"  ><label class=\"wpforms-field-label-inline\" for=\"wpforms-5108-field_9_1\">Potvr\u010fte sv\u016fj souhlas se zpracov\u00e1n\u00edm osobn\u00edch \u00fadaj\u016f dle GDPR.<\/label><\/li><\/ul><\/div><div id=\"wpforms-5108-field_11-container\" class=\"wpforms-field wpforms-field-hidden\" data-field-id=\"11\"><input type=\"hidden\" id=\"wpforms-5108-field_11\" name=\"wpforms[fields][11]\" value=\"https:\/\/nobl.cz\/kancelarsky-nabytek\/kancelarsky-nabytek\/wp-json\/wp\/v2\/pages\/4837\"><\/div><\/div><div class=\"wpforms-field wpforms-field-hp\"><label for=\"wpforms-5108-field-hp\" class=\"wpforms-field-label\">Name<\/label><input type=\"text\" name=\"wpforms[hp]\" id=\"wpforms-5108-field-hp\" class=\"wpforms-field-medium\"><\/div><div class=\"wpforms-recaptcha-container wpforms-is-recaptcha\"><div class=\"g-recaptcha\" data-sitekey=\"6LeX-R8TAAAAADA-ClPsvCvLb0QZZlrujKJzZuld\"><\/div><input type=\"text\" name=\"g-recaptcha-hidden\" class=\"wpforms-recaptcha-hidden\" style=\"position:absolute!important;clip:rect(0,0,0,0)!important;height:1px!important;width:1px!important;border:0!important;overflow:hidden!important;padding:0!important;margin:0!important;\" required><\/div><div class=\"wpforms-submit-container\"><input type=\"hidden\" name=\"wpforms[id]\" value=\"5108\"><input type=\"hidden\" name=\"wpforms[author]\" value=\"3\"><button type=\"submit\" name=\"wpforms[submit]\" id=\"wpforms-submit-5108\" class=\"wpforms-submit\" aria-live=\"assertive\" value=\"wpforms-submit\">Odeslat dotaz<\/button><\/div><\/form><\/div>  <!-- .wpforms-container -->\n<\/div><!-- Lightbox-lightbox -->\n\n<script>\njQuery(document).ready(function($) {\n\n      \n      $('a[href=\"#lightbox\"]').click(function(e){\n         \/\/ Close openend lightboxes\n         var delay = 0;\n         \n         if($.magnificPopup.open){\n            $.magnificPopup.close();\n            delay = 300;\n         }\n\n         \/\/ Start lightbox\n         setTimeout(function(){\n            $.magnificPopup.open({\n                  midClick: true,\n                  removalDelay: 300,\n                  items: {\n                    src: '#lightbox', \n                    type: 'inline'\n                  }\n            });\n          }, delay);\n\n        e.preventDefault();\n      });\n});\n<\/script>\n\n\t<div  class=\"row container \">\n<div class=\"small-12    large-4  columns   \"  ><div class=\"column-inner\"  >\n<h3><a href=\"http:\/\/nobl.cz\/kancelarsky-nabytek\/manazersky-nabytek\/manazersky-nabytek-lenza\/\">Mana\u017eersk\u00fd n\u00e1bytek LENZA<\/a><\/h3>\n   <div id=\"banner_489627395\" class=\"ux_banner dark    hover_zoom\"  style=\"height:300px; \" data-height=\"300px\" role=\"banner\">\n      <a href=\"http:\/\/nobl.cz\/kancelarsky-nabytek\/manazersky-nabytek\/manazersky-nabytek-lenza\/\" >                            <div class=\"banner-bg \"  style=\"background-image:url('https:\/\/nobl.cz\/kancelarsky-nabytek\/wp-content\/uploads\/2016\/05\/\u00favodn\u00ed-obr\u00e1zek.png'); \"><img decoding=\"async\" src=\"https:\/\/nobl.cz\/kancelarsky-nabytek\/wp-content\/uploads\/2016\/05\/\u00favodn\u00ed-obr\u00e1zek.png\"  alt=\"\" style=\"visibility:hidden;\" \/><\/div>\n                             <div class=\"row\" >\n          <div class=\"inner center text-center \"  style=\"width:90%;\">\n            <div class=\"inner-wrap animated fadeIn\" style=\" \">\n                          <\/div>\n          <\/div>  \n        <\/div>\n       <\/a>              <\/div><!-- end .ux_banner -->\n\n<h3><\/h3>\n<p style=\"text-align: justify;\">Firma <strong>LENZA<\/strong> nab\u00edz\u00ed nov\u00fd stylov\u00fd n\u00e1bytek do kancel\u00e1\u0159sk\u00fdch prostor s n\u00e1dechem lehkosti a modern\u00edho designu.<\/p>\n<\/div><\/div>\n<div class=\"small-12    large-4  columns   \"  ><div class=\"column-inner\"  >\n<h3><a href=\"http:\/\/nobl.cz\/kancelarsky-nabytek\/manazersky-nabytek\/manazersky-nabytek-mdd\/\">Mana\u017eersk\u00fd n\u00e1bytek MDD<\/a><\/h3>\n   <div id=\"banner_626012651\" class=\"ux_banner dark    hover_zoom\"  style=\"height:300px; \" data-height=\"300px\" role=\"banner\">\n      <a href=\"http:\/\/nobl.cz\/kancelarsky-nabytek\/manazersky-nabytek\/manazersky-nabytek-mdd\/\" >                            <div class=\"banner-bg \"  style=\"background-image:url('https:\/\/nobl.cz\/kancelarsky-nabytek\/wp-content\/uploads\/2016\/05\/\u00favodn\u00ed-obr\u00e1zek-1.jpg'); \"><img decoding=\"async\" src=\"https:\/\/nobl.cz\/kancelarsky-nabytek\/wp-content\/uploads\/2016\/05\/\u00favodn\u00ed-obr\u00e1zek-1.jpg\"  alt=\"\" style=\"visibility:hidden;\" \/><\/div>\n                             <div class=\"row\" >\n          <div class=\"inner center text-center \"  style=\"width:90%;\">\n            <div class=\"inner-wrap animated fadeIn\" style=\" \">\n                          <\/div>\n          <\/div>  \n        <\/div>\n       <\/a>              <\/div><!-- end .ux_banner -->\n\n<h3><\/h3>\n<p style=\"text-align: justify;\">Nab\u00eddka vybran\u00e9ho n\u00e1bytku v\u00fdznamn\u00e9 evropsk\u00e9 firmy <strong>MDD<\/strong>. N\u00e1bytek charakteristick\u00fd nejen prvot\u0159\u00eddn\u00ed technologi\u00ed, vynikaj\u00edc\u00ed kvalitou a modern\u00edm designem.<\/p>\n<\/div><\/div>\n<div class=\"small-12    large-4  columns   \"  ><div class=\"column-inner\"  >\n<\/div><\/div>\n<\/div>\n  \n<center><a href=\"#lightbox\" class=\"button large primary alt-button\" >Dotaz na kancel\u00e1\u0159sk\u00fd n\u00e1bytek?<\/a><\/center><\/p>\n \n\n<div id=\"lightbox\" class=\"mfp-hide mfp-content-inner lightbox-white\" style=\"max-width:600px;padding:20px\">\n    <h1>Kancel\u00e1\u0159sk\u00fd n\u00e1bytek pro V\u00e1s?<\/h1>\n<div class=\"wpforms-container wpforms-container-full\" id=\"wpforms-5108\"><form id=\"wpforms-form-5108\" class=\"wpforms-validate wpforms-form\" data-formid=\"5108\" method=\"post\" enctype=\"multipart\/form-data\" action=\"\/kancelarsky-nabytek\/wp-json\/wp\/v2\/pages\/4837\" data-token=\"e53f7e83f5ffeed3b0c28cc8817342dd\"><noscript class=\"wpforms-error-noscript\">Chcete-li vyplnit tento formul\u00e1\u0159, pros\u00edm povolte v prohl\u00ed\u017ee\u010di JavaScript.<\/noscript><div class=\"wpforms-field-container\"><div id=\"wpforms-5108-field_7-container\" class=\"wpforms-field wpforms-field-name\" data-field-id=\"7\"><label class=\"wpforms-field-label\" for=\"wpforms-5108-field_7\">Va\u0161e jm\u00e9no \/ Firma: <span class=\"wpforms-required-label\">*<\/span><\/label><input type=\"text\" id=\"wpforms-5108-field_7\" class=\"wpforms-field-large wpforms-field-required\" name=\"wpforms[fields][7]\" required><\/div><div id=\"wpforms-5108-field_1-container\" class=\"wpforms-field wpforms-field-email\" data-field-id=\"1\"><label class=\"wpforms-field-label\" for=\"wpforms-5108-field_1\">E-mail <span class=\"wpforms-required-label\">*<\/span><\/label><input type=\"email\" id=\"wpforms-5108-field_1\" class=\"wpforms-field-large wpforms-field-required\" name=\"wpforms[fields][1]\" required><\/div><div id=\"wpforms-5108-field_2-container\" class=\"wpforms-field wpforms-field-textarea\" data-field-id=\"2\"><label class=\"wpforms-field-label\" for=\"wpforms-5108-field_2\">Up\u0159esn\u011bte V\u00e1\u0161 dotaz, d\u011bkujeme: <span class=\"wpforms-required-label\">*<\/span><\/label><textarea id=\"wpforms-5108-field_2\" class=\"wpforms-field-medium wpforms-field-required\" name=\"wpforms[fields][2]\" required><\/textarea><\/div><div id=\"wpforms-5108-field_6-container\" class=\"wpforms-field wpforms-field-text\" data-field-id=\"6\"><label class=\"wpforms-field-label wpforms-label-hide\" for=\"wpforms-5108-field_6\">URL str\u00e1nka Va\u0161eho dotazu: <span class=\"wpforms-required-label\">*<\/span><\/label><input type=\"text\" id=\"wpforms-5108-field_6\" class=\"wpforms-field-large wpforms-field-required\" name=\"wpforms[fields][6]\" value=\"Mana\u017eersk\u00fd n\u00e1bytek\" required><\/div><div id=\"wpforms-5108-field_10-container\" class=\"wpforms-field wpforms-field-html\" data-field-id=\"10\"><div id=\"wpforms-5108-field_10\">Pros\u00edme, \u010dt\u011bte na\u0161e: <a href=\"https:\/\/nobl.cz\/kancelarsky-nabytek\/zasady-ochrany-osobnich-udaju\/\" target=\"_blank\">Z\u00e1sady ochrany osobn\u00edch \u00fadaj\u016f (GDPR)<\/a><\/div><\/div><div id=\"wpforms-5108-field_9-container\" class=\"wpforms-field wpforms-field-checkbox\" data-field-id=\"9\"><label class=\"wpforms-field-label wpforms-label-hide\" for=\"wpforms-5108-field_9\">Pou\u017eit\u00edm tohoto formul\u00e1\u0159e souhlas\u00edte s na\u0161imi z\u00e1sadami ochrany osobn\u00edch \u00fadaj\u016f.<\/label><ul id=\"wpforms-5108-field_9\"><li class=\"choice-1 depth-1\"><input type=\"checkbox\" id=\"wpforms-5108-field_9_1\" name=\"wpforms[fields][9][]\" value=\"Potvr\u010fte sv\u016fj souhlas se zpracov\u00e1n\u00edm osobn\u00edch \u00fadaj\u016f dle GDPR.\"  ><label class=\"wpforms-field-label-inline\" for=\"wpforms-5108-field_9_1\">Potvr\u010fte sv\u016fj souhlas se zpracov\u00e1n\u00edm osobn\u00edch \u00fadaj\u016f dle GDPR.<\/label><\/li><\/ul><\/div><div id=\"wpforms-5108-field_11-container\" class=\"wpforms-field wpforms-field-hidden\" data-field-id=\"11\"><input type=\"hidden\" id=\"wpforms-5108-field_11\" name=\"wpforms[fields][11]\" value=\"https:\/\/nobl.cz\/kancelarsky-nabytek\/kancelarsky-nabytek\/wp-json\/wp\/v2\/pages\/4837\"><\/div><\/div><div class=\"wpforms-field wpforms-field-hp\"><label for=\"wpforms-5108-field-hp\" class=\"wpforms-field-label\">Message<\/label><input type=\"text\" name=\"wpforms[hp]\" id=\"wpforms-5108-field-hp\" class=\"wpforms-field-medium\"><\/div><div class=\"wpforms-recaptcha-container wpforms-is-recaptcha\"><div class=\"g-recaptcha\" data-sitekey=\"6LeX-R8TAAAAADA-ClPsvCvLb0QZZlrujKJzZuld\"><\/div><input type=\"text\" name=\"g-recaptcha-hidden\" class=\"wpforms-recaptcha-hidden\" style=\"position:absolute!important;clip:rect(0,0,0,0)!important;height:1px!important;width:1px!important;border:0!important;overflow:hidden!important;padding:0!important;margin:0!important;\" required><\/div><div class=\"wpforms-submit-container\"><input type=\"hidden\" name=\"wpforms[id]\" value=\"5108\"><input type=\"hidden\" name=\"wpforms[author]\" value=\"3\"><button type=\"submit\" name=\"wpforms[submit]\" id=\"wpforms-submit-5108\" class=\"wpforms-submit\" aria-live=\"assertive\" value=\"wpforms-submit\">Odeslat dotaz<\/button><\/div><\/form><\/div>  <!-- .wpforms-container -->\n<\/div><!-- Lightbox-lightbox -->\n\n<script>\njQuery(document).ready(function($) {\n\n      \n      $('a[href=\"#lightbox\"]').click(function(e){\n         \/\/ Close openend lightboxes\n         var delay = 0;\n         \n         if($.magnificPopup.open){\n            $.magnificPopup.close();\n            delay = 300;\n         }\n\n         \/\/ Start lightbox\n         setTimeout(function(){\n            $.magnificPopup.open({\n                  midClick: true,\n                  removalDelay: 300,\n                  items: {\n                    src: '#lightbox', \n                    type: 'inline'\n                  }\n            });\n          }, delay);\n\n        e.preventDefault();\n      });\n});\n<\/script>\n\n<h3 class=\"section-title clearfix title_bold \"><span>Nab\u00edz\u00edme kompletn\u00ed dod\u00e1vky kancel\u00e1\u0159\u00ed v\u010d. zasedac\u00edch m\u00edstnost\u00ed, recepc\u00ed \u010di kuchy\u0148ek<\/span>  <\/h3><!-- end section_title -->\n","protected":false},"excerpt":{"rendered":"","protected":false},"author":3,"featured_media":0,"parent":519,"menu_order":0,"comment_status":"closed","ping_status":"closed","template":"page-blank.php","meta":{"footnotes":""},"yoast_head":"<!-- This site is optimized with the Yoast SEO plugin v17.9 - https:\/\/yoast.com\/wordpress\/plugins\/seo\/ -->\n<title>Mana\u017eersk\u00fd n\u00e1bytek - NO+BL kancel\u00e1\u0159sk\u00fd n\u00e1bytek a kancel\u00e1\u0159sk\u00e9 \u017eidle Praha<\/title>\n<meta name=\"robots\" content=\"index, follow, max-snippet:-1, max-image-preview:large, max-video-preview:-1\" \/>\n<link rel=\"canonical\" href=\"https:\/\/nobl.cz\/kancelarsky-nabytek\/sortiment\/manazersky-nabytek\/\" \/>\n<meta property=\"og:locale\" content=\"cs_CZ\" \/>\n<meta property=\"og:type\" content=\"article\" \/>\n<meta property=\"og:title\" content=\"Mana\u017eersk\u00fd n\u00e1bytek - NO+BL kancel\u00e1\u0159sk\u00fd n\u00e1bytek a kancel\u00e1\u0159sk\u00e9 \u017eidle Praha\" \/>\n<meta property=\"og:url\" content=\"https:\/\/nobl.cz\/kancelarsky-nabytek\/sortiment\/manazersky-nabytek\/\" \/>\n<meta property=\"og:site_name\" content=\"NO+BL kancel\u00e1\u0159sk\u00fd n\u00e1bytek a kancel\u00e1\u0159sk\u00e9 \u017eidle Praha\" \/>\n<meta property=\"article:modified_time\" content=\"2017-01-31T20:54:57+00:00\" \/>\n<meta name=\"twitter:card\" content=\"summary\" \/>\n<meta name=\"twitter:label1\" content=\"Odhadovan\u00e1 doba \u010dten\u00ed\" \/>\n\t<meta name=\"twitter:data1\" content=\"2 minuty\" \/>\n<script type=\"application\/ld+json\" class=\"yoast-schema-graph\">{\"@context\":\"https:\/\/schema.org\",\"@graph\":[{\"@type\":\"WebSite\",\"@id\":\"https:\/\/nobl.cz\/kancelarsky-nabytek\/#website\",\"url\":\"https:\/\/nobl.cz\/kancelarsky-nabytek\/\",\"name\":\"NO+BL kancel\\u00e1\\u0159sk\\u00fd n\\u00e1bytek a kancel\\u00e1\\u0159sk\\u00e9 \\u017eidle Praha\",\"description\":\"V\\u00e1\\u0161 prodejce kancel\\u00e1\\u0159sk\\u00e9ho n\\u00e1bytku a kancel\\u00e1\\u0159sk\\u00fdch k\\u0159esel v Praze s tradic\\u00ed ji\\u017e v\\u00edce jak 33 let. Nab\\u00edz\\u00edme tak\\u00e9 opravy kancel\\u00e1\\u0159sk\\u00fdch \\u017eidl\\u00ed.\",\"potentialAction\":[{\"@type\":\"SearchAction\",\"target\":{\"@type\":\"EntryPoint\",\"urlTemplate\":\"https:\/\/nobl.cz\/kancelarsky-nabytek\/?s={search_term_string}\"},\"query-input\":\"required name=search_term_string\"}],\"inLanguage\":\"cs\"},{\"@type\":\"WebPage\",\"@id\":\"https:\/\/nobl.cz\/kancelarsky-nabytek\/sortiment\/manazersky-nabytek\/#webpage\",\"url\":\"https:\/\/nobl.cz\/kancelarsky-nabytek\/sortiment\/manazersky-nabytek\/\",\"name\":\"Mana\\u017eersk\\u00fd n\\u00e1bytek - NO+BL kancel\\u00e1\\u0159sk\\u00fd n\\u00e1bytek a kancel\\u00e1\\u0159sk\\u00e9 \\u017eidle Praha\",\"isPartOf\":{\"@id\":\"https:\/\/nobl.cz\/kancelarsky-nabytek\/#website\"},\"datePublished\":\"2016-05-04T08:20:01+00:00\",\"dateModified\":\"2017-01-31T20:54:57+00:00\",\"breadcrumb\":{\"@id\":\"https:\/\/nobl.cz\/kancelarsky-nabytek\/sortiment\/manazersky-nabytek\/#breadcrumb\"},\"inLanguage\":\"cs\",\"potentialAction\":[{\"@type\":\"ReadAction\",\"target\":[\"https:\/\/nobl.cz\/kancelarsky-nabytek\/sortiment\/manazersky-nabytek\/\"]}]},{\"@type\":\"BreadcrumbList\",\"@id\":\"https:\/\/nobl.cz\/kancelarsky-nabytek\/sortiment\/manazersky-nabytek\/#breadcrumb\",\"itemListElement\":[{\"@type\":\"ListItem\",\"position\":1,\"name\":\"Dom\\u016f\",\"item\":\"https:\/\/nobl.cz\/kancelarsky-nabytek\/\"},{\"@type\":\"ListItem\",\"position\":2,\"name\":\"Kancel\\u00e1\\u0159sk\\u00fd n\\u00e1bytek\",\"item\":\"https:\/\/nobl.cz\/kancelarsky-nabytek\/sortiment\/\"},{\"@type\":\"ListItem\",\"position\":3,\"name\":\"Mana\\u017eersk\\u00fd n\\u00e1bytek\"}]}]}<\/script>\n<!-- \/ Yoast SEO plugin. -->","yoast_head_json":{"title":"Mana\u017eersk\u00fd n\u00e1bytek - NO+BL kancel\u00e1\u0159sk\u00fd n\u00e1bytek a kancel\u00e1\u0159sk\u00e9 \u017eidle Praha","robots":{"index":"index","follow":"follow","max-snippet":"max-snippet:-1","max-image-preview":"max-image-preview:large","max-video-preview":"max-video-preview:-1"},"canonical":"https:\/\/nobl.cz\/kancelarsky-nabytek\/sortiment\/manazersky-nabytek\/","og_locale":"cs_CZ","og_type":"article","og_title":"Mana\u017eersk\u00fd n\u00e1bytek - NO+BL kancel\u00e1\u0159sk\u00fd n\u00e1bytek a kancel\u00e1\u0159sk\u00e9 \u017eidle Praha","og_url":"https:\/\/nobl.cz\/kancelarsky-nabytek\/sortiment\/manazersky-nabytek\/","og_site_name":"NO+BL kancel\u00e1\u0159sk\u00fd n\u00e1bytek a kancel\u00e1\u0159sk\u00e9 \u017eidle Praha","article_modified_time":"2017-01-31T20:54:57+00:00","twitter_card":"summary","twitter_misc":{"Odhadovan\u00e1 doba \u010dten\u00ed":"2 minuty"},"schema":{"@context":"https:\/\/schema.org","@graph":[{"@type":"WebSite","@id":"https:\/\/nobl.cz\/kancelarsky-nabytek\/#website","url":"https:\/\/nobl.cz\/kancelarsky-nabytek\/","name":"NO+BL kancel\u00e1\u0159sk\u00fd n\u00e1bytek a kancel\u00e1\u0159sk\u00e9 \u017eidle Praha","description":"V\u00e1\u0161 prodejce kancel\u00e1\u0159sk\u00e9ho n\u00e1bytku a kancel\u00e1\u0159sk\u00fdch k\u0159esel v Praze s tradic\u00ed ji\u017e v\u00edce jak 33 let. Nab\u00edz\u00edme tak\u00e9 opravy kancel\u00e1\u0159sk\u00fdch \u017eidl\u00ed.","potentialAction":[{"@type":"SearchAction","target":{"@type":"EntryPoint","urlTemplate":"https:\/\/nobl.cz\/kancelarsky-nabytek\/?s={search_term_string}"},"query-input":"required name=search_term_string"}],"inLanguage":"cs"},{"@type":"WebPage","@id":"https:\/\/nobl.cz\/kancelarsky-nabytek\/sortiment\/manazersky-nabytek\/#webpage","url":"https:\/\/nobl.cz\/kancelarsky-nabytek\/sortiment\/manazersky-nabytek\/","name":"Mana\u017eersk\u00fd n\u00e1bytek - NO+BL kancel\u00e1\u0159sk\u00fd n\u00e1bytek a kancel\u00e1\u0159sk\u00e9 \u017eidle Praha","isPartOf":{"@id":"https:\/\/nobl.cz\/kancelarsky-nabytek\/#website"},"datePublished":"2016-05-04T08:20:01+00:00","dateModified":"2017-01-31T20:54:57+00:00","breadcrumb":{"@id":"https:\/\/nobl.cz\/kancelarsky-nabytek\/sortiment\/manazersky-nabytek\/#breadcrumb"},"inLanguage":"cs","potentialAction":[{"@type":"ReadAction","target":["https:\/\/nobl.cz\/kancelarsky-nabytek\/sortiment\/manazersky-nabytek\/"]}]},{"@type":"BreadcrumbList","@id":"https:\/\/nobl.cz\/kancelarsky-nabytek\/sortiment\/manazersky-nabytek\/#breadcrumb","itemListElement":[{"@type":"ListItem","position":1,"name":"Dom\u016f","item":"https:\/\/nobl.cz\/kancelarsky-nabytek\/"},{"@type":"ListItem","position":2,"name":"Kancel\u00e1\u0159sk\u00fd n\u00e1bytek","item":"https:\/\/nobl.cz\/kancelarsky-nabytek\/sortiment\/"},{"@type":"ListItem","position":3,"name":"Mana\u017eersk\u00fd n\u00e1bytek"}]}]}},"_links":{"self":[{"href":"https:\/\/nobl.cz\/kancelarsky-nabytek\/wp-json\/wp\/v2\/pages\/4837"}],"collection":[{"href":"https:\/\/nobl.cz\/kancelarsky-nabytek\/wp-json\/wp\/v2\/pages"}],"about":[{"href":"https:\/\/nobl.cz\/kancelarsky-nabytek\/wp-json\/wp\/v2\/types\/page"}],"author":[{"embeddable":true,"href":"https:\/\/nobl.cz\/kancelarsky-nabytek\/wp-json\/wp\/v2\/users\/3"}],"replies":[{"embeddable":true,"href":"https:\/\/nobl.cz\/kancelarsky-nabytek\/wp-json\/wp\/v2\/comments?post=4837"}],"version-history":[{"count":38,"href":"https:\/\/nobl.cz\/kancelarsky-nabytek\/wp-json\/wp\/v2\/pages\/4837\/revisions"}],"predecessor-version":[{"id":7213,"href":"https:\/\/nobl.cz\/kancelarsky-nabytek\/wp-json\/wp\/v2\/pages\/4837\/revisions\/7213"}],"up":[{"embeddable":true,"href":"https:\/\/nobl.cz\/kancelarsky-nabytek\/wp-json\/wp\/v2\/pages\/519"}],"wp:attachment":[{"href":"https:\/\/nobl.cz\/kancelarsky-nabytek\/wp-json\/wp\/v2\/media?parent=4837"}],"curies":[{"name":"wp","href":"https:\/\/api.w.org\/{rel}","templated":true}]}}