{"id":3908,"date":"2016-04-15T10:28:19","date_gmt":"2016-04-15T09:28:19","guid":{"rendered":"http:\/\/nobl.cz\/kancelarsky-nabytek\/produkt\/kancelarska-zidle-laser\/"},"modified":"2025-04-01T12:04:57","modified_gmt":"2025-04-01T11:04:57","slug":"kancelarska-zidle-laser","status":"publish","type":"product","link":"https:\/\/nobl.cz\/kancelarsky-nabytek\/produkt\/kancelarska-zidle-laser\/","title":{"rendered":"Kancel\u00e1\u0159sk\u00e1 \u017eidle LASER"},"content":{"rendered":"<p style=\"text-align: justify;\">Kolekce <strong>LASER<\/strong> je s\u00e9ri\u00ed \u017eidl\u00ed navr\u017een\u00fdch jako sezen\u00ed pro jak\u00fdkoliv interi\u00e9r nebo u\u017eivatele v zaj\u00edmav\u00e9m a \u010dasu odol\u00e1vaj\u00edc\u00edm designu. Elegance, prakti\u010dnost, komfort, v\u00fdborn\u00e1 ergonomie a mo\u017enost dolad\u011bn\u00ed \u017eidle dle sv\u00e9 vlastn\u00ed pot\u0159eby voliteln\u00fdmi dopl\u0148ky \u2013 to je charakteristika kolekce <strong>LASER<\/strong>. Pln\u011b si uv\u011bdomujeme r\u016fznorodost pot\u0159eb jednotliv\u00fdch u\u017eivatel\u016f a projekt\u016f a to po str\u00e1nce designu, funk\u010dnosti i ceny. Z tohoto d\u016fvodu kolekce <strong>LASER<\/strong> zahrnuje \u0161irokou paletu jednotliv\u00fdch model\u016f a voliteln\u00fdch dopl\u0148k\u016f.<\/p>\n\t<div  class=\"row container \">\n<div class=\"small-12    large-3  columns   \"  ><div class=\"column-inner\"  >\n<a href=\"http:\/\/nobl.cz\/kancelarsky-nabytek\/wp-content\/uploads\/2016\/04\/laser_cenik.pdf\" class=\"button normal primary alt-button\" >CEN\u00cdK PDF<\/a>\n<\/div><\/div>\n<div class=\"small-12    large-3  columns   \"  ><div class=\"column-inner\"  >\n<a href=\"http:\/\/nobl.cz\/kancelarsky-nabytek\/wp-content\/uploads\/2016\/04\/Laser_catalogue.pdf\" class=\"button normal primary alt-button\" >KATALOG PDF<\/a>\n<\/div><\/div>\n<div class=\"small-12    large-3  columns   \"  ><div class=\"column-inner\"  >\n<a href=\"http:\/\/nobl.cz\/kancelarsky-nabytek\/wp-content\/uploads\/2016\/04\/laser_potahy.pdf\" class=\"button normal primary alt-button\" >L\u00c1TKY A BARVY<\/a>\n<\/div><\/div>\n<div class=\"small-12    large-3  columns   \"  ><div class=\"column-inner\"  >\n<a href=\"http:\/\/nobl.cz\/kancelarsky-nabytek\/\" class=\"button normal primary alt-button\" >3D MODELY<\/a>\n<\/div><\/div>\n<\/div>\n  \n","protected":false},"excerpt":{"rendered":"<p style=\"text-align: justify;\"><strong>Charakteristika:\u00a0<\/strong>Vysok\u00e9 kole\u010dkov\u00e9 k\u0159eslo vysok\u00e9 kvality s dlouhou z\u00e1rukou.<\/p>\n<p style=\"text-align: justify;\"><strong>Popis:<\/strong> Oto\u010dn\u00e9 kancel\u00e1\u0159sk\u00e9 k\u0159eslo, v\u00fd\u0161kov\u011b staviteln\u00fd sed\u00e1k s mo\u017enost\u00ed posunu. \u010caloun\u011bn\u00fd op\u011br\u00e1k, variantn\u011b s op\u011brkou hlavy a bedern\u00ed oporou, p\u011btiramenn\u00fd k\u0159\u00ed\u017e s kole\u010dky. Mo\u017enost v\u00fdb\u011bru z 9 typ\u016f staviteln\u00fdch podru\u010dek a 6 typ\u016f pevn\u00fdch designov\u00fdch podru\u010dek.<\/p>\n","protected":false},"featured_media":3913,"comment_status":"closed","ping_status":"closed","template":"","meta":[],"product_cat":[88],"product_tag":[85,112,103],"yoast_head":"<!-- This site is optimized with the Yoast SEO plugin v17.9 - https:\/\/yoast.com\/wordpress\/plugins\/seo\/ -->\n<title>Kancel\u00e1\u0159sk\u00e1 \u017eidle LASER - NO+BL kancel\u00e1\u0159sk\u00fd n\u00e1bytek a kancel\u00e1\u0159sk\u00e9 \u017eidle Praha<\/title>\n<meta name=\"robots\" content=\"index, follow, max-snippet:-1, max-image-preview:large, max-video-preview:-1\" \/>\n<link rel=\"canonical\" href=\"https:\/\/nobl.cz\/kancelarsky-nabytek\/produkt\/kancelarska-zidle-laser\/\" \/>\n<meta property=\"og:locale\" content=\"cs_CZ\" \/>\n<meta property=\"og:type\" content=\"article\" \/>\n<meta property=\"og:title\" content=\"Kancel\u00e1\u0159sk\u00e1 \u017eidle LASER - NO+BL kancel\u00e1\u0159sk\u00fd n\u00e1bytek a kancel\u00e1\u0159sk\u00e9 \u017eidle Praha\" \/>\n<meta property=\"og:description\" content=\"Charakteristika:\u00a0Vysok\u00e9 kole\u010dkov\u00e9 k\u0159eslo vysok\u00e9 kvality s dlouhou z\u00e1rukou. Popis: Oto\u010dn\u00e9 kancel\u00e1\u0159sk\u00e9 k\u0159eslo, v\u00fd\u0161kov\u011b staviteln\u00fd sed\u00e1k s mo\u017enost\u00ed posunu. \u010caloun\u011bn\u00fd op\u011br\u00e1k, variantn\u011b s op\u011brkou hlavy a bedern\u00ed oporou, p\u011btiramenn\u00fd k\u0159\u00ed\u017e s kole\u010dky. Mo\u017enost v\u00fdb\u011bru z 9 typ\u016f staviteln\u00fdch podru\u010dek a 6 typ\u016f pevn\u00fdch designov\u00fdch podru\u010dek.\" \/>\n<meta property=\"og:url\" content=\"https:\/\/nobl.cz\/kancelarsky-nabytek\/produkt\/kancelarska-zidle-laser\/\" \/>\n<meta property=\"og:site_name\" content=\"NO+BL kancel\u00e1\u0159sk\u00fd n\u00e1bytek a kancel\u00e1\u0159sk\u00e9 \u017eidle Praha\" \/>\n<meta property=\"article:modified_time\" content=\"2025-04-01T11:04:57+00:00\" \/>\n<meta property=\"og:image\" content=\"https:\/\/nobl.cz\/kancelarsky-nabytek\/wp-content\/uploads\/2016\/04\/Laser_697-SYS_V1_po.jpg\" \/>\n\t<meta property=\"og:image:width\" content=\"900\" \/>\n\t<meta property=\"og:image:height\" content=\"1200\" \/>\n\t<meta property=\"og:image:type\" content=\"image\/jpeg\" \/>\n<meta name=\"twitter:card\" content=\"summary\" \/>\n<meta name=\"twitter:label1\" content=\"Odhadovan\u00e1 doba \u010dten\u00ed\" \/>\n\t<meta name=\"twitter:data1\" content=\"1 minuta\" \/>\n<script type=\"application\/ld+json\" class=\"yoast-schema-graph\">{\"@context\":\"https:\/\/schema.org\",\"@graph\":[{\"@type\":\"WebSite\",\"@id\":\"https:\/\/nobl.cz\/kancelarsky-nabytek\/#website\",\"url\":\"https:\/\/nobl.cz\/kancelarsky-nabytek\/\",\"name\":\"NO+BL kancel\\u00e1\\u0159sk\\u00fd n\\u00e1bytek a kancel\\u00e1\\u0159sk\\u00e9 \\u017eidle Praha\",\"description\":\"V\\u00e1\\u0161 prodejce kancel\\u00e1\\u0159sk\\u00e9ho n\\u00e1bytku a kancel\\u00e1\\u0159sk\\u00fdch k\\u0159esel v Praze s tradic\\u00ed ji\\u017e v\\u00edce jak 33 let. Nab\\u00edz\\u00edme tak\\u00e9 opravy kancel\\u00e1\\u0159sk\\u00fdch \\u017eidl\\u00ed.\",\"potentialAction\":[{\"@type\":\"SearchAction\",\"target\":{\"@type\":\"EntryPoint\",\"urlTemplate\":\"https:\/\/nobl.cz\/kancelarsky-nabytek\/?s={search_term_string}\"},\"query-input\":\"required name=search_term_string\"}],\"inLanguage\":\"cs\"},{\"@type\":\"ImageObject\",\"@id\":\"https:\/\/nobl.cz\/kancelarsky-nabytek\/produkt\/kancelarska-zidle-laser\/#primaryimage\",\"inLanguage\":\"cs\",\"url\":\"https:\/\/nobl.cz\/kancelarsky-nabytek\/wp-content\/uploads\/2016\/04\/Laser_697-SYS_V1_po.jpg\",\"contentUrl\":\"https:\/\/nobl.cz\/kancelarsky-nabytek\/wp-content\/uploads\/2016\/04\/Laser_697-SYS_V1_po.jpg\",\"width\":\"900\",\"height\":\"1200\"},{\"@type\":\"WebPage\",\"@id\":\"https:\/\/nobl.cz\/kancelarsky-nabytek\/produkt\/kancelarska-zidle-laser\/#webpage\",\"url\":\"https:\/\/nobl.cz\/kancelarsky-nabytek\/produkt\/kancelarska-zidle-laser\/\",\"name\":\"Kancel\\u00e1\\u0159sk\\u00e1 \\u017eidle LASER - NO+BL kancel\\u00e1\\u0159sk\\u00fd n\\u00e1bytek a kancel\\u00e1\\u0159sk\\u00e9 \\u017eidle Praha\",\"isPartOf\":{\"@id\":\"https:\/\/nobl.cz\/kancelarsky-nabytek\/#website\"},\"primaryImageOfPage\":{\"@id\":\"https:\/\/nobl.cz\/kancelarsky-nabytek\/produkt\/kancelarska-zidle-laser\/#primaryimage\"},\"datePublished\":\"2016-04-15T09:28:19+00:00\",\"dateModified\":\"2025-04-01T11:04:57+00:00\",\"breadcrumb\":{\"@id\":\"https:\/\/nobl.cz\/kancelarsky-nabytek\/produkt\/kancelarska-zidle-laser\/#breadcrumb\"},\"inLanguage\":\"cs\",\"potentialAction\":[{\"@type\":\"ReadAction\",\"target\":[\"https:\/\/nobl.cz\/kancelarsky-nabytek\/produkt\/kancelarska-zidle-laser\/\"]}]},{\"@type\":\"BreadcrumbList\",\"@id\":\"https:\/\/nobl.cz\/kancelarsky-nabytek\/produkt\/kancelarska-zidle-laser\/#breadcrumb\",\"itemListElement\":[{\"@type\":\"ListItem\",\"position\":1,\"name\":\"Dom\\u016f\",\"item\":\"https:\/\/nobl.cz\/kancelarsky-nabytek\/\"},{\"@type\":\"ListItem\",\"position\":2,\"name\":\"Zobrazen\\u00ed v\\u0161ech \\u017eidl\\u00ed\",\"item\":\"https:\/\/nobl.cz\/kancelarsky-nabytek\/vsechny-kancelarske-zidle\/\"},{\"@type\":\"ListItem\",\"position\":3,\"name\":\"Kancel\\u00e1\\u0159sk\\u00e1 \\u017eidle LASER\"}]}]}<\/script>\n<!-- \/ Yoast SEO plugin. -->","yoast_head_json":{"title":"Kancel\u00e1\u0159sk\u00e1 \u017eidle LASER - NO+BL kancel\u00e1\u0159sk\u00fd n\u00e1bytek a kancel\u00e1\u0159sk\u00e9 \u017eidle Praha","robots":{"index":"index","follow":"follow","max-snippet":"max-snippet:-1","max-image-preview":"max-image-preview:large","max-video-preview":"max-video-preview:-1"},"canonical":"https:\/\/nobl.cz\/kancelarsky-nabytek\/produkt\/kancelarska-zidle-laser\/","og_locale":"cs_CZ","og_type":"article","og_title":"Kancel\u00e1\u0159sk\u00e1 \u017eidle LASER - NO+BL kancel\u00e1\u0159sk\u00fd n\u00e1bytek a kancel\u00e1\u0159sk\u00e9 \u017eidle Praha","og_description":"Charakteristika:\u00a0Vysok\u00e9 kole\u010dkov\u00e9 k\u0159eslo vysok\u00e9 kvality s dlouhou z\u00e1rukou. Popis: Oto\u010dn\u00e9 kancel\u00e1\u0159sk\u00e9 k\u0159eslo, v\u00fd\u0161kov\u011b staviteln\u00fd sed\u00e1k s mo\u017enost\u00ed posunu. \u010caloun\u011bn\u00fd op\u011br\u00e1k, variantn\u011b s op\u011brkou hlavy a bedern\u00ed oporou, p\u011btiramenn\u00fd k\u0159\u00ed\u017e s kole\u010dky. Mo\u017enost v\u00fdb\u011bru z 9 typ\u016f staviteln\u00fdch podru\u010dek a 6 typ\u016f pevn\u00fdch designov\u00fdch podru\u010dek.","og_url":"https:\/\/nobl.cz\/kancelarsky-nabytek\/produkt\/kancelarska-zidle-laser\/","og_site_name":"NO+BL kancel\u00e1\u0159sk\u00fd n\u00e1bytek a kancel\u00e1\u0159sk\u00e9 \u017eidle Praha","article_modified_time":"2025-04-01T11:04:57+00:00","og_image":[{"width":"900","height":"1200","url":"https:\/\/nobl.cz\/kancelarsky-nabytek\/wp-content\/uploads\/2016\/04\/Laser_697-SYS_V1_po.jpg","type":"image\/jpeg"}],"twitter_card":"summary","twitter_misc":{"Odhadovan\u00e1 doba \u010dten\u00ed":"1 minuta"},"schema":{"@context":"https:\/\/schema.org","@graph":[{"@type":"WebSite","@id":"https:\/\/nobl.cz\/kancelarsky-nabytek\/#website","url":"https:\/\/nobl.cz\/kancelarsky-nabytek\/","name":"NO+BL kancel\u00e1\u0159sk\u00fd n\u00e1bytek a kancel\u00e1\u0159sk\u00e9 \u017eidle Praha","description":"V\u00e1\u0161 prodejce kancel\u00e1\u0159sk\u00e9ho n\u00e1bytku a kancel\u00e1\u0159sk\u00fdch k\u0159esel v Praze s tradic\u00ed ji\u017e v\u00edce jak 33 let. Nab\u00edz\u00edme tak\u00e9 opravy kancel\u00e1\u0159sk\u00fdch \u017eidl\u00ed.","potentialAction":[{"@type":"SearchAction","target":{"@type":"EntryPoint","urlTemplate":"https:\/\/nobl.cz\/kancelarsky-nabytek\/?s={search_term_string}"},"query-input":"required name=search_term_string"}],"inLanguage":"cs"},{"@type":"ImageObject","@id":"https:\/\/nobl.cz\/kancelarsky-nabytek\/produkt\/kancelarska-zidle-laser\/#primaryimage","inLanguage":"cs","url":"https:\/\/nobl.cz\/kancelarsky-nabytek\/wp-content\/uploads\/2016\/04\/Laser_697-SYS_V1_po.jpg","contentUrl":"https:\/\/nobl.cz\/kancelarsky-nabytek\/wp-content\/uploads\/2016\/04\/Laser_697-SYS_V1_po.jpg","width":"900","height":"1200"},{"@type":"WebPage","@id":"https:\/\/nobl.cz\/kancelarsky-nabytek\/produkt\/kancelarska-zidle-laser\/#webpage","url":"https:\/\/nobl.cz\/kancelarsky-nabytek\/produkt\/kancelarska-zidle-laser\/","name":"Kancel\u00e1\u0159sk\u00e1 \u017eidle LASER - NO+BL kancel\u00e1\u0159sk\u00fd n\u00e1bytek a kancel\u00e1\u0159sk\u00e9 \u017eidle Praha","isPartOf":{"@id":"https:\/\/nobl.cz\/kancelarsky-nabytek\/#website"},"primaryImageOfPage":{"@id":"https:\/\/nobl.cz\/kancelarsky-nabytek\/produkt\/kancelarska-zidle-laser\/#primaryimage"},"datePublished":"2016-04-15T09:28:19+00:00","dateModified":"2025-04-01T11:04:57+00:00","breadcrumb":{"@id":"https:\/\/nobl.cz\/kancelarsky-nabytek\/produkt\/kancelarska-zidle-laser\/#breadcrumb"},"inLanguage":"cs","potentialAction":[{"@type":"ReadAction","target":["https:\/\/nobl.cz\/kancelarsky-nabytek\/produkt\/kancelarska-zidle-laser\/"]}]},{"@type":"BreadcrumbList","@id":"https:\/\/nobl.cz\/kancelarsky-nabytek\/produkt\/kancelarska-zidle-laser\/#breadcrumb","itemListElement":[{"@type":"ListItem","position":1,"name":"Dom\u016f","item":"https:\/\/nobl.cz\/kancelarsky-nabytek\/"},{"@type":"ListItem","position":2,"name":"Zobrazen\u00ed v\u0161ech \u017eidl\u00ed","item":"https:\/\/nobl.cz\/kancelarsky-nabytek\/vsechny-kancelarske-zidle\/"},{"@type":"ListItem","position":3,"name":"Kancel\u00e1\u0159sk\u00e1 \u017eidle LASER"}]}]}},"_links":{"self":[{"href":"https:\/\/nobl.cz\/kancelarsky-nabytek\/wp-json\/wp\/v2\/product\/3908"}],"collection":[{"href":"https:\/\/nobl.cz\/kancelarsky-nabytek\/wp-json\/wp\/v2\/product"}],"about":[{"href":"https:\/\/nobl.cz\/kancelarsky-nabytek\/wp-json\/wp\/v2\/types\/product"}],"replies":[{"embeddable":true,"href":"https:\/\/nobl.cz\/kancelarsky-nabytek\/wp-json\/wp\/v2\/comments?post=3908"}],"wp:featuredmedia":[{"embeddable":true,"href":"https:\/\/nobl.cz\/kancelarsky-nabytek\/wp-json\/wp\/v2\/media\/3913"}],"wp:attachment":[{"href":"https:\/\/nobl.cz\/kancelarsky-nabytek\/wp-json\/wp\/v2\/media?parent=3908"}],"wp:term":[{"taxonomy":"product_cat","embeddable":true,"href":"https:\/\/nobl.cz\/kancelarsky-nabytek\/wp-json\/wp\/v2\/product_cat?post=3908"},{"taxonomy":"product_tag","embeddable":true,"href":"https:\/\/nobl.cz\/kancelarsky-nabytek\/wp-json\/wp\/v2\/product_tag?post=3908"}],"curies":[{"name":"wp","href":"https:\/\/api.w.org\/{rel}","templated":true}]}}