{"id":6845,"date":"2016-05-19T11:24:09","date_gmt":"2016-05-19T10:24:09","guid":{"rendered":"http:\/\/nobl.cz\/kancelarsky-nabytek\/produkt\/konferencni-zidle-xenon-net\/"},"modified":"2023-03-24T17:59:46","modified_gmt":"2023-03-24T16:59:46","slug":"konferencni-zidle-xenon-net","status":"publish","type":"product","link":"https:\/\/nobl.cz\/kancelarsky-nabytek\/produkt\/konferencni-zidle-xenon-net\/","title":{"rendered":"Konferen\u010dn\u00ed \u017eidle XENON NET"},"content":{"rendered":"<p style=\"text-align: justify;\"><span class=\"hps\">XENON<\/span> <span class=\"hps\">je<\/span> <span class=\"hps\">nejnov\u011bj\u0161\u00ed<\/span> <span class=\"hps\">kolekce<\/span> <span class=\"hps\">\u017eidl\u00ed<\/span>, <span class=\"hps alt-edited\">ur\u010den\u00e1 pro<\/span> <span class=\"hps\">PROFIm<\/span> <span class=\"hps alt-edited\">od<\/span> <span class=\"hps\">ITO<\/span> <span class=\"hps\">Design,<\/span> <span class=\"hps\">n\u011bmeck\u00e9<\/span> <span class=\"hps\">konstruk\u010dn\u00ed<\/span> <span class=\"hps\">skupiny<\/span>. XENON \u017eidle <span class=\"hps\">byla vytvo\u0159ena <\/span><span class=\"hps\">pro uspokojen\u00ed pot\u0159eb<\/span> <span class=\"hps\">n\u00e1ro\u010dn\u00fdch<\/span> <span class=\"hps\">z\u00e1kazn\u00edk\u016f, kte\u0159\u00ed<\/span> <span class=\"hps\">kladou<\/span> <span class=\"hps\">zvl\u00e1\u0161tn\u00ed<\/span> <span class=\"hps\">d\u016fraz na<\/span> <span class=\"hps\">ergonomick\u00e9<\/span> <span class=\"hps\">\u0159e\u0161en\u00ed<\/span>, <span class=\"hps\">a p\u0159itom<\/span> <span class=\"hps alt-edited\">vy\u017eaduj\u00ed<\/span> <span class=\"hps\">nejv\u011bt\u0161\u00ed<\/span> <span class=\"hps\">pozornost,<\/span><span class=\"hps\">kter\u00e1 m\u00e1 b\u00fdt kladena<\/span> <span class=\"hps\">na<\/span> <span class=\"hps\">design a<\/span> <span class=\"hps\">estetiku<\/span>.<\/p>\n<p style=\"text-align: justify;\"><span class=\"hps\">XENON<\/span> <span class=\"hps\">je<\/span> <span class=\"hps\">z\u00e1sadn\u00ed<\/span> <span class=\"hps\">typ<\/span> <span class=\"hps\">\u017eidle<\/span> <span class=\"hps\">z<\/span> <span class=\"hps\">PROFIm<\/span>, <span class=\"hps\">co\u017e znamen\u00e1, \u017ee<\/span> <span class=\"hps alt-edited\">je vybavena<\/span> <span class=\"hps\">v\u0161emi pot\u0159ebn\u00fdmi<\/span> <span class=\"hps\">mechanismy a<\/span> <span class=\"hps\">mo\u017enostmi nastaven\u00ed<\/span>, kter\u00e9 <span class=\"hps\">byste o\u010dek\u00e1vali<\/span>, <span class=\"hps\">s<\/span> <span class=\"hps\">garanc\u00ed<\/span> <span class=\"hps\">pln\u00e9<\/span> <span class=\"hps\">ergonomie<\/span> <span class=\"hps\">za rozumnou cenu<\/span>. <span class=\"hps alt-edited\">Tato aktualizovan\u00e1<\/span> <span class=\"hps\">konstrukce \u017eidle<\/span> <span class=\"hps\">se m\u016f\u017ee pochlubit<\/span> <span class=\"hps\">unik\u00e1tn\u00ed<\/span>, <span class=\"hps\">dosud nev\u00eddanou<\/span> <span class=\"hps\">funkc\u00ed<\/span>, <span class=\"hps\">jako je nap\u0159\u00edklad<\/span> <span class=\"hps\">inovativn\u00ed<\/span> <span class=\"hps\">bedern\u00ed op\u011brka<\/span> <span class=\"hps\">a<\/span> <span class=\"hps\">loketn\u00ed op\u011brky<\/span> <span class=\"hps\">s<\/span> <span class=\"hps\">pol\u0161t\u00e1\u0159ky<\/span>, kter\u00e9 mohou <span class=\"hps\">b\u00fdt nastaveny<\/span> <span class=\"hps\">v libovoln\u00e9m <\/span><span class=\"hps\">horizont\u00e1ln\u00edm sm\u011bru<\/span>.<\/p>\n<p style=\"text-align: justify;\"><span class=\"hps\">Kolekce<\/span> <span class=\"hps\">nab\u00edz\u00ed<\/span> <span class=\"hps\">\u017eidle<\/span> <span class=\"hps\">jak s<\/span> <span class=\"hps\">n\u00edzk\u00fdmi a vysok\u00fdmi<\/span> <span class=\"hps\">op\u011bradly<\/span>, <span class=\"hps\">jsou k dispozici<\/span> <span class=\"hps\">v<\/span> <span class=\"hps\">r\u016fzn\u00fdch<\/span> <span class=\"hps\">proveden\u00edch<\/span> <span class=\"hps\">s n\u011bkolika typy<\/span> <span class=\"hps\">\u010daloun\u011bn\u00ed<\/span> <span class=\"hps\">ve v\u00edce ne\u017e <\/span><span class=\"hps\">130<\/span> <span class=\"hps\">barev<\/span>.<\/p>\n\t<div  class=\"row container \">\n<div class=\"small-12    large-3  columns   \"  ><div class=\"column-inner\"  >\n<a href=\"\/\/nobl.cz\/kancelarsky-nabytek\/wp-content\/uploads\/2016\/04\/056_xenon_net_cenik.pdf\" class=\"button normal primary alt-button\" >CEN\u00cdK V PDF<\/a>\n<\/div><\/div>\n<div class=\"small-12    large-3  columns   \"  ><div class=\"column-inner\"  >\n<a href=\"\/\/nobl.cz\/kancelarsky-nabytek\/wp-content\/uploads\/2016\/04\/xenon-xenon-net-profim-catalogue-en-03-2015-pdf.pdf\" class=\"button normal primary alt-button\" >KATALOG PDF<\/a>\n<\/div><\/div>\n<div class=\"small-12    large-3  columns   \"  ><div class=\"column-inner\"  >\n<a href=\"\/\/nobl.cz\/kancelarsky-nabytek\/wp-content\/uploads\/2023\/03\/latky_profim.pdf\" class=\"button normal primary alt-button\" >L\u00c1TKY A BARVY<\/a>\n<\/div><\/div>\n<div class=\"small-12    large-3  columns   \"  ><div class=\"column-inner\"  >\n<a href=\"#lightbox\" class=\"button normal primary alt-button\" >3D MODELY<\/a>\n \n\n<div id=\"lightbox\" class=\"mfp-hide mfp-content-inner lightbox-white\" style=\"max-width:600px;padding:20px\">\n    <div class=\"wpforms-container wpforms-container-full\" id=\"wpforms-3761\"><form id=\"wpforms-form-3761\" class=\"wpforms-validate wpforms-form\" data-formid=\"3761\" method=\"post\" enctype=\"multipart\/form-data\" action=\"\/kancelarsky-nabytek\/wp-json\/wp\/v2\/product\/6845\" data-token=\"6aa2bf7f7c1cfe75ca6d0bd3b370da5c\"><noscript class=\"wpforms-error-noscript\">Chcete-li vyplnit tento formul\u00e1\u0159, pros\u00edm povolte v prohl\u00ed\u017ee\u010di JavaScript.<\/noscript><div class=\"wpforms-field-container\"><div id=\"wpforms-3761-field_0-container\" class=\"wpforms-field wpforms-field-name\" data-field-id=\"0\"><label class=\"wpforms-field-label\" for=\"wpforms-3761-field_0\">Va\u0161e jm\u00e9no \/ Firma <span class=\"wpforms-required-label\">*<\/span><\/label><input type=\"text\" id=\"wpforms-3761-field_0\" class=\"wpforms-field-large wpforms-field-required\" name=\"wpforms[fields][0]\" required><\/div><div id=\"wpforms-3761-field_1-container\" class=\"wpforms-field wpforms-field-email\" data-field-id=\"1\"><label class=\"wpforms-field-label\" for=\"wpforms-3761-field_1\">E-mail <span class=\"wpforms-required-label\">*<\/span><\/label><input type=\"email\" id=\"wpforms-3761-field_1\" class=\"wpforms-field-large wpforms-field-required\" name=\"wpforms[fields][1]\" required><\/div><div id=\"wpforms-3761-field_2-container\" class=\"wpforms-field wpforms-field-textarea\" data-field-id=\"2\"><label class=\"wpforms-field-label\" for=\"wpforms-3761-field_2\">Specifikujte V\u00e1\u0161 dotaz, d\u011bkujeme. <span class=\"wpforms-required-label\">*<\/span><\/label><textarea id=\"wpforms-3761-field_2\" class=\"wpforms-field-medium wpforms-field-required\" name=\"wpforms[fields][2]\" required><\/textarea><\/div><div id=\"wpforms-3761-field_3-container\" class=\"wpforms-field wpforms-field-text\" data-field-id=\"3\"><label class=\"wpforms-field-label wpforms-label-hide\" for=\"wpforms-3761-field_3\">Single Line Text<\/label><input type=\"text\" id=\"wpforms-3761-field_3\" class=\"wpforms-field-large\" name=\"wpforms[fields][3]\" value=\"Konferen\u010dn\u00ed \u017eidle XENON NET\" ><\/div><div id=\"wpforms-3761-field_6-container\" class=\"wpforms-field wpforms-field-html\" data-field-id=\"6\"><div id=\"wpforms-3761-field_6\">Pros\u00edme, \u010dt\u011bte na\u0161e: <a href=\"https:\/\/nobl.cz\/kancelarsky-nabytek\/zasady-ochrany-osobnich-udaju\/\" target=\"_blank\">Z\u00e1sady ochrany osobn\u00edch \u00fadaj\u016f (GDPR)<\/a><\/div><\/div><div id=\"wpforms-3761-field_4-container\" class=\"wpforms-field wpforms-field-checkbox\" data-field-id=\"4\"><label class=\"wpforms-field-label wpforms-label-hide\" for=\"wpforms-3761-field_4\">Pou\u017eit\u00edm tohoto formul\u00e1\u0159e souhlas\u00edte s na\u0161imi z\u00e1sadami ochrany osobn\u00edch \u00fadaj\u016f.<\/label><ul id=\"wpforms-3761-field_4\"><li class=\"choice-1 depth-1\"><input type=\"checkbox\" id=\"wpforms-3761-field_4_1\" name=\"wpforms[fields][4][]\" value=\"Potvr\u010fte sv\u016fj souhlas se zpracov\u00e1n\u00edm osobn\u00edch \u00fadaj\u016f dle GDPR.\"  ><label class=\"wpforms-field-label-inline\" for=\"wpforms-3761-field_4_1\">Potvr\u010fte sv\u016fj souhlas se zpracov\u00e1n\u00edm osobn\u00edch \u00fadaj\u016f dle GDPR.<\/label><\/li><\/ul><\/div><div id=\"wpforms-3761-field_5-container\" class=\"wpforms-field wpforms-field-hidden\" data-field-id=\"5\"><input type=\"hidden\" id=\"wpforms-3761-field_5\" name=\"wpforms[fields][5]\" value=\"https:\/\/nobl.cz\/kancelarsky-nabytek\/kancelarsky-nabytek\/wp-json\/wp\/v2\/product\/6845\"><\/div><\/div><div class=\"wpforms-field wpforms-field-hp\"><label for=\"wpforms-3761-field-hp\" class=\"wpforms-field-label\">Name<\/label><input type=\"text\" name=\"wpforms[hp]\" id=\"wpforms-3761-field-hp\" class=\"wpforms-field-medium\"><\/div><div class=\"wpforms-recaptcha-container wpforms-is-recaptcha\"><div class=\"g-recaptcha\" data-sitekey=\"6LeX-R8TAAAAADA-ClPsvCvLb0QZZlrujKJzZuld\"><\/div><input type=\"text\" name=\"g-recaptcha-hidden\" class=\"wpforms-recaptcha-hidden\" style=\"position:absolute!important;clip:rect(0,0,0,0)!important;height:1px!important;width:1px!important;border:0!important;overflow:hidden!important;padding:0!important;margin:0!important;\" required><\/div><div class=\"wpforms-submit-container\"><input type=\"hidden\" name=\"wpforms[id]\" value=\"3761\"><input type=\"hidden\" name=\"wpforms[author]\" value=\"3\"><button type=\"submit\" name=\"wpforms[submit]\" id=\"wpforms-submit-3761\" class=\"wpforms-submit\" aria-live=\"assertive\" value=\"wpforms-submit\">Odeslat dotaz<\/button><\/div><\/form><\/div>  <!-- .wpforms-container -->\n<\/div><!-- Lightbox-lightbox -->\n\n<script>\njQuery(document).ready(function($) {\n\n      \n      $('a[href=\"#lightbox\"]').click(function(e){\n         \/\/ Close openend lightboxes\n         var delay = 0;\n         \n         if($.magnificPopup.open){\n            $.magnificPopup.close();\n            delay = 300;\n         }\n\n         \/\/ Start lightbox\n         setTimeout(function(){\n            $.magnificPopup.open({\n                  midClick: true,\n                  removalDelay: 300,\n                  items: {\n                    src: '#lightbox', \n                    type: 'inline'\n                  }\n            });\n          }, delay);\n\n        e.preventDefault();\n      });\n});\n<\/script>\n\n<\/div><\/div>\n<\/div>\n  \n","protected":false},"excerpt":{"rendered":"<p style=\"text-align: justify;\"><strong>Charakteristika: <\/strong>St\u0159edn\u00ed kole\u010dkov\u00e1 \u017eidle vysok\u00e9 kvality s dlouhou z\u00e1rukou.<\/p>\n<p style=\"text-align: justify;\"><strong>Popis:<\/strong>\u00a0Oto\u010dn\u00e1 kancel\u00e1\u0159sk\u00e1 \u017eidle, v\u00fd\u0161kov\u011b staviteln\u00fd sed\u00e1k s mo\u017enost\u00ed posunu. S\u00ed\u0165ovan\u00fd op\u011br\u00e1k, p\u011btiramenn\u00fd k\u0159\u00ed\u017e s kole\u010dky. Mo\u017enost v\u00fdb\u011bru ze 2 typ\u016f podru\u010dek.<\/p>\n","protected":false},"featured_media":3668,"comment_status":"closed","ping_status":"closed","template":"","meta":[],"product_cat":[82],"product_tag":[87,84,105],"yoast_head":"<!-- This site is optimized with the Yoast SEO plugin v17.9 - https:\/\/yoast.com\/wordpress\/plugins\/seo\/ -->\n<title>Konferen\u010dn\u00ed \u017eidle XENON NET - NO+BL kancel\u00e1\u0159sk\u00fd n\u00e1bytek a kancel\u00e1\u0159sk\u00e9 \u017eidle Praha<\/title>\n<meta name=\"robots\" content=\"index, follow, max-snippet:-1, max-image-preview:large, max-video-preview:-1\" \/>\n<link rel=\"canonical\" href=\"https:\/\/nobl.cz\/kancelarsky-nabytek\/produkt\/konferencni-zidle-xenon-net\/\" \/>\n<meta property=\"og:locale\" content=\"cs_CZ\" \/>\n<meta property=\"og:type\" content=\"article\" \/>\n<meta property=\"og:title\" content=\"Konferen\u010dn\u00ed \u017eidle XENON NET - NO+BL kancel\u00e1\u0159sk\u00fd n\u00e1bytek a kancel\u00e1\u0159sk\u00e9 \u017eidle Praha\" \/>\n<meta property=\"og:description\" content=\"Charakteristika: St\u0159edn\u00ed kole\u010dkov\u00e1 \u017eidle vysok\u00e9 kvality s dlouhou z\u00e1rukou. Popis:\u00a0Oto\u010dn\u00e1 kancel\u00e1\u0159sk\u00e1 \u017eidle, v\u00fd\u0161kov\u011b staviteln\u00fd sed\u00e1k s mo\u017enost\u00ed posunu. S\u00ed\u0165ovan\u00fd op\u011br\u00e1k, p\u011btiramenn\u00fd k\u0159\u00ed\u017e s kole\u010dky. Mo\u017enost v\u00fdb\u011bru ze 2 typ\u016f podru\u010dek.\" \/>\n<meta property=\"og:url\" content=\"https:\/\/nobl.cz\/kancelarsky-nabytek\/produkt\/konferencni-zidle-xenon-net\/\" \/>\n<meta property=\"og:site_name\" content=\"NO+BL kancel\u00e1\u0159sk\u00fd n\u00e1bytek a kancel\u00e1\u0159sk\u00e9 \u017eidle Praha\" \/>\n<meta property=\"article:modified_time\" content=\"2023-03-24T16:59:46+00:00\" \/>\n<meta property=\"og:image\" content=\"https:\/\/nobl.cz\/kancelarsky-nabytek\/wp-content\/uploads\/2016\/04\/xenon-net-20v-chrom-2p-jpg.jpg\" \/>\n\t<meta property=\"og:image:width\" content=\"600\" \/>\n\t<meta property=\"og:image:height\" content=\"900\" \/>\n\t<meta property=\"og:image:type\" content=\"image\/jpeg\" \/>\n<meta name=\"twitter:card\" content=\"summary\" \/>\n<meta name=\"twitter:label1\" content=\"Odhadovan\u00e1 doba \u010dten\u00ed\" \/>\n\t<meta name=\"twitter:data1\" content=\"1 minuta\" \/>\n<script type=\"application\/ld+json\" class=\"yoast-schema-graph\">{\"@context\":\"https:\/\/schema.org\",\"@graph\":[{\"@type\":\"WebSite\",\"@id\":\"https:\/\/nobl.cz\/kancelarsky-nabytek\/#website\",\"url\":\"https:\/\/nobl.cz\/kancelarsky-nabytek\/\",\"name\":\"NO+BL kancel\\u00e1\\u0159sk\\u00fd n\\u00e1bytek a kancel\\u00e1\\u0159sk\\u00e9 \\u017eidle Praha\",\"description\":\"V\\u00e1\\u0161 prodejce kancel\\u00e1\\u0159sk\\u00e9ho n\\u00e1bytku a kancel\\u00e1\\u0159sk\\u00fdch k\\u0159esel v Praze s tradic\\u00ed ji\\u017e v\\u00edce jak 33 let. Nab\\u00edz\\u00edme tak\\u00e9 opravy kancel\\u00e1\\u0159sk\\u00fdch \\u017eidl\\u00ed.\",\"potentialAction\":[{\"@type\":\"SearchAction\",\"target\":{\"@type\":\"EntryPoint\",\"urlTemplate\":\"https:\/\/nobl.cz\/kancelarsky-nabytek\/?s={search_term_string}\"},\"query-input\":\"required name=search_term_string\"}],\"inLanguage\":\"cs\"},{\"@type\":\"ImageObject\",\"@id\":\"https:\/\/nobl.cz\/kancelarsky-nabytek\/produkt\/konferencni-zidle-xenon-net\/#primaryimage\",\"inLanguage\":\"cs\",\"url\":\"https:\/\/nobl.cz\/kancelarsky-nabytek\/wp-content\/uploads\/2016\/04\/xenon-net-20v-chrom-2p-jpg.jpg\",\"contentUrl\":\"https:\/\/nobl.cz\/kancelarsky-nabytek\/wp-content\/uploads\/2016\/04\/xenon-net-20v-chrom-2p-jpg.jpg\",\"width\":600,\"height\":900},{\"@type\":\"WebPage\",\"@id\":\"https:\/\/nobl.cz\/kancelarsky-nabytek\/produkt\/konferencni-zidle-xenon-net\/#webpage\",\"url\":\"https:\/\/nobl.cz\/kancelarsky-nabytek\/produkt\/konferencni-zidle-xenon-net\/\",\"name\":\"Konferen\\u010dn\\u00ed \\u017eidle XENON NET - NO+BL kancel\\u00e1\\u0159sk\\u00fd n\\u00e1bytek a kancel\\u00e1\\u0159sk\\u00e9 \\u017eidle Praha\",\"isPartOf\":{\"@id\":\"https:\/\/nobl.cz\/kancelarsky-nabytek\/#website\"},\"primaryImageOfPage\":{\"@id\":\"https:\/\/nobl.cz\/kancelarsky-nabytek\/produkt\/konferencni-zidle-xenon-net\/#primaryimage\"},\"datePublished\":\"2016-05-19T10:24:09+00:00\",\"dateModified\":\"2023-03-24T16:59:46+00:00\",\"breadcrumb\":{\"@id\":\"https:\/\/nobl.cz\/kancelarsky-nabytek\/produkt\/konferencni-zidle-xenon-net\/#breadcrumb\"},\"inLanguage\":\"cs\",\"potentialAction\":[{\"@type\":\"ReadAction\",\"target\":[\"https:\/\/nobl.cz\/kancelarsky-nabytek\/produkt\/konferencni-zidle-xenon-net\/\"]}]},{\"@type\":\"BreadcrumbList\",\"@id\":\"https:\/\/nobl.cz\/kancelarsky-nabytek\/produkt\/konferencni-zidle-xenon-net\/#breadcrumb\",\"itemListElement\":[{\"@type\":\"ListItem\",\"position\":1,\"name\":\"Dom\\u016f\",\"item\":\"https:\/\/nobl.cz\/kancelarsky-nabytek\/\"},{\"@type\":\"ListItem\",\"position\":2,\"name\":\"Zobrazen\\u00ed v\\u0161ech \\u017eidl\\u00ed\",\"item\":\"https:\/\/nobl.cz\/kancelarsky-nabytek\/vsechny-kancelarske-zidle\/\"},{\"@type\":\"ListItem\",\"position\":3,\"name\":\"Konferen\\u010dn\\u00ed \\u017eidle XENON NET\"}]}]}<\/script>\n<!-- \/ Yoast SEO plugin. -->","yoast_head_json":{"title":"Konferen\u010dn\u00ed \u017eidle XENON NET - NO+BL kancel\u00e1\u0159sk\u00fd n\u00e1bytek a kancel\u00e1\u0159sk\u00e9 \u017eidle Praha","robots":{"index":"index","follow":"follow","max-snippet":"max-snippet:-1","max-image-preview":"max-image-preview:large","max-video-preview":"max-video-preview:-1"},"canonical":"https:\/\/nobl.cz\/kancelarsky-nabytek\/produkt\/konferencni-zidle-xenon-net\/","og_locale":"cs_CZ","og_type":"article","og_title":"Konferen\u010dn\u00ed \u017eidle XENON NET - NO+BL kancel\u00e1\u0159sk\u00fd n\u00e1bytek a kancel\u00e1\u0159sk\u00e9 \u017eidle Praha","og_description":"Charakteristika: St\u0159edn\u00ed kole\u010dkov\u00e1 \u017eidle vysok\u00e9 kvality s dlouhou z\u00e1rukou. Popis:\u00a0Oto\u010dn\u00e1 kancel\u00e1\u0159sk\u00e1 \u017eidle, v\u00fd\u0161kov\u011b staviteln\u00fd sed\u00e1k s mo\u017enost\u00ed posunu. S\u00ed\u0165ovan\u00fd op\u011br\u00e1k, p\u011btiramenn\u00fd k\u0159\u00ed\u017e s kole\u010dky. Mo\u017enost v\u00fdb\u011bru ze 2 typ\u016f podru\u010dek.","og_url":"https:\/\/nobl.cz\/kancelarsky-nabytek\/produkt\/konferencni-zidle-xenon-net\/","og_site_name":"NO+BL kancel\u00e1\u0159sk\u00fd n\u00e1bytek a kancel\u00e1\u0159sk\u00e9 \u017eidle Praha","article_modified_time":"2023-03-24T16:59:46+00:00","og_image":[{"width":600,"height":900,"url":"https:\/\/nobl.cz\/kancelarsky-nabytek\/wp-content\/uploads\/2016\/04\/xenon-net-20v-chrom-2p-jpg.jpg","type":"image\/jpeg"}],"twitter_card":"summary","twitter_misc":{"Odhadovan\u00e1 doba \u010dten\u00ed":"1 minuta"},"schema":{"@context":"https:\/\/schema.org","@graph":[{"@type":"WebSite","@id":"https:\/\/nobl.cz\/kancelarsky-nabytek\/#website","url":"https:\/\/nobl.cz\/kancelarsky-nabytek\/","name":"NO+BL kancel\u00e1\u0159sk\u00fd n\u00e1bytek a kancel\u00e1\u0159sk\u00e9 \u017eidle Praha","description":"V\u00e1\u0161 prodejce kancel\u00e1\u0159sk\u00e9ho n\u00e1bytku a kancel\u00e1\u0159sk\u00fdch k\u0159esel v Praze s tradic\u00ed ji\u017e v\u00edce jak 33 let. Nab\u00edz\u00edme tak\u00e9 opravy kancel\u00e1\u0159sk\u00fdch \u017eidl\u00ed.","potentialAction":[{"@type":"SearchAction","target":{"@type":"EntryPoint","urlTemplate":"https:\/\/nobl.cz\/kancelarsky-nabytek\/?s={search_term_string}"},"query-input":"required name=search_term_string"}],"inLanguage":"cs"},{"@type":"ImageObject","@id":"https:\/\/nobl.cz\/kancelarsky-nabytek\/produkt\/konferencni-zidle-xenon-net\/#primaryimage","inLanguage":"cs","url":"https:\/\/nobl.cz\/kancelarsky-nabytek\/wp-content\/uploads\/2016\/04\/xenon-net-20v-chrom-2p-jpg.jpg","contentUrl":"https:\/\/nobl.cz\/kancelarsky-nabytek\/wp-content\/uploads\/2016\/04\/xenon-net-20v-chrom-2p-jpg.jpg","width":600,"height":900},{"@type":"WebPage","@id":"https:\/\/nobl.cz\/kancelarsky-nabytek\/produkt\/konferencni-zidle-xenon-net\/#webpage","url":"https:\/\/nobl.cz\/kancelarsky-nabytek\/produkt\/konferencni-zidle-xenon-net\/","name":"Konferen\u010dn\u00ed \u017eidle XENON NET - NO+BL kancel\u00e1\u0159sk\u00fd n\u00e1bytek a kancel\u00e1\u0159sk\u00e9 \u017eidle Praha","isPartOf":{"@id":"https:\/\/nobl.cz\/kancelarsky-nabytek\/#website"},"primaryImageOfPage":{"@id":"https:\/\/nobl.cz\/kancelarsky-nabytek\/produkt\/konferencni-zidle-xenon-net\/#primaryimage"},"datePublished":"2016-05-19T10:24:09+00:00","dateModified":"2023-03-24T16:59:46+00:00","breadcrumb":{"@id":"https:\/\/nobl.cz\/kancelarsky-nabytek\/produkt\/konferencni-zidle-xenon-net\/#breadcrumb"},"inLanguage":"cs","potentialAction":[{"@type":"ReadAction","target":["https:\/\/nobl.cz\/kancelarsky-nabytek\/produkt\/konferencni-zidle-xenon-net\/"]}]},{"@type":"BreadcrumbList","@id":"https:\/\/nobl.cz\/kancelarsky-nabytek\/produkt\/konferencni-zidle-xenon-net\/#breadcrumb","itemListElement":[{"@type":"ListItem","position":1,"name":"Dom\u016f","item":"https:\/\/nobl.cz\/kancelarsky-nabytek\/"},{"@type":"ListItem","position":2,"name":"Zobrazen\u00ed v\u0161ech \u017eidl\u00ed","item":"https:\/\/nobl.cz\/kancelarsky-nabytek\/vsechny-kancelarske-zidle\/"},{"@type":"ListItem","position":3,"name":"Konferen\u010dn\u00ed \u017eidle XENON NET"}]}]}},"_links":{"self":[{"href":"https:\/\/nobl.cz\/kancelarsky-nabytek\/wp-json\/wp\/v2\/product\/6845"}],"collection":[{"href":"https:\/\/nobl.cz\/kancelarsky-nabytek\/wp-json\/wp\/v2\/product"}],"about":[{"href":"https:\/\/nobl.cz\/kancelarsky-nabytek\/wp-json\/wp\/v2\/types\/product"}],"replies":[{"embeddable":true,"href":"https:\/\/nobl.cz\/kancelarsky-nabytek\/wp-json\/wp\/v2\/comments?post=6845"}],"wp:featuredmedia":[{"embeddable":true,"href":"https:\/\/nobl.cz\/kancelarsky-nabytek\/wp-json\/wp\/v2\/media\/3668"}],"wp:attachment":[{"href":"https:\/\/nobl.cz\/kancelarsky-nabytek\/wp-json\/wp\/v2\/media?parent=6845"}],"wp:term":[{"taxonomy":"product_cat","embeddable":true,"href":"https:\/\/nobl.cz\/kancelarsky-nabytek\/wp-json\/wp\/v2\/product_cat?post=6845"},{"taxonomy":"product_tag","embeddable":true,"href":"https:\/\/nobl.cz\/kancelarsky-nabytek\/wp-json\/wp\/v2\/product_tag?post=6845"}],"curies":[{"name":"wp","href":"https:\/\/api.w.org\/{rel}","templated":true}]}}