{"id":6864,"date":"2016-05-20T06:55:59","date_gmt":"2016-05-20T05:55:59","guid":{"rendered":"http:\/\/nobl.cz\/kancelarsky-nabytek\/produkt\/konferencni-zidle-xenon\/"},"modified":"2023-03-24T17:58:55","modified_gmt":"2023-03-24T16:58:55","slug":"konferencni-zidle-xenon","status":"publish","type":"product","link":"https:\/\/nobl.cz\/kancelarsky-nabytek\/produkt\/konferencni-zidle-xenon\/","title":{"rendered":"Konferen\u010dn\u00ed \u017eidle XENON"},"content":{"rendered":"<p style=\"text-align: justify;\">Konferen\u010dn\u00ed \u017eidle <strong>Xenon<\/strong> vhodn\u011b dopl\u0148uje <a href=\"http:\/\/nobl.cz\/kancelarsky-nabytek\/produkt\/kancelarska-zidle-xenon\/\">pracovn\u00ed \u017eidli Xenon<\/a>. Konferen\u010dn\u00ed \u017eidle se dod\u00e1v\u00e1 v proveden\u00ed na \u010dty\u0159ech noh\u00e1ch (20H), p\u00e9rov\u00e9 kost\u0159e stohovateln\u00e9 (20V) a nestohovateln\u00e9 (20VN). Sed\u00e1k i op\u011br\u00e1k je mo\u017eno \u010dalounit l\u00e1tkou nebo k\u016f\u017e\u00ed dohromady do v\u00edce ne\u017e 130 odst\u00edn\u016f.<\/p>\n<p style=\"text-align: justify;\">Mo\u017enosti v\u00fdbavy: pevn\u00e9 podru\u010dky (2P) s polyuretanovou krytkou, kostra v \u010dern\u00e9m nebo \u0161ed\u00e9m n\u00e1st\u0159iku anebo chromovan\u00e1.<\/p>\n<p>&nbsp;<\/p>\n\t<div  class=\"row container \">\n<div class=\"small-12    large-3  columns   \"  ><div class=\"column-inner\"  >\n<a href=\"\/\/nobl.cz\/kancelarsky-nabytek\/wp-content\/uploads\/2016\/04\/048_xenon_cenik.pdf\" class=\"button normal primary alt-button\" >CEN\u00cdK V PDF<\/a>\n<\/div><\/div>\n<div class=\"small-12    large-3  columns   \"  ><div class=\"column-inner\"  >\n<a href=\"\/\/nobl.cz\/kancelarsky-nabytek\/wp-content\/uploads\/2016\/04\/xenon-xenon-net-profim-catalogue-en-03-2015-pdf.pdf\" class=\"button normal primary alt-button\" >KATALOG PDF<\/a>\n<\/div><\/div>\n<div class=\"small-12    large-3  columns   \"  ><div class=\"column-inner\"  >\n<a href=\"\/\/nobl.cz\/kancelarsky-nabytek\/wp-content\/uploads\/2023\/03\/latky_profim.pdf\" class=\"button normal primary alt-button\" >L\u00c1TKY A BARVY<\/a>\n<\/div><\/div>\n<div class=\"small-12    large-3  columns   \"  ><div class=\"column-inner\"  >\n<a href=\"#lightbox\" class=\"button normal primary alt-button\" >3D MODELY<\/a>\n \n\n<div id=\"lightbox\" class=\"mfp-hide mfp-content-inner lightbox-white\" style=\"max-width:600px;padding:20px\">\n    <div class=\"wpforms-container wpforms-container-full\" id=\"wpforms-3761\"><form id=\"wpforms-form-3761\" class=\"wpforms-validate wpforms-form\" data-formid=\"3761\" method=\"post\" enctype=\"multipart\/form-data\" action=\"\/kancelarsky-nabytek\/wp-json\/wp\/v2\/product\/6864\" data-token=\"6aa2bf7f7c1cfe75ca6d0bd3b370da5c\"><noscript class=\"wpforms-error-noscript\">Chcete-li vyplnit tento formul\u00e1\u0159, pros\u00edm povolte v prohl\u00ed\u017ee\u010di JavaScript.<\/noscript><div class=\"wpforms-field-container\"><div id=\"wpforms-3761-field_0-container\" class=\"wpforms-field wpforms-field-name\" data-field-id=\"0\"><label class=\"wpforms-field-label\" for=\"wpforms-3761-field_0\">Va\u0161e jm\u00e9no \/ Firma <span class=\"wpforms-required-label\">*<\/span><\/label><input type=\"text\" id=\"wpforms-3761-field_0\" class=\"wpforms-field-large wpforms-field-required\" name=\"wpforms[fields][0]\" required><\/div><div id=\"wpforms-3761-field_1-container\" class=\"wpforms-field wpforms-field-email\" data-field-id=\"1\"><label class=\"wpforms-field-label\" for=\"wpforms-3761-field_1\">E-mail <span class=\"wpforms-required-label\">*<\/span><\/label><input type=\"email\" id=\"wpforms-3761-field_1\" class=\"wpforms-field-large wpforms-field-required\" name=\"wpforms[fields][1]\" required><\/div><div id=\"wpforms-3761-field_2-container\" class=\"wpforms-field wpforms-field-textarea\" data-field-id=\"2\"><label class=\"wpforms-field-label\" for=\"wpforms-3761-field_2\">Specifikujte V\u00e1\u0161 dotaz, d\u011bkujeme. <span class=\"wpforms-required-label\">*<\/span><\/label><textarea id=\"wpforms-3761-field_2\" class=\"wpforms-field-medium wpforms-field-required\" name=\"wpforms[fields][2]\" required><\/textarea><\/div><div id=\"wpforms-3761-field_3-container\" class=\"wpforms-field wpforms-field-text\" data-field-id=\"3\"><label class=\"wpforms-field-label wpforms-label-hide\" for=\"wpforms-3761-field_3\">Single Line Text<\/label><input type=\"text\" id=\"wpforms-3761-field_3\" class=\"wpforms-field-large\" name=\"wpforms[fields][3]\" value=\"Konferen\u010dn\u00ed \u017eidle XENON\" ><\/div><div id=\"wpforms-3761-field_6-container\" class=\"wpforms-field wpforms-field-html\" data-field-id=\"6\"><div id=\"wpforms-3761-field_6\">Pros\u00edme, \u010dt\u011bte na\u0161e: <a href=\"https:\/\/nobl.cz\/kancelarsky-nabytek\/zasady-ochrany-osobnich-udaju\/\" target=\"_blank\">Z\u00e1sady ochrany osobn\u00edch \u00fadaj\u016f (GDPR)<\/a><\/div><\/div><div id=\"wpforms-3761-field_4-container\" class=\"wpforms-field wpforms-field-checkbox\" data-field-id=\"4\"><label class=\"wpforms-field-label wpforms-label-hide\" for=\"wpforms-3761-field_4\">Pou\u017eit\u00edm tohoto formul\u00e1\u0159e souhlas\u00edte s na\u0161imi z\u00e1sadami ochrany osobn\u00edch \u00fadaj\u016f.<\/label><ul id=\"wpforms-3761-field_4\"><li class=\"choice-1 depth-1\"><input type=\"checkbox\" id=\"wpforms-3761-field_4_1\" name=\"wpforms[fields][4][]\" value=\"Potvr\u010fte sv\u016fj souhlas se zpracov\u00e1n\u00edm osobn\u00edch \u00fadaj\u016f dle GDPR.\"  ><label class=\"wpforms-field-label-inline\" for=\"wpforms-3761-field_4_1\">Potvr\u010fte sv\u016fj souhlas se zpracov\u00e1n\u00edm osobn\u00edch \u00fadaj\u016f dle GDPR.<\/label><\/li><\/ul><\/div><div id=\"wpforms-3761-field_5-container\" class=\"wpforms-field wpforms-field-hidden\" data-field-id=\"5\"><input type=\"hidden\" id=\"wpforms-3761-field_5\" name=\"wpforms[fields][5]\" value=\"https:\/\/nobl.cz\/kancelarsky-nabytek\/kancelarsky-nabytek\/wp-json\/wp\/v2\/product\/6864\"><\/div><\/div><div class=\"wpforms-field wpforms-field-hp\"><label for=\"wpforms-3761-field-hp\" class=\"wpforms-field-label\">Phone<\/label><input type=\"text\" name=\"wpforms[hp]\" id=\"wpforms-3761-field-hp\" class=\"wpforms-field-medium\"><\/div><div class=\"wpforms-recaptcha-container wpforms-is-recaptcha\"><div class=\"g-recaptcha\" data-sitekey=\"6LeX-R8TAAAAADA-ClPsvCvLb0QZZlrujKJzZuld\"><\/div><input type=\"text\" name=\"g-recaptcha-hidden\" class=\"wpforms-recaptcha-hidden\" style=\"position:absolute!important;clip:rect(0,0,0,0)!important;height:1px!important;width:1px!important;border:0!important;overflow:hidden!important;padding:0!important;margin:0!important;\" required><\/div><div class=\"wpforms-submit-container\"><input type=\"hidden\" name=\"wpforms[id]\" value=\"3761\"><input type=\"hidden\" name=\"wpforms[author]\" value=\"3\"><button type=\"submit\" name=\"wpforms[submit]\" id=\"wpforms-submit-3761\" class=\"wpforms-submit\" aria-live=\"assertive\" value=\"wpforms-submit\">Odeslat dotaz<\/button><\/div><\/form><\/div>  <!-- .wpforms-container -->\n<\/div><!-- Lightbox-lightbox -->\n\n<script>\njQuery(document).ready(function($) {\n\n      \n      $('a[href=\"#lightbox\"]').click(function(e){\n         \/\/ Close openend lightboxes\n         var delay = 0;\n         \n         if($.magnificPopup.open){\n            $.magnificPopup.close();\n            delay = 300;\n         }\n\n         \/\/ Start lightbox\n         setTimeout(function(){\n            $.magnificPopup.open({\n                  midClick: true,\n                  removalDelay: 300,\n                  items: {\n                    src: '#lightbox', \n                    type: 'inline'\n                  }\n            });\n          }, delay);\n\n        e.preventDefault();\n      });\n});\n<\/script>\n\n<\/div><\/div>\n<\/div>\n  \n","protected":false},"excerpt":{"rendered":"<div class=\"short-description\">\n<p style=\"text-align: justify;\"><strong>Charakteristika:<\/strong> Konferen\u010dn\u00ed \u017eidle vysok\u00e9 kvality s dlouhou z\u00e1rukou.<\/p>\n<p style=\"text-align: justify;\"><strong>Popis:<\/strong>\u00a0Konferen\u010dn\u00ed \u017eidle, op\u011br\u00e1k i sed\u00e1k \u010daloun\u011bn\u00fd, v\u017edy na kluz\u00e1c\u00edch.\u00a0Mo\u017enosti v\u00fdbavy: pevn\u00e9 podru\u010dky, kostra \u010dern\u00e1, \u0161ed\u00e1 nebo chromovan\u00e1.<\/p>\n<p style=\"text-align: justify;\">Mo\u017en\u00e9 potahov\u00e9 materi\u00e1ly: vybran\u00e9 l\u00e1tky kategorie I, II, III a kategorie IV &#8211; \u010daloun\u011bn\u00ed v k\u016f\u017ei.<\/p>\n<\/div>\n","protected":false},"featured_media":3453,"comment_status":"closed","ping_status":"closed","template":"","meta":[],"product_cat":[82],"product_tag":[87,84,101],"yoast_head":"<!-- This site is optimized with the Yoast SEO plugin v17.9 - https:\/\/yoast.com\/wordpress\/plugins\/seo\/ -->\n<title>Konferen\u010dn\u00ed \u017eidle XENON - NO+BL kancel\u00e1\u0159sk\u00fd n\u00e1bytek a kancel\u00e1\u0159sk\u00e9 \u017eidle Praha<\/title>\n<meta name=\"robots\" content=\"index, follow, max-snippet:-1, max-image-preview:large, max-video-preview:-1\" \/>\n<link rel=\"canonical\" href=\"https:\/\/nobl.cz\/kancelarsky-nabytek\/produkt\/konferencni-zidle-xenon\/\" \/>\n<meta property=\"og:locale\" content=\"cs_CZ\" \/>\n<meta property=\"og:type\" content=\"article\" \/>\n<meta property=\"og:title\" content=\"Konferen\u010dn\u00ed \u017eidle XENON - NO+BL kancel\u00e1\u0159sk\u00fd n\u00e1bytek a kancel\u00e1\u0159sk\u00e9 \u017eidle Praha\" \/>\n<meta property=\"og:description\" content=\"Charakteristika: Konferen\u010dn\u00ed \u017eidle vysok\u00e9 kvality s dlouhou z\u00e1rukou. Popis:\u00a0Konferen\u010dn\u00ed \u017eidle, op\u011br\u00e1k i sed\u00e1k \u010daloun\u011bn\u00fd, v\u017edy na kluz\u00e1c\u00edch.\u00a0Mo\u017enosti v\u00fdbavy: pevn\u00e9 podru\u010dky, kostra \u010dern\u00e1, \u0161ed\u00e1 nebo chromovan\u00e1. Mo\u017en\u00e9 potahov\u00e9 materi\u00e1ly: vybran\u00e9 l\u00e1tky kategorie I, II, III a kategorie IV - \u010daloun\u011bn\u00ed v k\u016f\u017ei.\" \/>\n<meta property=\"og:url\" content=\"https:\/\/nobl.cz\/kancelarsky-nabytek\/produkt\/konferencni-zidle-xenon\/\" \/>\n<meta property=\"og:site_name\" content=\"NO+BL kancel\u00e1\u0159sk\u00fd n\u00e1bytek a kancel\u00e1\u0159sk\u00e9 \u017eidle Praha\" \/>\n<meta property=\"article:modified_time\" content=\"2023-03-24T16:58:55+00:00\" \/>\n<meta property=\"og:image\" content=\"https:\/\/nobl.cz\/kancelarsky-nabytek\/wp-content\/uploads\/2013\/08\/xenon-20h-chrom-2p-jpg.jpg\" \/>\n\t<meta property=\"og:image:width\" content=\"1280\" \/>\n\t<meta property=\"og:image:height\" content=\"1920\" \/>\n\t<meta property=\"og:image:type\" content=\"image\/jpeg\" \/>\n<meta name=\"twitter:card\" content=\"summary\" \/>\n<meta name=\"twitter:label1\" content=\"Odhadovan\u00e1 doba \u010dten\u00ed\" \/>\n\t<meta name=\"twitter:data1\" content=\"1 minuta\" \/>\n<script type=\"application\/ld+json\" class=\"yoast-schema-graph\">{\"@context\":\"https:\/\/schema.org\",\"@graph\":[{\"@type\":\"WebSite\",\"@id\":\"https:\/\/nobl.cz\/kancelarsky-nabytek\/#website\",\"url\":\"https:\/\/nobl.cz\/kancelarsky-nabytek\/\",\"name\":\"NO+BL kancel\\u00e1\\u0159sk\\u00fd n\\u00e1bytek a kancel\\u00e1\\u0159sk\\u00e9 \\u017eidle Praha\",\"description\":\"V\\u00e1\\u0161 prodejce kancel\\u00e1\\u0159sk\\u00e9ho n\\u00e1bytku a kancel\\u00e1\\u0159sk\\u00fdch k\\u0159esel v Praze s tradic\\u00ed ji\\u017e v\\u00edce jak 33 let. Nab\\u00edz\\u00edme tak\\u00e9 opravy kancel\\u00e1\\u0159sk\\u00fdch \\u017eidl\\u00ed.\",\"potentialAction\":[{\"@type\":\"SearchAction\",\"target\":{\"@type\":\"EntryPoint\",\"urlTemplate\":\"https:\/\/nobl.cz\/kancelarsky-nabytek\/?s={search_term_string}\"},\"query-input\":\"required name=search_term_string\"}],\"inLanguage\":\"cs\"},{\"@type\":\"ImageObject\",\"@id\":\"https:\/\/nobl.cz\/kancelarsky-nabytek\/produkt\/konferencni-zidle-xenon\/#primaryimage\",\"inLanguage\":\"cs\",\"url\":\"https:\/\/nobl.cz\/kancelarsky-nabytek\/wp-content\/uploads\/2013\/08\/xenon-20h-chrom-2p-jpg.jpg\",\"contentUrl\":\"https:\/\/nobl.cz\/kancelarsky-nabytek\/wp-content\/uploads\/2013\/08\/xenon-20h-chrom-2p-jpg.jpg\",\"width\":\"1280\",\"height\":\"1920\"},{\"@type\":\"WebPage\",\"@id\":\"https:\/\/nobl.cz\/kancelarsky-nabytek\/produkt\/konferencni-zidle-xenon\/#webpage\",\"url\":\"https:\/\/nobl.cz\/kancelarsky-nabytek\/produkt\/konferencni-zidle-xenon\/\",\"name\":\"Konferen\\u010dn\\u00ed \\u017eidle XENON - NO+BL kancel\\u00e1\\u0159sk\\u00fd n\\u00e1bytek a kancel\\u00e1\\u0159sk\\u00e9 \\u017eidle Praha\",\"isPartOf\":{\"@id\":\"https:\/\/nobl.cz\/kancelarsky-nabytek\/#website\"},\"primaryImageOfPage\":{\"@id\":\"https:\/\/nobl.cz\/kancelarsky-nabytek\/produkt\/konferencni-zidle-xenon\/#primaryimage\"},\"datePublished\":\"2016-05-20T05:55:59+00:00\",\"dateModified\":\"2023-03-24T16:58:55+00:00\",\"breadcrumb\":{\"@id\":\"https:\/\/nobl.cz\/kancelarsky-nabytek\/produkt\/konferencni-zidle-xenon\/#breadcrumb\"},\"inLanguage\":\"cs\",\"potentialAction\":[{\"@type\":\"ReadAction\",\"target\":[\"https:\/\/nobl.cz\/kancelarsky-nabytek\/produkt\/konferencni-zidle-xenon\/\"]}]},{\"@type\":\"BreadcrumbList\",\"@id\":\"https:\/\/nobl.cz\/kancelarsky-nabytek\/produkt\/konferencni-zidle-xenon\/#breadcrumb\",\"itemListElement\":[{\"@type\":\"ListItem\",\"position\":1,\"name\":\"Dom\\u016f\",\"item\":\"https:\/\/nobl.cz\/kancelarsky-nabytek\/\"},{\"@type\":\"ListItem\",\"position\":2,\"name\":\"Zobrazen\\u00ed v\\u0161ech \\u017eidl\\u00ed\",\"item\":\"https:\/\/nobl.cz\/kancelarsky-nabytek\/vsechny-kancelarske-zidle\/\"},{\"@type\":\"ListItem\",\"position\":3,\"name\":\"Konferen\\u010dn\\u00ed \\u017eidle XENON\"}]}]}<\/script>\n<!-- \/ Yoast SEO plugin. -->","yoast_head_json":{"title":"Konferen\u010dn\u00ed \u017eidle XENON - NO+BL kancel\u00e1\u0159sk\u00fd n\u00e1bytek a kancel\u00e1\u0159sk\u00e9 \u017eidle Praha","robots":{"index":"index","follow":"follow","max-snippet":"max-snippet:-1","max-image-preview":"max-image-preview:large","max-video-preview":"max-video-preview:-1"},"canonical":"https:\/\/nobl.cz\/kancelarsky-nabytek\/produkt\/konferencni-zidle-xenon\/","og_locale":"cs_CZ","og_type":"article","og_title":"Konferen\u010dn\u00ed \u017eidle XENON - NO+BL kancel\u00e1\u0159sk\u00fd n\u00e1bytek a kancel\u00e1\u0159sk\u00e9 \u017eidle Praha","og_description":"Charakteristika: Konferen\u010dn\u00ed \u017eidle vysok\u00e9 kvality s dlouhou z\u00e1rukou. Popis:\u00a0Konferen\u010dn\u00ed \u017eidle, op\u011br\u00e1k i sed\u00e1k \u010daloun\u011bn\u00fd, v\u017edy na kluz\u00e1c\u00edch.\u00a0Mo\u017enosti v\u00fdbavy: pevn\u00e9 podru\u010dky, kostra \u010dern\u00e1, \u0161ed\u00e1 nebo chromovan\u00e1. Mo\u017en\u00e9 potahov\u00e9 materi\u00e1ly: vybran\u00e9 l\u00e1tky kategorie I, II, III a kategorie IV - \u010daloun\u011bn\u00ed v k\u016f\u017ei.","og_url":"https:\/\/nobl.cz\/kancelarsky-nabytek\/produkt\/konferencni-zidle-xenon\/","og_site_name":"NO+BL kancel\u00e1\u0159sk\u00fd n\u00e1bytek a kancel\u00e1\u0159sk\u00e9 \u017eidle Praha","article_modified_time":"2023-03-24T16:58:55+00:00","og_image":[{"width":"1280","height":"1920","url":"https:\/\/nobl.cz\/kancelarsky-nabytek\/wp-content\/uploads\/2013\/08\/xenon-20h-chrom-2p-jpg.jpg","type":"image\/jpeg"}],"twitter_card":"summary","twitter_misc":{"Odhadovan\u00e1 doba \u010dten\u00ed":"1 minuta"},"schema":{"@context":"https:\/\/schema.org","@graph":[{"@type":"WebSite","@id":"https:\/\/nobl.cz\/kancelarsky-nabytek\/#website","url":"https:\/\/nobl.cz\/kancelarsky-nabytek\/","name":"NO+BL kancel\u00e1\u0159sk\u00fd n\u00e1bytek a kancel\u00e1\u0159sk\u00e9 \u017eidle Praha","description":"V\u00e1\u0161 prodejce kancel\u00e1\u0159sk\u00e9ho n\u00e1bytku a kancel\u00e1\u0159sk\u00fdch k\u0159esel v Praze s tradic\u00ed ji\u017e v\u00edce jak 33 let. Nab\u00edz\u00edme tak\u00e9 opravy kancel\u00e1\u0159sk\u00fdch \u017eidl\u00ed.","potentialAction":[{"@type":"SearchAction","target":{"@type":"EntryPoint","urlTemplate":"https:\/\/nobl.cz\/kancelarsky-nabytek\/?s={search_term_string}"},"query-input":"required name=search_term_string"}],"inLanguage":"cs"},{"@type":"ImageObject","@id":"https:\/\/nobl.cz\/kancelarsky-nabytek\/produkt\/konferencni-zidle-xenon\/#primaryimage","inLanguage":"cs","url":"https:\/\/nobl.cz\/kancelarsky-nabytek\/wp-content\/uploads\/2013\/08\/xenon-20h-chrom-2p-jpg.jpg","contentUrl":"https:\/\/nobl.cz\/kancelarsky-nabytek\/wp-content\/uploads\/2013\/08\/xenon-20h-chrom-2p-jpg.jpg","width":"1280","height":"1920"},{"@type":"WebPage","@id":"https:\/\/nobl.cz\/kancelarsky-nabytek\/produkt\/konferencni-zidle-xenon\/#webpage","url":"https:\/\/nobl.cz\/kancelarsky-nabytek\/produkt\/konferencni-zidle-xenon\/","name":"Konferen\u010dn\u00ed \u017eidle XENON - NO+BL kancel\u00e1\u0159sk\u00fd n\u00e1bytek a kancel\u00e1\u0159sk\u00e9 \u017eidle Praha","isPartOf":{"@id":"https:\/\/nobl.cz\/kancelarsky-nabytek\/#website"},"primaryImageOfPage":{"@id":"https:\/\/nobl.cz\/kancelarsky-nabytek\/produkt\/konferencni-zidle-xenon\/#primaryimage"},"datePublished":"2016-05-20T05:55:59+00:00","dateModified":"2023-03-24T16:58:55+00:00","breadcrumb":{"@id":"https:\/\/nobl.cz\/kancelarsky-nabytek\/produkt\/konferencni-zidle-xenon\/#breadcrumb"},"inLanguage":"cs","potentialAction":[{"@type":"ReadAction","target":["https:\/\/nobl.cz\/kancelarsky-nabytek\/produkt\/konferencni-zidle-xenon\/"]}]},{"@type":"BreadcrumbList","@id":"https:\/\/nobl.cz\/kancelarsky-nabytek\/produkt\/konferencni-zidle-xenon\/#breadcrumb","itemListElement":[{"@type":"ListItem","position":1,"name":"Dom\u016f","item":"https:\/\/nobl.cz\/kancelarsky-nabytek\/"},{"@type":"ListItem","position":2,"name":"Zobrazen\u00ed v\u0161ech \u017eidl\u00ed","item":"https:\/\/nobl.cz\/kancelarsky-nabytek\/vsechny-kancelarske-zidle\/"},{"@type":"ListItem","position":3,"name":"Konferen\u010dn\u00ed \u017eidle XENON"}]}]}},"_links":{"self":[{"href":"https:\/\/nobl.cz\/kancelarsky-nabytek\/wp-json\/wp\/v2\/product\/6864"}],"collection":[{"href":"https:\/\/nobl.cz\/kancelarsky-nabytek\/wp-json\/wp\/v2\/product"}],"about":[{"href":"https:\/\/nobl.cz\/kancelarsky-nabytek\/wp-json\/wp\/v2\/types\/product"}],"replies":[{"embeddable":true,"href":"https:\/\/nobl.cz\/kancelarsky-nabytek\/wp-json\/wp\/v2\/comments?post=6864"}],"wp:featuredmedia":[{"embeddable":true,"href":"https:\/\/nobl.cz\/kancelarsky-nabytek\/wp-json\/wp\/v2\/media\/3453"}],"wp:attachment":[{"href":"https:\/\/nobl.cz\/kancelarsky-nabytek\/wp-json\/wp\/v2\/media?parent=6864"}],"wp:term":[{"taxonomy":"product_cat","embeddable":true,"href":"https:\/\/nobl.cz\/kancelarsky-nabytek\/wp-json\/wp\/v2\/product_cat?post=6864"},{"taxonomy":"product_tag","embeddable":true,"href":"https:\/\/nobl.cz\/kancelarsky-nabytek\/wp-json\/wp\/v2\/product_tag?post=6864"}],"curies":[{"name":"wp","href":"https:\/\/api.w.org\/{rel}","templated":true}]}}