{"id":6908,"date":"2016-05-24T12:56:29","date_gmt":"2016-05-24T11:56:29","guid":{"rendered":"http:\/\/nobl.cz\/kancelarsky-nabytek\/produkt\/konferencni-kreslo-vancouver-lite\/"},"modified":"2023-03-24T17:53:20","modified_gmt":"2023-03-24T16:53:20","slug":"konferencni-kreslo-vancouver-lite","status":"publish","type":"product","link":"https:\/\/nobl.cz\/kancelarsky-nabytek\/produkt\/konferencni-kreslo-vancouver-lite\/","title":{"rendered":"Konferen\u010dn\u00ed k\u0159eslo VANCOUVER LITE"},"content":{"rendered":"<p style=\"text-align: justify;\">\u0158ada <strong>Vancouver Lite<\/strong> obsahuje k\u0159esla a seda\u010dky a nab\u00edz\u00ed stroh\u00e9 kubick\u00e9 tvary, kter\u00e9 dokonale zapadaj\u00ed do stylu modern\u00edch kancel\u00e1\u0159sk\u00fdch prostor\u016f. Elegantn\u00ed design a pe\u010dliv\u00fd v\u00fdb\u011br materi\u00e1l\u016f \u0159ady <strong>Vancouver Lite<\/strong> oce\u0148uj\u00ed v\u0161ichni est\u00e9ti se smyslem pro detail.<\/p>\n<p>Cel\u00e1 kolekce je dopln\u011bna o \u0159adu modern\u00edch &#8211; kulat\u00fdch a hranat\u00fdch puf\u016f <strong><a href=\"http:\/\/nobl.cz\/kancelarsky-nabytek\/produkt\/konferencni-kreslo-vancouver-oto\/\">Vancouver Oto<\/a><\/strong>. Ka\u017ed\u00fd puf je dostupn\u00fd ve dvou velikostech. Hranat\u00e9 pufy je mo\u017eno spojovat za pomoci spojovac\u00edch \u010dl\u00e1nk\u016f.<\/p>\n\t<div  class=\"row container \">\n<div class=\"small-12    large-3  columns   \"  ><div class=\"column-inner\"  >\n<a href=\"\/\/nobl.cz\/kancelarsky-nabytek\/wp-content\/uploads\/2016\/05\/156_vancouver_lite_cenik.pdf\" class=\"button normal primary alt-button\" >CEN\u00cdK V PDF<\/a>\n<\/div><\/div>\n<div class=\"small-12    large-3  columns   \"  ><div class=\"column-inner\"  >\n<a href=\"\/\/nobl.cz\/kancelarsky-nabytek\/wp-content\/uploads\/2016\/05\/soft-seating-stoly-a-vesaky-03-2016_profim.pdf\" class=\"button normal primary alt-button\" >KATALOG PDF<\/a>\n<\/div><\/div>\n<div class=\"small-12    large-3  columns   \"  ><div class=\"column-inner\"  >\n<a href=\"\/\/nobl.cz\/kancelarsky-nabytek\/wp-content\/uploads\/2023\/03\/latky_profim.pdf\" class=\"button normal primary alt-button\" >L\u00c1TKY A BARVY<\/a>\n<\/div><\/div>\n<div class=\"small-12    large-3  columns   \"  ><div class=\"column-inner\"  >\n<a href=\"#lightbox\" class=\"button normal primary alt-button\" >3D MODELY<\/a>\n \n\n<div id=\"lightbox\" class=\"mfp-hide mfp-content-inner lightbox-white\" style=\"max-width:600px;padding:20px\">\n    <div class=\"wpforms-container wpforms-container-full\" id=\"wpforms-5125\"><form id=\"wpforms-form-5125\" class=\"wpforms-validate wpforms-form\" data-formid=\"5125\" method=\"post\" enctype=\"multipart\/form-data\" action=\"\/kancelarsky-nabytek\/wp-json\/wp\/v2\/product\/6908\" data-token=\"2c796cfb632a2c2e2748964babdaeb11\"><noscript class=\"wpforms-error-noscript\">Chcete-li vyplnit tento formul\u00e1\u0159, pros\u00edm povolte v prohl\u00ed\u017ee\u010di JavaScript.<\/noscript><div class=\"wpforms-field-container\"><div id=\"wpforms-5125-field_7-container\" class=\"wpforms-field wpforms-field-name\" data-field-id=\"7\"><label class=\"wpforms-field-label\" for=\"wpforms-5125-field_7\">Va\u0161e jm\u00e9no \/ Firma: <span class=\"wpforms-required-label\">*<\/span><\/label><input type=\"text\" id=\"wpforms-5125-field_7\" class=\"wpforms-field-large wpforms-field-required\" name=\"wpforms[fields][7]\" required><\/div><div id=\"wpforms-5125-field_1-container\" class=\"wpforms-field wpforms-field-email\" data-field-id=\"1\"><label class=\"wpforms-field-label\" for=\"wpforms-5125-field_1\">E-mail <span class=\"wpforms-required-label\">*<\/span><\/label><input type=\"email\" id=\"wpforms-5125-field_1\" class=\"wpforms-field-large wpforms-field-required\" name=\"wpforms[fields][1]\" required><\/div><div id=\"wpforms-5125-field_8-container\" class=\"wpforms-field wpforms-field-select wpforms-field-select-style-classic\" data-field-id=\"8\"><label class=\"wpforms-field-label\" for=\"wpforms-5125-field_8\">Zvolte form\u00e1t 3D model\u016f, kter\u00e9 m\u00e1me zaslat: <span class=\"wpforms-required-label\">*<\/span><\/label><select id=\"wpforms-5125-field_8\" class=\"wpforms-field-large wpforms-field-required\" name=\"wpforms[fields][8]\" required=\"required\"><option value=\"ACO - ArCon - vizu\u00e1ln\u00ed architektura\" >ACO - ArCon - vizu\u00e1ln\u00ed architektura<\/option><option value=\"DWG - AutoCAD\" >DWG - AutoCAD<\/option><option value=\"3DS - Obecn\u00fd form\u00e1t\" >3DS - Obecn\u00fd form\u00e1t<\/option><\/select><\/div><div id=\"wpforms-5125-field_2-container\" class=\"wpforms-field wpforms-field-textarea\" data-field-id=\"2\"><label class=\"wpforms-field-label\" for=\"wpforms-5125-field_2\">P\u0159idat pozn\u00e1mku (voliteln\u00e9): <span class=\"wpforms-required-label\">*<\/span><\/label><textarea id=\"wpforms-5125-field_2\" class=\"wpforms-field-medium wpforms-field-required\" name=\"wpforms[fields][2]\" required><\/textarea><\/div><div id=\"wpforms-5125-field_6-container\" class=\"wpforms-field wpforms-field-text\" data-field-id=\"6\"><label class=\"wpforms-field-label wpforms-label-hide\" for=\"wpforms-5125-field_6\">URL str\u00e1nka Va\u0161eho dotazu: <span class=\"wpforms-required-label\">*<\/span><\/label><input type=\"text\" id=\"wpforms-5125-field_6\" class=\"wpforms-field-large wpforms-field-required\" name=\"wpforms[fields][6]\" value=\"Konferen\u010dn\u00ed k\u0159eslo VANCOUVER LITE \" required><\/div><div id=\"wpforms-5125-field_10-container\" class=\"wpforms-field wpforms-field-html\" data-field-id=\"10\"><div id=\"wpforms-5125-field_10\">Pros\u00edme, \u010dt\u011bte na\u0161e: <a href=\"https:\/\/nobl.cz\/kancelarsky-nabytek\/zasady-ochrany-osobnich-udaju\/\" target=\"_blank\">Z\u00e1sad ochrany osobn\u00edch \u00fadaj\u016f (GDPR)<\/a><\/div><\/div><div id=\"wpforms-5125-field_9-container\" class=\"wpforms-field wpforms-field-checkbox\" data-field-id=\"9\"><label class=\"wpforms-field-label wpforms-label-hide\" for=\"wpforms-5125-field_9\">Pou\u017eit\u00edm tohoto formul\u00e1\u0159e souhlas\u00edte s na\u0161imi z\u00e1sadami ochrany osobn\u00edch \u00fadaj\u016f.<\/label><ul id=\"wpforms-5125-field_9\"><li class=\"choice-1 depth-1\"><input type=\"checkbox\" id=\"wpforms-5125-field_9_1\" name=\"wpforms[fields][9][]\" value=\"Potvr\u010fte sv\u016fj souhlas se zpracov\u00e1n\u00edm osobn\u00edch \u00fadaj\u016f dle GDPR.\"  ><label class=\"wpforms-field-label-inline\" for=\"wpforms-5125-field_9_1\">Potvr\u010fte sv\u016fj souhlas se zpracov\u00e1n\u00edm osobn\u00edch \u00fadaj\u016f dle GDPR.<\/label><\/li><\/ul><\/div><div id=\"wpforms-5125-field_11-container\" class=\"wpforms-field wpforms-field-hidden\" data-field-id=\"11\"><input type=\"hidden\" id=\"wpforms-5125-field_11\" name=\"wpforms[fields][11]\" value=\"https:\/\/nobl.cz\/kancelarsky-nabytek\/kancelarsky-nabytek\/wp-json\/wp\/v2\/product\/6908\"><\/div><\/div><div class=\"wpforms-field wpforms-field-hp\"><label for=\"wpforms-5125-field-hp\" class=\"wpforms-field-label\">Comment<\/label><input type=\"text\" name=\"wpforms[hp]\" id=\"wpforms-5125-field-hp\" class=\"wpforms-field-medium\"><\/div><div class=\"wpforms-recaptcha-container wpforms-is-recaptcha\"><div class=\"g-recaptcha\" data-sitekey=\"6LeX-R8TAAAAADA-ClPsvCvLb0QZZlrujKJzZuld\"><\/div><input type=\"text\" name=\"g-recaptcha-hidden\" class=\"wpforms-recaptcha-hidden\" style=\"position:absolute!important;clip:rect(0,0,0,0)!important;height:1px!important;width:1px!important;border:0!important;overflow:hidden!important;padding:0!important;margin:0!important;\" required><\/div><div class=\"wpforms-submit-container\"><input type=\"hidden\" name=\"wpforms[id]\" value=\"5125\"><input type=\"hidden\" name=\"wpforms[author]\" value=\"3\"><button type=\"submit\" name=\"wpforms[submit]\" id=\"wpforms-submit-5125\" class=\"wpforms-submit\" aria-live=\"assertive\" value=\"wpforms-submit\">Odeslat dotaz<\/button><\/div><\/form><\/div>  <!-- .wpforms-container -->\n<\/div><!-- Lightbox-lightbox -->\n\n<script>\njQuery(document).ready(function($) {\n\n      \n      $('a[href=\"#lightbox\"]').click(function(e){\n         \/\/ Close openend lightboxes\n         var delay = 0;\n         \n         if($.magnificPopup.open){\n            $.magnificPopup.close();\n            delay = 300;\n         }\n\n         \/\/ Start lightbox\n         setTimeout(function(){\n            $.magnificPopup.open({\n                  midClick: true,\n                  removalDelay: 300,\n                  items: {\n                    src: '#lightbox', \n                    type: 'inline'\n                  }\n            });\n          }, delay);\n\n        e.preventDefault();\n      });\n});\n<\/script>\n\n<\/div><\/div>\n<\/div>\n  \n","protected":false},"excerpt":{"rendered":"<div class=\"short-description\">\n<p><strong>Charakteristika:<\/strong> Konferen\u010dn\u00ed k\u0159eslo vysok\u00e9 kvality s \u0161estiletou z\u00e1rukou.<\/p>\n<p style=\"text-align: justify;\"><strong>Popis:<\/strong> Konferen\u010dn\u00ed k\u0159eslo, dvou a dvouap\u016fl k\u0159eslo a trojk\u0159eslo; sed\u00e1k \u2013 r\u00e1m z masivn\u00edho d\u0159eva s namontovan\u00fdmi pru\u017einami a \u0159ezanou p\u011bnou, zb\u00fdvaj\u00edc\u00ed \u010d\u00e1sti r\u00e1mu: p\u0159ekli\u017eka, d\u0159evot\u0159\u00edskov\u00e1 deska. Mo\u017enosti v\u00fdbavy: (H) \u010dty\u0159noh\u00e1 kostra nebo (V) li\u017einy kovov\u00e9 \u0161ed\u00e9 nebo chromovan\u00e9, akustick\u00e9 parav\u00e1ny. Mo\u017en\u00e9 potahov\u00e9 materi\u00e1ly: kategorie l\u00e1tek I, II, III a kategorie IV k\u016f\u017ee, mo\u017enost kombinace \u010daloun\u011bn\u00ed k\u016f\u017ee na pohledov\u00fdch ploch\u00e1ch a ko\u017eenky na nepohledov\u00fdch.<\/p>\n<\/div>\n","protected":false},"featured_media":6917,"comment_status":"closed","ping_status":"closed","template":"","meta":[],"product_cat":[82],"product_tag":[87,84,191,193],"yoast_head":"<!-- This site is optimized with the Yoast SEO plugin v17.9 - https:\/\/yoast.com\/wordpress\/plugins\/seo\/ -->\n<title>Konferen\u010dn\u00ed k\u0159eslo VANCOUVER LITE - NO+BL kancel\u00e1\u0159sk\u00fd n\u00e1bytek a kancel\u00e1\u0159sk\u00e9 \u017eidle Praha<\/title>\n<meta name=\"robots\" content=\"index, follow, max-snippet:-1, max-image-preview:large, max-video-preview:-1\" \/>\n<link rel=\"canonical\" href=\"https:\/\/nobl.cz\/kancelarsky-nabytek\/produkt\/konferencni-kreslo-vancouver-lite\/\" \/>\n<meta property=\"og:locale\" content=\"cs_CZ\" \/>\n<meta property=\"og:type\" content=\"article\" \/>\n<meta property=\"og:title\" content=\"Konferen\u010dn\u00ed k\u0159eslo VANCOUVER LITE - NO+BL kancel\u00e1\u0159sk\u00fd n\u00e1bytek a kancel\u00e1\u0159sk\u00e9 \u017eidle Praha\" \/>\n<meta property=\"og:description\" content=\"Charakteristika: Konferen\u010dn\u00ed k\u0159eslo vysok\u00e9 kvality s \u0161estiletou z\u00e1rukou. Popis: Konferen\u010dn\u00ed k\u0159eslo, dvou a dvouap\u016fl k\u0159eslo a trojk\u0159eslo; sed\u00e1k \u2013 r\u00e1m z masivn\u00edho d\u0159eva s namontovan\u00fdmi pru\u017einami a \u0159ezanou p\u011bnou, zb\u00fdvaj\u00edc\u00ed \u010d\u00e1sti r\u00e1mu: p\u0159ekli\u017eka, d\u0159evot\u0159\u00edskov\u00e1 deska. Mo\u017enosti v\u00fdbavy: (H) \u010dty\u0159noh\u00e1 kostra nebo (V) li\u017einy kovov\u00e9 \u0161ed\u00e9 nebo chromovan\u00e9, akustick\u00e9 parav\u00e1ny. Mo\u017en\u00e9 potahov\u00e9 materi\u00e1ly: kategorie l\u00e1tek I, II, III a kategorie IV k\u016f\u017ee, mo\u017enost kombinace \u010daloun\u011bn\u00ed k\u016f\u017ee na pohledov\u00fdch ploch\u00e1ch a ko\u017eenky na nepohledov\u00fdch.\" \/>\n<meta property=\"og:url\" content=\"https:\/\/nobl.cz\/kancelarsky-nabytek\/produkt\/konferencni-kreslo-vancouver-lite\/\" \/>\n<meta property=\"og:site_name\" content=\"NO+BL kancel\u00e1\u0159sk\u00fd n\u00e1bytek a kancel\u00e1\u0159sk\u00e9 \u017eidle Praha\" \/>\n<meta property=\"article:modified_time\" content=\"2023-03-24T16:53:20+00:00\" \/>\n<meta property=\"og:image\" content=\"https:\/\/nobl.cz\/kancelarsky-nabytek\/wp-content\/uploads\/2016\/05\/vancouver-lite-vl1-v-chrom-2.jpg\" \/>\n\t<meta property=\"og:image:width\" content=\"831\" \/>\n\t<meta property=\"og:image:height\" content=\"500\" \/>\n\t<meta property=\"og:image:type\" content=\"image\/jpeg\" \/>\n<meta name=\"twitter:card\" content=\"summary\" \/>\n<meta name=\"twitter:label1\" content=\"Odhadovan\u00e1 doba \u010dten\u00ed\" \/>\n\t<meta name=\"twitter:data1\" content=\"1 minuta\" \/>\n<script type=\"application\/ld+json\" class=\"yoast-schema-graph\">{\"@context\":\"https:\/\/schema.org\",\"@graph\":[{\"@type\":\"WebSite\",\"@id\":\"https:\/\/nobl.cz\/kancelarsky-nabytek\/#website\",\"url\":\"https:\/\/nobl.cz\/kancelarsky-nabytek\/\",\"name\":\"NO+BL kancel\\u00e1\\u0159sk\\u00fd n\\u00e1bytek a kancel\\u00e1\\u0159sk\\u00e9 \\u017eidle Praha\",\"description\":\"V\\u00e1\\u0161 prodejce kancel\\u00e1\\u0159sk\\u00e9ho n\\u00e1bytku a kancel\\u00e1\\u0159sk\\u00fdch k\\u0159esel v Praze s tradic\\u00ed ji\\u017e v\\u00edce jak 33 let. Nab\\u00edz\\u00edme tak\\u00e9 opravy kancel\\u00e1\\u0159sk\\u00fdch \\u017eidl\\u00ed.\",\"potentialAction\":[{\"@type\":\"SearchAction\",\"target\":{\"@type\":\"EntryPoint\",\"urlTemplate\":\"https:\/\/nobl.cz\/kancelarsky-nabytek\/?s={search_term_string}\"},\"query-input\":\"required name=search_term_string\"}],\"inLanguage\":\"cs\"},{\"@type\":\"ImageObject\",\"@id\":\"https:\/\/nobl.cz\/kancelarsky-nabytek\/produkt\/konferencni-kreslo-vancouver-lite\/#primaryimage\",\"inLanguage\":\"cs\",\"url\":\"https:\/\/nobl.cz\/kancelarsky-nabytek\/wp-content\/uploads\/2016\/05\/vancouver-lite-vl1-v-chrom-2.jpg\",\"contentUrl\":\"https:\/\/nobl.cz\/kancelarsky-nabytek\/wp-content\/uploads\/2016\/05\/vancouver-lite-vl1-v-chrom-2.jpg\",\"width\":\"831\",\"height\":\"500\"},{\"@type\":\"WebPage\",\"@id\":\"https:\/\/nobl.cz\/kancelarsky-nabytek\/produkt\/konferencni-kreslo-vancouver-lite\/#webpage\",\"url\":\"https:\/\/nobl.cz\/kancelarsky-nabytek\/produkt\/konferencni-kreslo-vancouver-lite\/\",\"name\":\"Konferen\\u010dn\\u00ed k\\u0159eslo VANCOUVER LITE - NO+BL kancel\\u00e1\\u0159sk\\u00fd n\\u00e1bytek a kancel\\u00e1\\u0159sk\\u00e9 \\u017eidle Praha\",\"isPartOf\":{\"@id\":\"https:\/\/nobl.cz\/kancelarsky-nabytek\/#website\"},\"primaryImageOfPage\":{\"@id\":\"https:\/\/nobl.cz\/kancelarsky-nabytek\/produkt\/konferencni-kreslo-vancouver-lite\/#primaryimage\"},\"datePublished\":\"2016-05-24T11:56:29+00:00\",\"dateModified\":\"2023-03-24T16:53:20+00:00\",\"breadcrumb\":{\"@id\":\"https:\/\/nobl.cz\/kancelarsky-nabytek\/produkt\/konferencni-kreslo-vancouver-lite\/#breadcrumb\"},\"inLanguage\":\"cs\",\"potentialAction\":[{\"@type\":\"ReadAction\",\"target\":[\"https:\/\/nobl.cz\/kancelarsky-nabytek\/produkt\/konferencni-kreslo-vancouver-lite\/\"]}]},{\"@type\":\"BreadcrumbList\",\"@id\":\"https:\/\/nobl.cz\/kancelarsky-nabytek\/produkt\/konferencni-kreslo-vancouver-lite\/#breadcrumb\",\"itemListElement\":[{\"@type\":\"ListItem\",\"position\":1,\"name\":\"Dom\\u016f\",\"item\":\"https:\/\/nobl.cz\/kancelarsky-nabytek\/\"},{\"@type\":\"ListItem\",\"position\":2,\"name\":\"Zobrazen\\u00ed v\\u0161ech \\u017eidl\\u00ed\",\"item\":\"https:\/\/nobl.cz\/kancelarsky-nabytek\/vsechny-kancelarske-zidle\/\"},{\"@type\":\"ListItem\",\"position\":3,\"name\":\"Konferen\\u010dn\\u00ed k\\u0159eslo VANCOUVER LITE\"}]}]}<\/script>\n<!-- \/ Yoast SEO plugin. -->","yoast_head_json":{"title":"Konferen\u010dn\u00ed k\u0159eslo VANCOUVER LITE - NO+BL kancel\u00e1\u0159sk\u00fd n\u00e1bytek a kancel\u00e1\u0159sk\u00e9 \u017eidle Praha","robots":{"index":"index","follow":"follow","max-snippet":"max-snippet:-1","max-image-preview":"max-image-preview:large","max-video-preview":"max-video-preview:-1"},"canonical":"https:\/\/nobl.cz\/kancelarsky-nabytek\/produkt\/konferencni-kreslo-vancouver-lite\/","og_locale":"cs_CZ","og_type":"article","og_title":"Konferen\u010dn\u00ed k\u0159eslo VANCOUVER LITE - NO+BL kancel\u00e1\u0159sk\u00fd n\u00e1bytek a kancel\u00e1\u0159sk\u00e9 \u017eidle Praha","og_description":"Charakteristika: Konferen\u010dn\u00ed k\u0159eslo vysok\u00e9 kvality s \u0161estiletou z\u00e1rukou. Popis: Konferen\u010dn\u00ed k\u0159eslo, dvou a dvouap\u016fl k\u0159eslo a trojk\u0159eslo; sed\u00e1k \u2013 r\u00e1m z masivn\u00edho d\u0159eva s namontovan\u00fdmi pru\u017einami a \u0159ezanou p\u011bnou, zb\u00fdvaj\u00edc\u00ed \u010d\u00e1sti r\u00e1mu: p\u0159ekli\u017eka, d\u0159evot\u0159\u00edskov\u00e1 deska. Mo\u017enosti v\u00fdbavy: (H) \u010dty\u0159noh\u00e1 kostra nebo (V) li\u017einy kovov\u00e9 \u0161ed\u00e9 nebo chromovan\u00e9, akustick\u00e9 parav\u00e1ny. Mo\u017en\u00e9 potahov\u00e9 materi\u00e1ly: kategorie l\u00e1tek I, II, III a kategorie IV k\u016f\u017ee, mo\u017enost kombinace \u010daloun\u011bn\u00ed k\u016f\u017ee na pohledov\u00fdch ploch\u00e1ch a ko\u017eenky na nepohledov\u00fdch.","og_url":"https:\/\/nobl.cz\/kancelarsky-nabytek\/produkt\/konferencni-kreslo-vancouver-lite\/","og_site_name":"NO+BL kancel\u00e1\u0159sk\u00fd n\u00e1bytek a kancel\u00e1\u0159sk\u00e9 \u017eidle Praha","article_modified_time":"2023-03-24T16:53:20+00:00","og_image":[{"width":"831","height":"500","url":"https:\/\/nobl.cz\/kancelarsky-nabytek\/wp-content\/uploads\/2016\/05\/vancouver-lite-vl1-v-chrom-2.jpg","type":"image\/jpeg"}],"twitter_card":"summary","twitter_misc":{"Odhadovan\u00e1 doba \u010dten\u00ed":"1 minuta"},"schema":{"@context":"https:\/\/schema.org","@graph":[{"@type":"WebSite","@id":"https:\/\/nobl.cz\/kancelarsky-nabytek\/#website","url":"https:\/\/nobl.cz\/kancelarsky-nabytek\/","name":"NO+BL kancel\u00e1\u0159sk\u00fd n\u00e1bytek a kancel\u00e1\u0159sk\u00e9 \u017eidle Praha","description":"V\u00e1\u0161 prodejce kancel\u00e1\u0159sk\u00e9ho n\u00e1bytku a kancel\u00e1\u0159sk\u00fdch k\u0159esel v Praze s tradic\u00ed ji\u017e v\u00edce jak 33 let. Nab\u00edz\u00edme tak\u00e9 opravy kancel\u00e1\u0159sk\u00fdch \u017eidl\u00ed.","potentialAction":[{"@type":"SearchAction","target":{"@type":"EntryPoint","urlTemplate":"https:\/\/nobl.cz\/kancelarsky-nabytek\/?s={search_term_string}"},"query-input":"required name=search_term_string"}],"inLanguage":"cs"},{"@type":"ImageObject","@id":"https:\/\/nobl.cz\/kancelarsky-nabytek\/produkt\/konferencni-kreslo-vancouver-lite\/#primaryimage","inLanguage":"cs","url":"https:\/\/nobl.cz\/kancelarsky-nabytek\/wp-content\/uploads\/2016\/05\/vancouver-lite-vl1-v-chrom-2.jpg","contentUrl":"https:\/\/nobl.cz\/kancelarsky-nabytek\/wp-content\/uploads\/2016\/05\/vancouver-lite-vl1-v-chrom-2.jpg","width":"831","height":"500"},{"@type":"WebPage","@id":"https:\/\/nobl.cz\/kancelarsky-nabytek\/produkt\/konferencni-kreslo-vancouver-lite\/#webpage","url":"https:\/\/nobl.cz\/kancelarsky-nabytek\/produkt\/konferencni-kreslo-vancouver-lite\/","name":"Konferen\u010dn\u00ed k\u0159eslo VANCOUVER LITE - NO+BL kancel\u00e1\u0159sk\u00fd n\u00e1bytek a kancel\u00e1\u0159sk\u00e9 \u017eidle Praha","isPartOf":{"@id":"https:\/\/nobl.cz\/kancelarsky-nabytek\/#website"},"primaryImageOfPage":{"@id":"https:\/\/nobl.cz\/kancelarsky-nabytek\/produkt\/konferencni-kreslo-vancouver-lite\/#primaryimage"},"datePublished":"2016-05-24T11:56:29+00:00","dateModified":"2023-03-24T16:53:20+00:00","breadcrumb":{"@id":"https:\/\/nobl.cz\/kancelarsky-nabytek\/produkt\/konferencni-kreslo-vancouver-lite\/#breadcrumb"},"inLanguage":"cs","potentialAction":[{"@type":"ReadAction","target":["https:\/\/nobl.cz\/kancelarsky-nabytek\/produkt\/konferencni-kreslo-vancouver-lite\/"]}]},{"@type":"BreadcrumbList","@id":"https:\/\/nobl.cz\/kancelarsky-nabytek\/produkt\/konferencni-kreslo-vancouver-lite\/#breadcrumb","itemListElement":[{"@type":"ListItem","position":1,"name":"Dom\u016f","item":"https:\/\/nobl.cz\/kancelarsky-nabytek\/"},{"@type":"ListItem","position":2,"name":"Zobrazen\u00ed v\u0161ech \u017eidl\u00ed","item":"https:\/\/nobl.cz\/kancelarsky-nabytek\/vsechny-kancelarske-zidle\/"},{"@type":"ListItem","position":3,"name":"Konferen\u010dn\u00ed k\u0159eslo VANCOUVER LITE"}]}]}},"_links":{"self":[{"href":"https:\/\/nobl.cz\/kancelarsky-nabytek\/wp-json\/wp\/v2\/product\/6908"}],"collection":[{"href":"https:\/\/nobl.cz\/kancelarsky-nabytek\/wp-json\/wp\/v2\/product"}],"about":[{"href":"https:\/\/nobl.cz\/kancelarsky-nabytek\/wp-json\/wp\/v2\/types\/product"}],"replies":[{"embeddable":true,"href":"https:\/\/nobl.cz\/kancelarsky-nabytek\/wp-json\/wp\/v2\/comments?post=6908"}],"wp:featuredmedia":[{"embeddable":true,"href":"https:\/\/nobl.cz\/kancelarsky-nabytek\/wp-json\/wp\/v2\/media\/6917"}],"wp:attachment":[{"href":"https:\/\/nobl.cz\/kancelarsky-nabytek\/wp-json\/wp\/v2\/media?parent=6908"}],"wp:term":[{"taxonomy":"product_cat","embeddable":true,"href":"https:\/\/nobl.cz\/kancelarsky-nabytek\/wp-json\/wp\/v2\/product_cat?post=6908"},{"taxonomy":"product_tag","embeddable":true,"href":"https:\/\/nobl.cz\/kancelarsky-nabytek\/wp-json\/wp\/v2\/product_tag?post=6908"}],"curies":[{"name":"wp","href":"https:\/\/api.w.org\/{rel}","templated":true}]}}