{"id":9153,"date":"2023-04-13T11:36:53","date_gmt":"2023-04-13T10:36:53","guid":{"rendered":"https:\/\/nobl.cz\/kancelarsky-nabytek\/?post_type=product&#038;p=9153"},"modified":"2026-01-06T15:33:09","modified_gmt":"2026-01-06T14:33:09","slug":"kancelarska-zidle-eclipse","status":"publish","type":"product","link":"https:\/\/nobl.cz\/kancelarsky-nabytek\/produkt\/kancelarska-zidle-eclipse\/","title":{"rendered":"Kancel\u00e1\u0159sk\u00e1 \u017eidle ECLIPSE"},"content":{"rendered":"<p style=\"text-align: justify;\">Modern\u00ed \u010daloun\u011bn\u00e1 kancel\u00e1\u0159sk\u00e1 \u017eidle s vysok\u00fdm op\u011br\u00e1kem se s\u00edt\u00ed voliteln\u00fdm<\/p>\n<p>podhlavn\u00edkem, \u010daloun\u011bn\u00ed sed\u00e1ku ze studen\u00e9 p\u011bny, v\u00fd\u0161kov\u011b nastaviteln\u00e1 bedern\u00ed op\u011brka poskytuje komfort a sou\u010dasn\u011b<\/p>\n<p>v\u00fdznamnou podporu v bedern\u00ed \u010d\u00e1sti, synchronn\u00ed mechanismus se \u010dty\u0159n\u00e1sobnou aretac\u00ed, mo\u017enost plynul\u00e9 prom\u011bny \u00fahlu sed\u00e1ku<\/p>\n<p>a op\u011br\u00e1ku, automatick\u00e9 nastaven\u00ed s\u00edly protiv\u00e1hy podle t\u011blesn\u00e9 hmotnosti u\u017eivatele, PDH &#8211; v\u00fd\u0161kov\u011b a \u00fahlov\u011b nastaviteln\u00e1 op\u011brka hlavy (podhlavn\u00edk), nastaven\u00ed hloubky sed\u00e1ku ji\u017e sou\u010d\u00e1st\u00ed mechanismu, nastaven\u00ed v\u00fd\u0161ky op\u011br\u00e1ku syst\u00e9mem up-down, kole\u010dka \u00d8 60 mm pro m\u011bkk\u00e9 podlahy, b\u00edl\u00fd nebo \u010dern\u00fd plast, voliteln\u00e9 podru\u010dky, modern\u00ed plastov\u00e1 nebo aluminiov\u00e1 le\u0161t\u011bn\u00e1 b\u00e1ze, nosnost 130 kg, z\u00e1ruka 60 m\u011bs\u00edc\u016f, \u010desk\u00fd v\u00fdrobek<\/p>\n\t<div  class=\"row container \">\n<div class=\"small-12    large-3  columns   \"  ><div class=\"column-inner\"  >\n<a href=\"\/\/nobl.cz\/kancelarsky-nabytek\/wp-content\/uploads\/2023\/04\/eclipse_cenik.pdf\" class=\"button normal primary alt-button\" >CEN\u00cdK V PDF<\/a>\n<\/div><\/div>\n<div class=\"small-12    large-3  columns   \"  ><div class=\"column-inner\"  >\n<a href=\"\/\/nobl.cz\/kancelarsky-nabytek\/wp-content\/uploads\/2023\/04\/eclipse_list.pdf\" class=\"button normal primary alt-button\" >KATALOG PDF<\/a>\n<\/div><\/div>\n<div class=\"small-12    large-3  columns   \"  ><div class=\"column-inner\"  >\n<a href=\"\/\/nobl.cz\/kancelarsky-nabytek\/wp-content\/uploads\/2023\/04\/latky_antares.pdf\" class=\"button normal primary alt-button\" >L\u00c1TKY A BARVY<\/a>\n<\/div><\/div>\n<div class=\"small-12    large-3  columns   \"  ><div class=\"column-inner\"  >\n<a href=\"#lightbox\" class=\"button normal primary alt-button\" >3D MODELY<\/a>\n \n\n<div id=\"lightbox\" class=\"mfp-hide mfp-content-inner lightbox-white\" style=\"max-width:600px;padding:20px\">\n    <div class=\"wpforms-container wpforms-container-full\" id=\"wpforms-5125\"><form id=\"wpforms-form-5125\" class=\"wpforms-validate wpforms-form\" data-formid=\"5125\" method=\"post\" enctype=\"multipart\/form-data\" action=\"\/kancelarsky-nabytek\/wp-json\/wp\/v2\/product\/9153\" data-token=\"2c796cfb632a2c2e2748964babdaeb11\"><noscript class=\"wpforms-error-noscript\">Chcete-li vyplnit tento formul\u00e1\u0159, pros\u00edm povolte v prohl\u00ed\u017ee\u010di JavaScript.<\/noscript><div class=\"wpforms-field-container\"><div id=\"wpforms-5125-field_7-container\" class=\"wpforms-field wpforms-field-name\" data-field-id=\"7\"><label class=\"wpforms-field-label\" for=\"wpforms-5125-field_7\">Va\u0161e jm\u00e9no \/ Firma: <span class=\"wpforms-required-label\">*<\/span><\/label><input type=\"text\" id=\"wpforms-5125-field_7\" class=\"wpforms-field-large wpforms-field-required\" name=\"wpforms[fields][7]\" required><\/div><div id=\"wpforms-5125-field_1-container\" class=\"wpforms-field wpforms-field-email\" data-field-id=\"1\"><label class=\"wpforms-field-label\" for=\"wpforms-5125-field_1\">E-mail <span class=\"wpforms-required-label\">*<\/span><\/label><input type=\"email\" id=\"wpforms-5125-field_1\" class=\"wpforms-field-large wpforms-field-required\" name=\"wpforms[fields][1]\" required><\/div><div id=\"wpforms-5125-field_8-container\" class=\"wpforms-field wpforms-field-select wpforms-field-select-style-classic\" data-field-id=\"8\"><label class=\"wpforms-field-label\" for=\"wpforms-5125-field_8\">Zvolte form\u00e1t 3D model\u016f, kter\u00e9 m\u00e1me zaslat: <span class=\"wpforms-required-label\">*<\/span><\/label><select id=\"wpforms-5125-field_8\" class=\"wpforms-field-large wpforms-field-required\" name=\"wpforms[fields][8]\" required=\"required\"><option value=\"ACO - ArCon - vizu\u00e1ln\u00ed architektura\" >ACO - ArCon - vizu\u00e1ln\u00ed architektura<\/option><option value=\"DWG - AutoCAD\" >DWG - AutoCAD<\/option><option value=\"3DS - Obecn\u00fd form\u00e1t\" >3DS - Obecn\u00fd form\u00e1t<\/option><\/select><\/div><div id=\"wpforms-5125-field_2-container\" class=\"wpforms-field wpforms-field-textarea\" data-field-id=\"2\"><label class=\"wpforms-field-label\" for=\"wpforms-5125-field_2\">P\u0159idat pozn\u00e1mku (voliteln\u00e9): <span class=\"wpforms-required-label\">*<\/span><\/label><textarea id=\"wpforms-5125-field_2\" class=\"wpforms-field-medium wpforms-field-required\" name=\"wpforms[fields][2]\" required><\/textarea><\/div><div id=\"wpforms-5125-field_6-container\" class=\"wpforms-field wpforms-field-text\" data-field-id=\"6\"><label class=\"wpforms-field-label wpforms-label-hide\" for=\"wpforms-5125-field_6\">URL str\u00e1nka Va\u0161eho dotazu: <span class=\"wpforms-required-label\">*<\/span><\/label><input type=\"text\" id=\"wpforms-5125-field_6\" class=\"wpforms-field-large wpforms-field-required\" name=\"wpforms[fields][6]\" value=\"Kancel\u00e1\u0159sk\u00e1 \u017eidle ECLIPSE \" required><\/div><div id=\"wpforms-5125-field_10-container\" class=\"wpforms-field wpforms-field-html\" data-field-id=\"10\"><div id=\"wpforms-5125-field_10\">Pros\u00edme, \u010dt\u011bte na\u0161e: <a href=\"https:\/\/nobl.cz\/kancelarsky-nabytek\/zasady-ochrany-osobnich-udaju\/\" target=\"_blank\">Z\u00e1sad ochrany osobn\u00edch \u00fadaj\u016f (GDPR)<\/a><\/div><\/div><div id=\"wpforms-5125-field_9-container\" class=\"wpforms-field wpforms-field-checkbox\" data-field-id=\"9\"><label class=\"wpforms-field-label wpforms-label-hide\" for=\"wpforms-5125-field_9\">Pou\u017eit\u00edm tohoto formul\u00e1\u0159e souhlas\u00edte s na\u0161imi z\u00e1sadami ochrany osobn\u00edch \u00fadaj\u016f.<\/label><ul id=\"wpforms-5125-field_9\"><li class=\"choice-1 depth-1\"><input type=\"checkbox\" id=\"wpforms-5125-field_9_1\" name=\"wpforms[fields][9][]\" value=\"Potvr\u010fte sv\u016fj souhlas se zpracov\u00e1n\u00edm osobn\u00edch \u00fadaj\u016f dle GDPR.\"  ><label class=\"wpforms-field-label-inline\" for=\"wpforms-5125-field_9_1\">Potvr\u010fte sv\u016fj souhlas se zpracov\u00e1n\u00edm osobn\u00edch \u00fadaj\u016f dle GDPR.<\/label><\/li><\/ul><\/div><div id=\"wpforms-5125-field_11-container\" class=\"wpforms-field wpforms-field-hidden\" data-field-id=\"11\"><input type=\"hidden\" id=\"wpforms-5125-field_11\" name=\"wpforms[fields][11]\" value=\"https:\/\/nobl.cz\/kancelarsky-nabytek\/kancelarsky-nabytek\/wp-json\/wp\/v2\/product\/9153\"><\/div><\/div><div class=\"wpforms-field wpforms-field-hp\"><label for=\"wpforms-5125-field-hp\" class=\"wpforms-field-label\">Website<\/label><input type=\"text\" name=\"wpforms[hp]\" id=\"wpforms-5125-field-hp\" class=\"wpforms-field-medium\"><\/div><div class=\"wpforms-recaptcha-container wpforms-is-recaptcha\"><div class=\"g-recaptcha\" data-sitekey=\"6LeX-R8TAAAAADA-ClPsvCvLb0QZZlrujKJzZuld\"><\/div><input type=\"text\" name=\"g-recaptcha-hidden\" class=\"wpforms-recaptcha-hidden\" style=\"position:absolute!important;clip:rect(0,0,0,0)!important;height:1px!important;width:1px!important;border:0!important;overflow:hidden!important;padding:0!important;margin:0!important;\" required><\/div><div class=\"wpforms-submit-container\"><input type=\"hidden\" name=\"wpforms[id]\" value=\"5125\"><input type=\"hidden\" name=\"wpforms[author]\" value=\"3\"><button type=\"submit\" name=\"wpforms[submit]\" id=\"wpforms-submit-5125\" class=\"wpforms-submit\" aria-live=\"assertive\" value=\"wpforms-submit\">Odeslat dotaz<\/button><\/div><\/form><\/div>  <!-- .wpforms-container -->\n<\/div><!-- Lightbox-lightbox -->\n\n<script>\njQuery(document).ready(function($) {\n\n      \n      $('a[href=\"#lightbox\"]').click(function(e){\n         \/\/ Close openend lightboxes\n         var delay = 0;\n         \n         if($.magnificPopup.open){\n            $.magnificPopup.close();\n            delay = 300;\n         }\n\n         \/\/ Start lightbox\n         setTimeout(function(){\n            $.magnificPopup.open({\n                  midClick: true,\n                  removalDelay: 300,\n                  items: {\n                    src: '#lightbox', \n                    type: 'inline'\n                  }\n            });\n          }, delay);\n\n        e.preventDefault();\n      });\n});\n<\/script>\n\n<\/div><\/div>\n<\/div>\n  \n","protected":false},"excerpt":{"rendered":"<p style=\"text-align: justify;\"><strong>Charakteristika: <\/strong>St\u0159edn\u00ed kole\u010dkov\u00e1 \u017eidle vysok\u00e9 kvality s dlouhou z\u00e1rukou.<\/p>\n<p style=\"text-align: justify;\"><strong>Popis:<\/strong> Oto\u010dn\u00e1 kancel\u00e1\u0159sk\u00e1 \u017eidle, v\u00fd\u0161kov\u011b staviteln\u00fd sed\u00e1k ze studen\u00e9 p\u011bny s hloubkov\u00fdm posunem. V\u00fd\u0161kov\u011b staviteln\u00fd s\u00ed\u0165ovan\u00fd op\u011br\u00e1k s bedern\u00ed op\u011brkou, p\u011btiramenn\u00fd k\u0159\u00ed\u017e s kole\u010dky. Barva plast\u016f \u010dern\u00e1 nebo b\u00edl\u00e1. Mo\u017enost v\u00fdb\u011bru ze 3 typ\u016f podru\u010dek.<\/p>\n<p style=\"text-align: justify;\"><a href=\"http:\/\/nobl.cz\/kancelarsky-nabytek\/kategorie-produktu\/antares\/\" rel=\"attachment wp-att-9314\"><img loading=\"lazy\" decoding=\"async\" class=\"alignnone wp-image-9314 size-full\" src=\"https:\/\/nobl.cz\/kancelarsky-nabytek\/wp-content\/uploads\/2024\/11\/logo-antares-cz.png\" alt=\"antares-logo\" width=\"211\" height=\"94\" \/><\/a><\/p>\n","protected":false},"featured_media":9189,"comment_status":"closed","ping_status":"closed","template":"","meta":[],"product_cat":[91],"product_tag":[144,229,230,85],"yoast_head":"<!-- This site is optimized with the Yoast SEO plugin v17.9 - https:\/\/yoast.com\/wordpress\/plugins\/seo\/ -->\n<title>Kancel\u00e1\u0159sk\u00e1 \u017eidle ECLIPSE<\/title>\n<meta name=\"description\" content=\"V\u0161e co se pot\u0159ebujete dozv\u011bd\u011bt o kancel\u00e1\u0159sk\u00e9 \u017eidli Eclipse a Eclipse NET - rozm\u011bry, mo\u017enosti v\u00fdbavy i jak\u00e1 je dodac\u00ed doba od objedn\u00e1n\u00ed.\" \/>\n<meta name=\"robots\" content=\"index, follow, max-snippet:-1, max-image-preview:large, max-video-preview:-1\" \/>\n<link rel=\"canonical\" href=\"https:\/\/nobl.cz\/kancelarsky-nabytek\/produkt\/kancelarska-zidle-eclipse\/\" \/>\n<meta property=\"og:locale\" content=\"cs_CZ\" \/>\n<meta property=\"og:type\" content=\"article\" \/>\n<meta property=\"og:title\" content=\"Kancel\u00e1\u0159sk\u00e1 \u017eidle ECLIPSE\" \/>\n<meta property=\"og:description\" content=\"V\u0161e co se pot\u0159ebujete dozv\u011bd\u011bt o kancel\u00e1\u0159sk\u00e9 \u017eidli Eclipse a Eclipse NET - rozm\u011bry, mo\u017enosti v\u00fdbavy i jak\u00e1 je dodac\u00ed doba od objedn\u00e1n\u00ed.\" \/>\n<meta property=\"og:url\" content=\"https:\/\/nobl.cz\/kancelarsky-nabytek\/produkt\/kancelarska-zidle-eclipse\/\" \/>\n<meta property=\"og:site_name\" content=\"NO+BL kancel\u00e1\u0159sk\u00fd n\u00e1bytek a kancel\u00e1\u0159sk\u00e9 \u017eidle Praha\" \/>\n<meta property=\"article:modified_time\" content=\"2026-01-06T14:33:09+00:00\" \/>\n<meta property=\"og:image\" content=\"https:\/\/nobl.cz\/kancelarsky-nabytek\/wp-content\/uploads\/2023\/04\/1930_SYN727_ECLIPSE_MAXI_ALU_PDH-AR08C_3D_BN03_002.jpg\" \/>\n\t<meta property=\"og:image:width\" content=\"400\" \/>\n\t<meta property=\"og:image:height\" content=\"600\" \/>\n\t<meta property=\"og:image:type\" content=\"image\/jpeg\" \/>\n<meta name=\"twitter:card\" content=\"summary\" \/>\n<meta name=\"twitter:label1\" content=\"Odhadovan\u00e1 doba \u010dten\u00ed\" \/>\n\t<meta name=\"twitter:data1\" content=\"1 minuta\" \/>\n<script type=\"application\/ld+json\" class=\"yoast-schema-graph\">{\"@context\":\"https:\/\/schema.org\",\"@graph\":[{\"@type\":\"WebSite\",\"@id\":\"https:\/\/nobl.cz\/kancelarsky-nabytek\/#website\",\"url\":\"https:\/\/nobl.cz\/kancelarsky-nabytek\/\",\"name\":\"NO+BL kancel\\u00e1\\u0159sk\\u00fd n\\u00e1bytek a kancel\\u00e1\\u0159sk\\u00e9 \\u017eidle Praha\",\"description\":\"V\\u00e1\\u0161 prodejce kancel\\u00e1\\u0159sk\\u00e9ho n\\u00e1bytku a kancel\\u00e1\\u0159sk\\u00fdch k\\u0159esel v Praze s tradic\\u00ed ji\\u017e v\\u00edce jak 33 let. Nab\\u00edz\\u00edme tak\\u00e9 opravy kancel\\u00e1\\u0159sk\\u00fdch \\u017eidl\\u00ed.\",\"potentialAction\":[{\"@type\":\"SearchAction\",\"target\":{\"@type\":\"EntryPoint\",\"urlTemplate\":\"https:\/\/nobl.cz\/kancelarsky-nabytek\/?s={search_term_string}\"},\"query-input\":\"required name=search_term_string\"}],\"inLanguage\":\"cs\"},{\"@type\":\"ImageObject\",\"@id\":\"https:\/\/nobl.cz\/kancelarsky-nabytek\/produkt\/kancelarska-zidle-eclipse\/#primaryimage\",\"inLanguage\":\"cs\",\"url\":\"https:\/\/nobl.cz\/kancelarsky-nabytek\/wp-content\/uploads\/2023\/04\/1930_SYN727_ECLIPSE_MAXI_ALU_PDH-AR08C_3D_BN03_002.jpg\",\"contentUrl\":\"https:\/\/nobl.cz\/kancelarsky-nabytek\/wp-content\/uploads\/2023\/04\/1930_SYN727_ECLIPSE_MAXI_ALU_PDH-AR08C_3D_BN03_002.jpg\",\"width\":400,\"height\":600},{\"@type\":\"WebPage\",\"@id\":\"https:\/\/nobl.cz\/kancelarsky-nabytek\/produkt\/kancelarska-zidle-eclipse\/#webpage\",\"url\":\"https:\/\/nobl.cz\/kancelarsky-nabytek\/produkt\/kancelarska-zidle-eclipse\/\",\"name\":\"Kancel\\u00e1\\u0159sk\\u00e1 \\u017eidle ECLIPSE\",\"isPartOf\":{\"@id\":\"https:\/\/nobl.cz\/kancelarsky-nabytek\/#website\"},\"primaryImageOfPage\":{\"@id\":\"https:\/\/nobl.cz\/kancelarsky-nabytek\/produkt\/kancelarska-zidle-eclipse\/#primaryimage\"},\"datePublished\":\"2023-04-13T10:36:53+00:00\",\"dateModified\":\"2026-01-06T14:33:09+00:00\",\"description\":\"V\\u0161e co se pot\\u0159ebujete dozv\\u011bd\\u011bt o kancel\\u00e1\\u0159sk\\u00e9 \\u017eidli Eclipse a Eclipse NET - rozm\\u011bry, mo\\u017enosti v\\u00fdbavy i jak\\u00e1 je dodac\\u00ed doba od objedn\\u00e1n\\u00ed.\",\"breadcrumb\":{\"@id\":\"https:\/\/nobl.cz\/kancelarsky-nabytek\/produkt\/kancelarska-zidle-eclipse\/#breadcrumb\"},\"inLanguage\":\"cs\",\"potentialAction\":[{\"@type\":\"ReadAction\",\"target\":[\"https:\/\/nobl.cz\/kancelarsky-nabytek\/produkt\/kancelarska-zidle-eclipse\/\"]}]},{\"@type\":\"BreadcrumbList\",\"@id\":\"https:\/\/nobl.cz\/kancelarsky-nabytek\/produkt\/kancelarska-zidle-eclipse\/#breadcrumb\",\"itemListElement\":[{\"@type\":\"ListItem\",\"position\":1,\"name\":\"Dom\\u016f\",\"item\":\"https:\/\/nobl.cz\/kancelarsky-nabytek\/\"},{\"@type\":\"ListItem\",\"position\":2,\"name\":\"Zobrazen\\u00ed v\\u0161ech \\u017eidl\\u00ed\",\"item\":\"https:\/\/nobl.cz\/kancelarsky-nabytek\/vsechny-kancelarske-zidle\/\"},{\"@type\":\"ListItem\",\"position\":3,\"name\":\"Kancel\\u00e1\\u0159sk\\u00e1 \\u017eidle ECLIPSE\"}]}]}<\/script>\n<!-- \/ Yoast SEO plugin. -->","yoast_head_json":{"title":"Kancel\u00e1\u0159sk\u00e1 \u017eidle ECLIPSE","description":"V\u0161e co se pot\u0159ebujete dozv\u011bd\u011bt o kancel\u00e1\u0159sk\u00e9 \u017eidli Eclipse a Eclipse NET - rozm\u011bry, mo\u017enosti v\u00fdbavy i jak\u00e1 je dodac\u00ed doba od objedn\u00e1n\u00ed.","robots":{"index":"index","follow":"follow","max-snippet":"max-snippet:-1","max-image-preview":"max-image-preview:large","max-video-preview":"max-video-preview:-1"},"canonical":"https:\/\/nobl.cz\/kancelarsky-nabytek\/produkt\/kancelarska-zidle-eclipse\/","og_locale":"cs_CZ","og_type":"article","og_title":"Kancel\u00e1\u0159sk\u00e1 \u017eidle ECLIPSE","og_description":"V\u0161e co se pot\u0159ebujete dozv\u011bd\u011bt o kancel\u00e1\u0159sk\u00e9 \u017eidli Eclipse a Eclipse NET - rozm\u011bry, mo\u017enosti v\u00fdbavy i jak\u00e1 je dodac\u00ed doba od objedn\u00e1n\u00ed.","og_url":"https:\/\/nobl.cz\/kancelarsky-nabytek\/produkt\/kancelarska-zidle-eclipse\/","og_site_name":"NO+BL kancel\u00e1\u0159sk\u00fd n\u00e1bytek a kancel\u00e1\u0159sk\u00e9 \u017eidle Praha","article_modified_time":"2026-01-06T14:33:09+00:00","og_image":[{"width":400,"height":600,"url":"https:\/\/nobl.cz\/kancelarsky-nabytek\/wp-content\/uploads\/2023\/04\/1930_SYN727_ECLIPSE_MAXI_ALU_PDH-AR08C_3D_BN03_002.jpg","type":"image\/jpeg"}],"twitter_card":"summary","twitter_misc":{"Odhadovan\u00e1 doba \u010dten\u00ed":"1 minuta"},"schema":{"@context":"https:\/\/schema.org","@graph":[{"@type":"WebSite","@id":"https:\/\/nobl.cz\/kancelarsky-nabytek\/#website","url":"https:\/\/nobl.cz\/kancelarsky-nabytek\/","name":"NO+BL kancel\u00e1\u0159sk\u00fd n\u00e1bytek a kancel\u00e1\u0159sk\u00e9 \u017eidle Praha","description":"V\u00e1\u0161 prodejce kancel\u00e1\u0159sk\u00e9ho n\u00e1bytku a kancel\u00e1\u0159sk\u00fdch k\u0159esel v Praze s tradic\u00ed ji\u017e v\u00edce jak 33 let. Nab\u00edz\u00edme tak\u00e9 opravy kancel\u00e1\u0159sk\u00fdch \u017eidl\u00ed.","potentialAction":[{"@type":"SearchAction","target":{"@type":"EntryPoint","urlTemplate":"https:\/\/nobl.cz\/kancelarsky-nabytek\/?s={search_term_string}"},"query-input":"required name=search_term_string"}],"inLanguage":"cs"},{"@type":"ImageObject","@id":"https:\/\/nobl.cz\/kancelarsky-nabytek\/produkt\/kancelarska-zidle-eclipse\/#primaryimage","inLanguage":"cs","url":"https:\/\/nobl.cz\/kancelarsky-nabytek\/wp-content\/uploads\/2023\/04\/1930_SYN727_ECLIPSE_MAXI_ALU_PDH-AR08C_3D_BN03_002.jpg","contentUrl":"https:\/\/nobl.cz\/kancelarsky-nabytek\/wp-content\/uploads\/2023\/04\/1930_SYN727_ECLIPSE_MAXI_ALU_PDH-AR08C_3D_BN03_002.jpg","width":400,"height":600},{"@type":"WebPage","@id":"https:\/\/nobl.cz\/kancelarsky-nabytek\/produkt\/kancelarska-zidle-eclipse\/#webpage","url":"https:\/\/nobl.cz\/kancelarsky-nabytek\/produkt\/kancelarska-zidle-eclipse\/","name":"Kancel\u00e1\u0159sk\u00e1 \u017eidle ECLIPSE","isPartOf":{"@id":"https:\/\/nobl.cz\/kancelarsky-nabytek\/#website"},"primaryImageOfPage":{"@id":"https:\/\/nobl.cz\/kancelarsky-nabytek\/produkt\/kancelarska-zidle-eclipse\/#primaryimage"},"datePublished":"2023-04-13T10:36:53+00:00","dateModified":"2026-01-06T14:33:09+00:00","description":"V\u0161e co se pot\u0159ebujete dozv\u011bd\u011bt o kancel\u00e1\u0159sk\u00e9 \u017eidli Eclipse a Eclipse NET - rozm\u011bry, mo\u017enosti v\u00fdbavy i jak\u00e1 je dodac\u00ed doba od objedn\u00e1n\u00ed.","breadcrumb":{"@id":"https:\/\/nobl.cz\/kancelarsky-nabytek\/produkt\/kancelarska-zidle-eclipse\/#breadcrumb"},"inLanguage":"cs","potentialAction":[{"@type":"ReadAction","target":["https:\/\/nobl.cz\/kancelarsky-nabytek\/produkt\/kancelarska-zidle-eclipse\/"]}]},{"@type":"BreadcrumbList","@id":"https:\/\/nobl.cz\/kancelarsky-nabytek\/produkt\/kancelarska-zidle-eclipse\/#breadcrumb","itemListElement":[{"@type":"ListItem","position":1,"name":"Dom\u016f","item":"https:\/\/nobl.cz\/kancelarsky-nabytek\/"},{"@type":"ListItem","position":2,"name":"Zobrazen\u00ed v\u0161ech \u017eidl\u00ed","item":"https:\/\/nobl.cz\/kancelarsky-nabytek\/vsechny-kancelarske-zidle\/"},{"@type":"ListItem","position":3,"name":"Kancel\u00e1\u0159sk\u00e1 \u017eidle ECLIPSE"}]}]}},"_links":{"self":[{"href":"https:\/\/nobl.cz\/kancelarsky-nabytek\/wp-json\/wp\/v2\/product\/9153"}],"collection":[{"href":"https:\/\/nobl.cz\/kancelarsky-nabytek\/wp-json\/wp\/v2\/product"}],"about":[{"href":"https:\/\/nobl.cz\/kancelarsky-nabytek\/wp-json\/wp\/v2\/types\/product"}],"replies":[{"embeddable":true,"href":"https:\/\/nobl.cz\/kancelarsky-nabytek\/wp-json\/wp\/v2\/comments?post=9153"}],"wp:featuredmedia":[{"embeddable":true,"href":"https:\/\/nobl.cz\/kancelarsky-nabytek\/wp-json\/wp\/v2\/media\/9189"}],"wp:attachment":[{"href":"https:\/\/nobl.cz\/kancelarsky-nabytek\/wp-json\/wp\/v2\/media?parent=9153"}],"wp:term":[{"taxonomy":"product_cat","embeddable":true,"href":"https:\/\/nobl.cz\/kancelarsky-nabytek\/wp-json\/wp\/v2\/product_cat?post=9153"},{"taxonomy":"product_tag","embeddable":true,"href":"https:\/\/nobl.cz\/kancelarsky-nabytek\/wp-json\/wp\/v2\/product_tag?post=9153"}],"curies":[{"name":"wp","href":"https:\/\/api.w.org\/{rel}","templated":true}]}}