{"id":9398,"date":"2025-05-30T16:44:32","date_gmt":"2025-05-30T15:44:32","guid":{"rendered":"https:\/\/nobl.cz\/kancelarsky-nabytek\/?post_type=product&#038;p=9398"},"modified":"2025-05-30T16:44:32","modified_gmt":"2025-05-30T15:44:32","slug":"kancelarska-zidle-flute-2","status":"publish","type":"product","link":"https:\/\/nobl.cz\/kancelarsky-nabytek\/produkt\/kancelarska-zidle-flute-2\/","title":{"rendered":"Kancel\u00e1\u0159sk\u00e1 \u017eidle FLUTE"},"content":{"rendered":"","protected":false},"excerpt":{"rendered":"<p style=\"text-align: justify;\"><strong>Charakteristika: <\/strong>Kole\u010dkov\u00e1 \u017eidle st\u0159edn\u00ed kvality s t\u0159\u00edletou z\u00e1rukou.<\/p>\n<p style=\"text-align: justify;\"><strong>Popis:<\/strong>\u00a0Oto\u010dn\u00e1 kancel\u00e1\u0159sk\u00e1 \u017eidle, v\u00fd\u0161kov\u011b staviteln\u00fd sed\u00e1k i op\u011br\u00e1k, na v\u00fdb\u011br z 11 typ\u016f podru\u010dek. P\u011btiramenn\u00fd plastov\u00fd k\u0159\u00ed\u017e s univerz\u00e1ln\u00edmi kole\u010dky.<\/p>\n<p style=\"text-align: justify;\"><a href=\"http:\/\/nobl.cz\/kancelarsky-nabytek\/kategorie-produktu\/antares\/\" rel=\"attachment wp-att-9314\"><img loading=\"lazy\" decoding=\"async\" class=\"alignnone wp-image-9314 size-full\" src=\"https:\/\/nobl.cz\/kancelarsky-nabytek\/wp-content\/uploads\/2024\/11\/logo-antares-cz.png\" alt=\"antares-logo\" width=\"211\" height=\"94\" \/><\/a><\/p>\n","protected":false},"featured_media":0,"comment_status":"open","ping_status":"closed","template":"","meta":[],"product_cat":[212],"product_tag":[],"yoast_head":"<!-- This site is optimized with the Yoast SEO plugin v17.9 - https:\/\/yoast.com\/wordpress\/plugins\/seo\/ -->\n<title>Kancel\u00e1\u0159sk\u00e1 \u017eidle FLUTE - NO+BL kancel\u00e1\u0159sk\u00fd n\u00e1bytek a kancel\u00e1\u0159sk\u00e9 \u017eidle Praha<\/title>\n<meta name=\"robots\" content=\"index, follow, max-snippet:-1, max-image-preview:large, max-video-preview:-1\" \/>\n<link rel=\"canonical\" href=\"https:\/\/nobl.cz\/kancelarsky-nabytek\/produkt\/kancelarska-zidle-flute-2\/\" \/>\n<meta property=\"og:locale\" content=\"cs_CZ\" \/>\n<meta property=\"og:type\" content=\"article\" \/>\n<meta property=\"og:title\" content=\"Kancel\u00e1\u0159sk\u00e1 \u017eidle FLUTE - NO+BL kancel\u00e1\u0159sk\u00fd n\u00e1bytek a kancel\u00e1\u0159sk\u00e9 \u017eidle Praha\" \/>\n<meta property=\"og:description\" content=\"Charakteristika: Kole\u010dkov\u00e1 \u017eidle st\u0159edn\u00ed kvality s t\u0159\u00edletou z\u00e1rukou. Popis:\u00a0Oto\u010dn\u00e1 kancel\u00e1\u0159sk\u00e1 \u017eidle, v\u00fd\u0161kov\u011b staviteln\u00fd sed\u00e1k i op\u011br\u00e1k, na v\u00fdb\u011br z 11 typ\u016f podru\u010dek. P\u011btiramenn\u00fd plastov\u00fd k\u0159\u00ed\u017e s univerz\u00e1ln\u00edmi kole\u010dky.\" \/>\n<meta property=\"og:url\" content=\"https:\/\/nobl.cz\/kancelarsky-nabytek\/produkt\/kancelarska-zidle-flute-2\/\" \/>\n<meta property=\"og:site_name\" content=\"NO+BL kancel\u00e1\u0159sk\u00fd n\u00e1bytek a kancel\u00e1\u0159sk\u00e9 \u017eidle Praha\" \/>\n<meta name=\"twitter:card\" content=\"summary\" \/>\n<script type=\"application\/ld+json\" class=\"yoast-schema-graph\">{\"@context\":\"https:\/\/schema.org\",\"@graph\":[{\"@type\":\"WebSite\",\"@id\":\"https:\/\/nobl.cz\/kancelarsky-nabytek\/#website\",\"url\":\"https:\/\/nobl.cz\/kancelarsky-nabytek\/\",\"name\":\"NO+BL kancel\\u00e1\\u0159sk\\u00fd n\\u00e1bytek a kancel\\u00e1\\u0159sk\\u00e9 \\u017eidle Praha\",\"description\":\"V\\u00e1\\u0161 prodejce kancel\\u00e1\\u0159sk\\u00e9ho n\\u00e1bytku a kancel\\u00e1\\u0159sk\\u00fdch k\\u0159esel v Praze s tradic\\u00ed ji\\u017e v\\u00edce jak 33 let. Nab\\u00edz\\u00edme tak\\u00e9 opravy kancel\\u00e1\\u0159sk\\u00fdch \\u017eidl\\u00ed.\",\"potentialAction\":[{\"@type\":\"SearchAction\",\"target\":{\"@type\":\"EntryPoint\",\"urlTemplate\":\"https:\/\/nobl.cz\/kancelarsky-nabytek\/?s={search_term_string}\"},\"query-input\":\"required name=search_term_string\"}],\"inLanguage\":\"cs\"},{\"@type\":\"WebPage\",\"@id\":\"https:\/\/nobl.cz\/kancelarsky-nabytek\/produkt\/kancelarska-zidle-flute-2\/#webpage\",\"url\":\"https:\/\/nobl.cz\/kancelarsky-nabytek\/produkt\/kancelarska-zidle-flute-2\/\",\"name\":\"Kancel\\u00e1\\u0159sk\\u00e1 \\u017eidle FLUTE - NO+BL kancel\\u00e1\\u0159sk\\u00fd n\\u00e1bytek a kancel\\u00e1\\u0159sk\\u00e9 \\u017eidle Praha\",\"isPartOf\":{\"@id\":\"https:\/\/nobl.cz\/kancelarsky-nabytek\/#website\"},\"datePublished\":\"2025-05-30T15:44:32+00:00\",\"dateModified\":\"2025-05-30T15:44:32+00:00\",\"breadcrumb\":{\"@id\":\"https:\/\/nobl.cz\/kancelarsky-nabytek\/produkt\/kancelarska-zidle-flute-2\/#breadcrumb\"},\"inLanguage\":\"cs\",\"potentialAction\":[{\"@type\":\"ReadAction\",\"target\":[\"https:\/\/nobl.cz\/kancelarsky-nabytek\/produkt\/kancelarska-zidle-flute-2\/\"]}]},{\"@type\":\"BreadcrumbList\",\"@id\":\"https:\/\/nobl.cz\/kancelarsky-nabytek\/produkt\/kancelarska-zidle-flute-2\/#breadcrumb\",\"itemListElement\":[{\"@type\":\"ListItem\",\"position\":1,\"name\":\"Dom\\u016f\",\"item\":\"https:\/\/nobl.cz\/kancelarsky-nabytek\/\"},{\"@type\":\"ListItem\",\"position\":2,\"name\":\"Zobrazen\\u00ed v\\u0161ech \\u017eidl\\u00ed\",\"item\":\"https:\/\/nobl.cz\/kancelarsky-nabytek\/vsechny-kancelarske-zidle\/\"},{\"@type\":\"ListItem\",\"position\":3,\"name\":\"Kancel\\u00e1\\u0159sk\\u00e1 \\u017eidle FLUTE\"}]}]}<\/script>\n<!-- \/ Yoast SEO plugin. -->","yoast_head_json":{"title":"Kancel\u00e1\u0159sk\u00e1 \u017eidle FLUTE - NO+BL kancel\u00e1\u0159sk\u00fd n\u00e1bytek a kancel\u00e1\u0159sk\u00e9 \u017eidle Praha","robots":{"index":"index","follow":"follow","max-snippet":"max-snippet:-1","max-image-preview":"max-image-preview:large","max-video-preview":"max-video-preview:-1"},"canonical":"https:\/\/nobl.cz\/kancelarsky-nabytek\/produkt\/kancelarska-zidle-flute-2\/","og_locale":"cs_CZ","og_type":"article","og_title":"Kancel\u00e1\u0159sk\u00e1 \u017eidle FLUTE - NO+BL kancel\u00e1\u0159sk\u00fd n\u00e1bytek a kancel\u00e1\u0159sk\u00e9 \u017eidle Praha","og_description":"Charakteristika: Kole\u010dkov\u00e1 \u017eidle st\u0159edn\u00ed kvality s t\u0159\u00edletou z\u00e1rukou. Popis:\u00a0Oto\u010dn\u00e1 kancel\u00e1\u0159sk\u00e1 \u017eidle, v\u00fd\u0161kov\u011b staviteln\u00fd sed\u00e1k i op\u011br\u00e1k, na v\u00fdb\u011br z 11 typ\u016f podru\u010dek. P\u011btiramenn\u00fd plastov\u00fd k\u0159\u00ed\u017e s univerz\u00e1ln\u00edmi kole\u010dky.","og_url":"https:\/\/nobl.cz\/kancelarsky-nabytek\/produkt\/kancelarska-zidle-flute-2\/","og_site_name":"NO+BL kancel\u00e1\u0159sk\u00fd n\u00e1bytek a kancel\u00e1\u0159sk\u00e9 \u017eidle Praha","twitter_card":"summary","schema":{"@context":"https:\/\/schema.org","@graph":[{"@type":"WebSite","@id":"https:\/\/nobl.cz\/kancelarsky-nabytek\/#website","url":"https:\/\/nobl.cz\/kancelarsky-nabytek\/","name":"NO+BL kancel\u00e1\u0159sk\u00fd n\u00e1bytek a kancel\u00e1\u0159sk\u00e9 \u017eidle Praha","description":"V\u00e1\u0161 prodejce kancel\u00e1\u0159sk\u00e9ho n\u00e1bytku a kancel\u00e1\u0159sk\u00fdch k\u0159esel v Praze s tradic\u00ed ji\u017e v\u00edce jak 33 let. Nab\u00edz\u00edme tak\u00e9 opravy kancel\u00e1\u0159sk\u00fdch \u017eidl\u00ed.","potentialAction":[{"@type":"SearchAction","target":{"@type":"EntryPoint","urlTemplate":"https:\/\/nobl.cz\/kancelarsky-nabytek\/?s={search_term_string}"},"query-input":"required name=search_term_string"}],"inLanguage":"cs"},{"@type":"WebPage","@id":"https:\/\/nobl.cz\/kancelarsky-nabytek\/produkt\/kancelarska-zidle-flute-2\/#webpage","url":"https:\/\/nobl.cz\/kancelarsky-nabytek\/produkt\/kancelarska-zidle-flute-2\/","name":"Kancel\u00e1\u0159sk\u00e1 \u017eidle FLUTE - NO+BL kancel\u00e1\u0159sk\u00fd n\u00e1bytek a kancel\u00e1\u0159sk\u00e9 \u017eidle Praha","isPartOf":{"@id":"https:\/\/nobl.cz\/kancelarsky-nabytek\/#website"},"datePublished":"2025-05-30T15:44:32+00:00","dateModified":"2025-05-30T15:44:32+00:00","breadcrumb":{"@id":"https:\/\/nobl.cz\/kancelarsky-nabytek\/produkt\/kancelarska-zidle-flute-2\/#breadcrumb"},"inLanguage":"cs","potentialAction":[{"@type":"ReadAction","target":["https:\/\/nobl.cz\/kancelarsky-nabytek\/produkt\/kancelarska-zidle-flute-2\/"]}]},{"@type":"BreadcrumbList","@id":"https:\/\/nobl.cz\/kancelarsky-nabytek\/produkt\/kancelarska-zidle-flute-2\/#breadcrumb","itemListElement":[{"@type":"ListItem","position":1,"name":"Dom\u016f","item":"https:\/\/nobl.cz\/kancelarsky-nabytek\/"},{"@type":"ListItem","position":2,"name":"Zobrazen\u00ed v\u0161ech \u017eidl\u00ed","item":"https:\/\/nobl.cz\/kancelarsky-nabytek\/vsechny-kancelarske-zidle\/"},{"@type":"ListItem","position":3,"name":"Kancel\u00e1\u0159sk\u00e1 \u017eidle FLUTE"}]}]}},"_links":{"self":[{"href":"https:\/\/nobl.cz\/kancelarsky-nabytek\/wp-json\/wp\/v2\/product\/9398"}],"collection":[{"href":"https:\/\/nobl.cz\/kancelarsky-nabytek\/wp-json\/wp\/v2\/product"}],"about":[{"href":"https:\/\/nobl.cz\/kancelarsky-nabytek\/wp-json\/wp\/v2\/types\/product"}],"replies":[{"embeddable":true,"href":"https:\/\/nobl.cz\/kancelarsky-nabytek\/wp-json\/wp\/v2\/comments?post=9398"}],"wp:attachment":[{"href":"https:\/\/nobl.cz\/kancelarsky-nabytek\/wp-json\/wp\/v2\/media?parent=9398"}],"wp:term":[{"taxonomy":"product_cat","embeddable":true,"href":"https:\/\/nobl.cz\/kancelarsky-nabytek\/wp-json\/wp\/v2\/product_cat?post=9398"},{"taxonomy":"product_tag","embeddable":true,"href":"https:\/\/nobl.cz\/kancelarsky-nabytek\/wp-json\/wp\/v2\/product_tag?post=9398"}],"curies":[{"name":"wp","href":"https:\/\/api.w.org\/{rel}","templated":true}]}}